{"id":281495,"date":"2024-06-26T14:51:59","date_gmt":"2024-06-26T12:51:59","guid":{"rendered":"https:\/\/dhcp205002.cbm.uam.es\/index.php\/empleo-y-formacion\/formacion-en-el-cbm\/"},"modified":"2025-02-21T13:36:48","modified_gmt":"2025-02-21T12:36:48","slug":"formacion-en-el-cbm","status":"publish","type":"page","link":"https:\/\/www.cbm.uam.es\/index.php\/careers-and-training\/formacion-en-el-cbm\/?lang=es","title":{"rendered":"Vive el CBM"},"content":{"rendered":"<p>[et_pb_section fb_built=&#8221;1&#8243; _builder_version=&#8221;4.25.2&#8243; _module_preset=&#8221;default&#8221; background_color=&#8221;#34609B&#8221; background_image=&#8221;https:\/\/www.cbm.uam.es\/wp-content\/uploads\/2024\/07\/2024-07-03-Edificio-Vistas-04-3500px-scaled.jpeg&#8221; background_position=&#8221;bottom_center&#8221; background_vertical_offset=&#8221;35%&#8221; min_height=&#8221;352px&#8221; height=&#8221;294px&#8221; da_disable_devices=&#8221;off|off|off&#8221; global_colors_info=&#8221;{}&#8221; da_is_popup=&#8221;off&#8221; da_exit_intent=&#8221;off&#8221; da_has_close=&#8221;on&#8221; da_alt_close=&#8221;off&#8221; da_dark_close=&#8221;off&#8221; da_not_modal=&#8221;on&#8221; da_is_singular=&#8221;off&#8221; da_with_loader=&#8221;off&#8221; da_has_shadow=&#8221;on&#8221;][et_pb_row column_structure=&#8221;2_5,3_5&#8243; use_custom_gutter=&#8221;on&#8221; gutter_width=&#8221;4&#8243; _builder_version=&#8221;4.23.4&#8243; _module_preset=&#8221;default&#8221; background_color=&#8221;RGBA(255,255,255,0)&#8221; custom_margin=&#8221;61px||||false|false&#8221; custom_padding=&#8221;||||false|false&#8221; global_colors_info=&#8221;{}&#8221;][et_pb_column type=&#8221;2_5&#8243; _builder_version=&#8221;4.23.4&#8243; _module_preset=&#8221;default&#8221; background_color=&#8221;rgba(52,96,155,0.83)&#8221; custom_padding=&#8221;50px||50px|50px|false|false&#8221; border_radii=&#8221;on|15px|15px|15px|15px&#8221; global_colors_info=&#8221;{}&#8221;][et_pb_text _builder_version=&#8221;4.25.2&#8243; _module_preset=&#8221;default&#8221; text_text_color=&#8221;#FFFFFF&#8221; custom_margin=&#8221;0px||10px||false|false&#8221; custom_padding=&#8221;0px||0px||false|false&#8221; global_colors_info=&#8221;{}&#8221;]<\/p>\n<p>Empleo y formaci\u00f3n<\/p>\n<p>[\/et_pb_text][et_pb_heading title=&#8221;Vive el CBM&#8221; _builder_version=&#8221;4.25.2&#8243; _module_preset=&#8221;default&#8221; title_font=&#8221;Montserrat||||||||&#8221; title_text_color=&#8221;#FFFFFF&#8221; title_font_size=&#8221;43px&#8221; title_font_size_tablet=&#8221;43px&#8221; title_font_size_phone=&#8221;35px&#8221; title_font_size_last_edited=&#8221;on|phone&#8221; global_colors_info=&#8221;{}&#8221;][\/et_pb_heading][\/et_pb_column][et_pb_column type=&#8221;3_5&#8243; _builder_version=&#8221;4.23.4&#8243; _module_preset=&#8221;default&#8221; custom_padding=&#8221;157px||||false|false&#8221; custom_padding_tablet=&#8221;157px||||false|false&#8221; custom_padding_phone=&#8221;40px||||false|false&#8221; custom_padding_last_edited=&#8221;on|desktop&#8221; global_colors_info=&#8221;{}&#8221;][et_pb_menu menu_id=&#8221;13&#8243; active_link_color=&#8221;#34609B&#8221; dropdown_menu_bg_color=&#8221;#FFFFFF&#8221; _builder_version=&#8221;4.25.2&#8243; _module_preset=&#8221;default&#8221; custom_margin=&#8221;-19px||||false|false&#8221; global_colors_info=&#8221;{}&#8221; menu_text_color__hover_enabled=&#8221;on|desktop&#8221; menu_text_color__hover=&#8221;#13B5BD&#8221;][\/et_pb_menu][\/et_pb_column][\/et_pb_row][\/et_pb_section][et_pb_section fb_built=&#8221;1&#8243; _builder_version=&#8221;4.23.4&#8243; _module_preset=&#8221;default&#8221; background_enable_image=&#8221;off&#8221; background_size=&#8221;custom&#8221; background_image_height=&#8221;84%&#8221; background_position=&#8221;bottom_right&#8221; custom_margin=&#8221;50px||||false|false&#8221; da_disable_devices=&#8221;off|off|off&#8221; global_colors_info=&#8221;{}&#8221; da_is_popup=&#8221;off&#8221; da_exit_intent=&#8221;off&#8221; da_has_close=&#8221;on&#8221; da_alt_close=&#8221;off&#8221; da_dark_close=&#8221;off&#8221; da_not_modal=&#8221;on&#8221; da_is_singular=&#8221;off&#8221; da_with_loader=&#8221;off&#8221; da_has_shadow=&#8221;on&#8221;][et_pb_row _builder_version=&#8221;4.23.4&#8243; _module_preset=&#8221;default&#8221; global_colors_info=&#8221;{}&#8221;][et_pb_column type=&#8221;4_4&#8243; _builder_version=&#8221;4.23.4&#8243; _module_preset=&#8221;default&#8221; global_colors_info=&#8221;{}&#8221;][\/et_pb_column][\/et_pb_row][et_pb_row _builder_version=&#8221;4.25.2&#8243; _module_preset=&#8221;default&#8221; global_colors_info=&#8221;{}&#8221;][et_pb_column type=&#8221;4_4&#8243; _builder_version=&#8221;4.25.2&#8243; _module_preset=&#8221;default&#8221; global_colors_info=&#8221;{}&#8221;][et_pb_text _builder_version=&#8221;4.27.3&#8243; _module_preset=&#8221;default&#8221; inline_fonts=&#8221;Noto Sans&#8221; global_colors_info=&#8221;{}&#8221;]<\/p>\n<p>El CBM destaca por su vibrante y activa comunidad de estudiantes, investigadores en formaci\u00f3n y senior. En sus instalaciones, convergen estudiantes de diversos niveles educativos, incluyendo estudiantes de grado, de m\u00e1ster y de doctorado, todos ellos comprometidos con el avance del conocimiento en el campo de la biolog\u00eda molecular.<\/p>\n<p>Adem\u00e1s, el CBM recibe regularmente visitantes de otros centros de investigaci\u00f3n y universidades, as\u00ed como estudiantes que realizan pr\u00e1cticas externas procedentes de distintas partes de Espa\u00f1a, Europa y el resto del mundo. Esta diversidad no solo enriquece el ambiente acad\u00e9mico y cient\u00edfico del CBM, sino que tambi\u00e9n fomenta el intercambio de ideas y la colaboraci\u00f3n internacional.<\/p>\n<p>Los investigadores y estudiantes del CBM tienen la oportunidad de trabajar en proyectos punteros con el apoyo de expertos en diversas \u00e1reas de la biolog\u00eda molecular, lo que les permite adquirir una formaci\u00f3n y unos conocimientos pr\u00e1cticos y te\u00f3ricos de alto nivel. La colaboraci\u00f3n con investigadores experimentados y la participaci\u00f3n en seminarios, talleres y conferencias forman parte integral del desarrollo acad\u00e9mico de nuestra comunidad, proporcion\u00e1ndoles una s\u00f3lida base para su carrera cient\u00edfica. <\/p>\n<p>En resumen, el CBM no solo es un centro de excelencia en investigaci\u00f3n, sino tambi\u00e9n un punto de encuentro din\u00e1mico para la pr\u00f3xima generaci\u00f3n de cient\u00edficos, consolidando su reputaci\u00f3n como un lugar donde el conocimiento y la innovaci\u00f3n se desarrollan y florecen constantemente.<span style=\"font-family: Noto Sans; font-weight: normal;\"><\/span><span style=\"font-family: Noto Sans; font-weight: normal;\"><\/span><span style=\"font-family: Noto Sans; font-weight: normal;\"><\/span><span style=\"font-family: Noto Sans; font-weight: normal;\"><\/span><\/p>\n<p>[\/et_pb_text][et_pb_accordion open_toggle_text_color=&#8221;#34609B&#8221; closed_toggle_background_color=&#8221;#008C93&#8243; toggle_icon=&#8221;&#xf493;||fa||900&#8243; _builder_version=&#8221;4.27.4&#8243; _module_preset=&#8221;default&#8221; toggle_text_color=&#8221;#FFFFFF&#8221; animation_style=&#8221;fold&#8221; animation_direction=&#8221;top&#8221; hover_enabled=&#8221;0&#8243; global_colors_info=&#8221;{}&#8221; sticky_enabled=&#8221;0&#8243;][et_pb_accordion_item title=&#8221;Vacio&#8221; open=&#8221;on&#8221; _builder_version=&#8221;4.25.2&#8243; _module_preset=&#8221;default&#8221; custom_css_main_element=&#8221;display: none;&#8221; global_colors_info=&#8221;{}&#8221;][\/et_pb_accordion_item][et_pb_accordion_item title=&#8221;Centro de Excelencia Severo Ochoa&#8221; closed_toggle_background_color=&#8221;#34609B&#8221; icon_color=&#8221;#FFFFFF&#8221; toggle_icon=&#8221;&#xf19d;||fa||900&#8243; _builder_version=&#8221;4.27.3&#8243; _module_preset=&#8221;default&#8221; global_colors_info=&#8221;{}&#8221; open=&#8221;off&#8221;]<\/p>\n<div id=\"block-vartheme-aei-page-title\" class=\"block block-core block-page-title-block\">\n<div class=\"content\">\n<p class=\"title\">El CBM ha recibido la acreditaci\u00f3n de Centro de Excelencia Severo Ochoa en 2023. Se trata de una iniciativa del Gobierno espa\u00f1ol a trav\u00e9s de su Agencia Estatal de Investigaci\u00f3n. Busca el fortalecimiento institucional de centros de investigaci\u00f3n cuyo liderazgo cient\u00edfico est\u00e9 contrastado a nivel internacional, con capacidades para contribuir decisivamente al avance de nuestro conocimiento y generar resultados de alto impacto, as\u00ed como ejercer un efecto tractor sobre el Sistema Espa\u00f1ol de Ciencia, Tecnolog\u00eda e Innovaci\u00f3n.  <\/p>\n<\/div>\n<\/div>\n<div id=\"block-vartheme-aei-content\" class=\"block block-system block-system-main-block\">\n<div class=\"content\">\n<div class=\"views-element-container\">\n<div class=\"view view-centers-units-excellence view-id-centers_units_excellence view-display-id-page_1 js-view-dom-id-10b3e5aa056693d69d5aadf6d08bba6b21f09a31d3832669e1f7d925131f335c\">\n<div class=\"view-header\">\n<p>Esta acreditaci\u00f3n se basa en nuestras caracter\u00edsticas y logros de los \u00faltimos a\u00f1os. El premio viene acompa\u00f1ado de apoyo financiero para nuestro plan estrat\u00e9gico durante un periodo de cuatro a\u00f1os (2023 -2027). Adem\u00e1s, nos beneficiamos de becas para la formaci\u00f3n de doctores e investigadores postdoctorales que llevar\u00e1n a cabo su formaci\u00f3n en el CBM.  <\/p>\n<p>La selecci\u00f3n de los centros acreditados se realiza mediante un proceso competitivo basado en est\u00e1ndares internacionales, con la participaci\u00f3n de comit\u00e9s cient\u00edficos formados por expertos internacionales, independientes y de reconocido prestigio. Se analizaron cuestiones como la organizaci\u00f3n del CBM y nuestra financiaci\u00f3n, los resultados de investigaci\u00f3n obtenidos, la formaci\u00f3n y los recursos humanos, o el liderazgo internacional en el periodo de referencia, as\u00ed como el diagn\u00f3stico, perspectivas, objetivos y acciones de nuestro plan estrat\u00e9gico para los pr\u00f3ximos cuatro a\u00f1os respecto a estos y otros aspectos. <\/p>\n<p>Esta acreditaci\u00f3n contribuir\u00e1 decisivamente a aumentar nuestra visibilidad internacional, as\u00ed como el impacto cient\u00edfico, social y econ\u00f3mico de los resultados de nuestra investigaci\u00f3n, contribuyendo as\u00ed a la atracci\u00f3n de talento y al liderazgo de la investigaci\u00f3n espa\u00f1ola.<\/p>\n<\/div>\n<\/div>\n<\/div>\n<\/div>\n<\/div>\n<p>[\/et_pb_accordion_item][et_pb_accordion_item title=&#8221;Distintivo de Igualdad CSIC&#8221; open_toggle_background_color=&#8221;#FFFFFF&#8221; closed_toggle_background_color=&#8221;#008C93&#8243; icon_color=&#8221;#FFFFFF&#8221; toggle_icon=&#8221;&#xe081;||divi||400&#8243; _builder_version=&#8221;4.27.3&#8243; _module_preset=&#8221;default&#8221; global_colors_info=&#8221;{}&#8221; open=&#8221;off&#8221;]<\/p>\n<p>El CBM recibi\u00f3 en 2021 el Distintivo de Igualdad del CSIC. Nuestra candidatura fue preparada por nuestro comit\u00e9 de Igualdad, cuyos miembros trabajan activamente para lograr plenamente una cultura de igualdad, diversidad e inclusi\u00f3n en el CBM. <\/p>\n<p>El Distintivo de Igualdad del CSIC es una iniciativa del CDI y la Comisi\u00f3n Mujer y Ciencia, puesta en marcha en 2018 para destacar y reconocer a aquellos institutos, centros y unidades del CSIC que hayan desarrollado una actividad relevante en materia de igualdad, contribuyendo as\u00ed a impulsar la perspectiva de g\u00e9nero como categor\u00eda transversal en todos los aspectos del funcionamiento del CSIC y avanzar en el impulso de medidas dirigidas a eliminar las barreras que las mujeres encuentran en el ejercicio de su profesi\u00f3n.<\/p>\n<p>Toda la informaci\u00f3n sobre los objetivos y actividades de nuestro comit\u00e9 de Igualdad <a href=\"https:\/\/www.cbm.uam.es\/index.php\/quienes-somos\/comite-de-igualdad\/?lang=es\">se encuentra aqu\u00ed<\/a>.<\/p>\n<p>[\/et_pb_accordion_item][et_pb_accordion_item title=&#8221;Pack de Bienvenida &amp; informaci\u00f3n importante&#8221; closed_toggle_background_color=&#8221;#34609B&#8221; icon_color=&#8221;#FFFFFF&#8221; toggle_icon=&#8221;&#xf19d;||fa||900&#8243; _builder_version=&#8221;4.27.4&#8243; _module_preset=&#8221;default&#8221; hover_enabled=&#8221;0&#8243; global_colors_info=&#8221;{}&#8221; open=&#8221;off&#8221; sticky_enabled=&#8221;0&#8243;]<\/p>\n<h3 style=\"font-weight: 400;\"><strong>Manual de Bienvenida del CBM<\/strong><\/h3>\n<p><a href=\"\/wp-content\/uploads\/2024\/12\/CBM-Manual-de-bienvenida.pdf\" target=\"_blank\" rel=\"noopener\">Descargar el manual de bienvenida<\/a><\/p>\n<p><strong><\/strong><\/p>\n<h3><strong>Qu\u00e9 hacer en caso de emergencia<\/strong><\/h3>\n<p style=\"font-weight: 400;\"><a href=\"\/wp-content\/uploads\/2024\/12\/CBM-Emergencias.pdf\" target=\"_blank\" rel=\"noopener\">Descargar el documento<\/a><\/p>\n<h3 style=\"font-weight: 400;\"><strong><\/strong><\/h3>\n<h3 style=\"font-weight: 400;\"><strong>Manual de bienvenida del CSIC al personal extranjero<\/strong><\/h3>\n<p style=\"font-weight: 400;\"><a href=\"https:\/\/www.csic.es\/es\/internacional\/aterrizar-en-el-csic\" target=\"_blank\" rel=\"noopener\">Aterrizar en el CSIC | Consejo Superior de Investigaciones Cient\u00edficas <\/a><span>(ES)<\/span><\/p>\n<p style=\"font-weight: 400;\">Esta es una <strong>gu\u00eda orientativa b\u00e1sica<\/strong>, de apoyo a personas nacionales y extranjeras procedentes de fuera de Espa\u00f1a, que se incorporen o deseen incorporarse a la instituci\u00f3n por las diferentes v\u00edas de acceso, as\u00ed como a aquellas que realicen estancias de investigaci\u00f3n, en cuestiones tales como <strong>documentaci\u00f3n necesaria en Espa\u00f1a<\/strong>, informaci\u00f3n relevante para <strong>trabajar en el CSIC<\/strong> o informaci\u00f3n clave para <strong>vivir en Espa\u00f1a<\/strong>.<\/p>\n<p style=\"font-weight: 400;\">\n<p style=\"font-weight: 400;\"><a href=\"\/wp-content\/uploads\/2025\/02\/CSIC-Manual-de-bienvenida-2025_1.pdf\" target=\"_blank\" rel=\"noopener\">Manual de Bienvenida CSIC 2025<\/a><\/p>\n<p>[\/et_pb_accordion_item][\/et_pb_accordion][\/et_pb_column][\/et_pb_row][\/et_pb_section]<\/p>\n","protected":false},"excerpt":{"rendered":"<p>Empleo y formaci\u00f3nEl CBM destaca por su vibrante y activa comunidad de estudiantes, investigadores en formaci\u00f3n y senior. En sus instalaciones, convergen estudiantes de diversos niveles educativos, incluyendo estudiantes de [&hellip;]<\/p>\n","protected":false},"author":3,"featured_media":0,"parent":281440,"menu_order":0,"comment_status":"closed","ping_status":"closed","template":"","meta":{"_et_pb_use_builder":"on","_et_pb_old_content":"","_et_gb_content_width":"","footnotes":""},"class_list":["post-281495","page","type-page","status-publish","hentry"],"yoast_head":"<!-- This site is optimized with the Yoast SEO plugin v27.3 - https:\/\/yoast.com\/product\/yoast-seo-wordpress\/ -->\n<title>Vive el CBM - Centro de Biolog\u00eda Molecular Severo Ochoa<\/title>\n<meta name=\"robots\" content=\"index, follow, max-snippet:-1, max-image-preview:large, max-video-preview:-1\" \/>\n<link rel=\"canonical\" href=\"https:\/\/www.cbm.uam.es\/index.php\/careers-and-training\/live-the-cbm\/\" \/>\n<meta property=\"og:locale\" content=\"en_US\" \/>\n<meta property=\"og:type\" content=\"article\" \/>\n<meta property=\"og:title\" content=\"Vive el CBM - Centro de Biolog\u00eda Molecular Severo Ochoa\" \/>\n<meta property=\"og:description\" content=\"Empleo y formaci\u00f3nEl CBM destaca por su vibrante y activa comunidad de estudiantes, investigadores en formaci\u00f3n y senior. En sus instalaciones, convergen estudiantes de diversos niveles educativos, incluyendo estudiantes de [&hellip;]\" \/>\n<meta property=\"og:url\" content=\"https:\/\/www.cbm.uam.es\/index.php\/careers-and-training\/live-the-cbm\/\" \/>\n<meta property=\"og:site_name\" content=\"Centro de Biolog\u00eda Molecular Severo Ochoa\" \/>\n<meta property=\"article:modified_time\" content=\"2025-02-21T12:36:48+00:00\" \/>\n<meta name=\"twitter:card\" content=\"summary_large_image\" \/>\n<script type=\"application\/ld+json\" class=\"yoast-schema-graph\">{\"@context\":\"https:\\\/\\\/schema.org\",\"@graph\":[{\"@type\":\"WebPage\",\"@id\":\"https:\\\/\\\/www.cbm.uam.es\\\/index.php\\\/careers-and-training\\\/live-the-cbm\\\/\",\"url\":\"https:\\\/\\\/www.cbm.uam.es\\\/index.php\\\/careers-and-training\\\/live-the-cbm\\\/\",\"name\":\"Vive el CBM - Centro de Biolog\u00eda Molecular Severo Ochoa\",\"isPartOf\":{\"@id\":\"https:\\\/\\\/www.cbm.uam.es\\\/?lang=es\\\/#website\"},\"datePublished\":\"2024-06-26T12:51:59+00:00\",\"dateModified\":\"2025-02-21T12:36:48+00:00\",\"breadcrumb\":{\"@id\":\"https:\\\/\\\/www.cbm.uam.es\\\/index.php\\\/careers-and-training\\\/live-the-cbm\\\/#breadcrumb\"},\"inLanguage\":\"en-US\",\"potentialAction\":[{\"@type\":\"ReadAction\",\"target\":[\"https:\\\/\\\/www.cbm.uam.es\\\/index.php\\\/careers-and-training\\\/live-the-cbm\\\/\"]}]},{\"@type\":\"BreadcrumbList\",\"@id\":\"https:\\\/\\\/www.cbm.uam.es\\\/index.php\\\/careers-and-training\\\/live-the-cbm\\\/#breadcrumb\",\"itemListElement\":[{\"@type\":\"ListItem\",\"position\":1,\"name\":\"Portada\",\"item\":\"https:\\\/\\\/www.cbm.uam.es\\\/\"},{\"@type\":\"ListItem\",\"position\":2,\"name\":\"Empleo y formaci\u00f3n\",\"item\":\"https:\\\/\\\/www.cbm.uam.es\\\/index.php\\\/careers-and-training\\\/\"},{\"@type\":\"ListItem\",\"position\":3,\"name\":\"Vive el CBM\"}]},{\"@type\":\"WebSite\",\"@id\":\"https:\\\/\\\/www.cbm.uam.es\\\/?lang=es\\\/#website\",\"url\":\"https:\\\/\\\/www.cbm.uam.es\\\/?lang=es\\\/\",\"name\":\"Centro de Biolog\u00eda Molecular Severo Ochoa\",\"description\":\"Official website of the CBM, CSIC - UAM. Biomedical research centre.\",\"publisher\":{\"@id\":\"https:\\\/\\\/www.cbm.uam.es\\\/?lang=es\\\/#organization\"},\"potentialAction\":[{\"@type\":\"SearchAction\",\"target\":{\"@type\":\"EntryPoint\",\"urlTemplate\":\"https:\\\/\\\/www.cbm.uam.es\\\/?lang=es\\\/?s={search_term_string}\"},\"query-input\":{\"@type\":\"PropertyValueSpecification\",\"valueRequired\":true,\"valueName\":\"search_term_string\"}}],\"inLanguage\":\"en-US\"},{\"@type\":\"Organization\",\"@id\":\"https:\\\/\\\/www.cbm.uam.es\\\/?lang=es\\\/#organization\",\"name\":\"Centro de Biolog\u00eda Molecular Severo Ochoa\",\"url\":\"https:\\\/\\\/www.cbm.uam.es\\\/?lang=es\\\/\",\"logo\":{\"@type\":\"ImageObject\",\"inLanguage\":\"en-US\",\"@id\":\"https:\\\/\\\/www.cbm.uam.es\\\/?lang=es\\\/#\\\/schema\\\/logo\\\/image\\\/\",\"url\":\"https:\\\/\\\/www.cbm.uam.es\\\/wp-content\\\/uploads\\\/2024\\\/11\\\/Logo-CBM-color-fondo-transparente.png\",\"contentUrl\":\"https:\\\/\\\/www.cbm.uam.es\\\/wp-content\\\/uploads\\\/2024\\\/11\\\/Logo-CBM-color-fondo-transparente.png\",\"width\":800,\"height\":342,\"caption\":\"Centro de Biolog\u00eda Molecular Severo Ochoa\"},\"image\":{\"@id\":\"https:\\\/\\\/www.cbm.uam.es\\\/?lang=es\\\/#\\\/schema\\\/logo\\\/image\\\/\"}}]}<\/script>\n<!-- \/ Yoast SEO plugin. -->","yoast_head_json":{"title":"Vive el CBM - Centro de Biolog\u00eda Molecular Severo Ochoa","robots":{"index":"index","follow":"follow","max-snippet":"max-snippet:-1","max-image-preview":"max-image-preview:large","max-video-preview":"max-video-preview:-1"},"canonical":"https:\/\/www.cbm.uam.es\/index.php\/careers-and-training\/live-the-cbm\/","og_locale":"en_US","og_type":"article","og_title":"Vive el CBM - Centro de Biolog\u00eda Molecular Severo Ochoa","og_description":"Empleo y formaci\u00f3nEl CBM destaca por su vibrante y activa comunidad de estudiantes, investigadores en formaci\u00f3n y senior. En sus instalaciones, convergen estudiantes de diversos niveles educativos, incluyendo estudiantes de [&hellip;]","og_url":"https:\/\/www.cbm.uam.es\/index.php\/careers-and-training\/live-the-cbm\/","og_site_name":"Centro de Biolog\u00eda Molecular Severo Ochoa","article_modified_time":"2025-02-21T12:36:48+00:00","twitter_card":"summary_large_image","schema":{"@context":"https:\/\/schema.org","@graph":[{"@type":"WebPage","@id":"https:\/\/www.cbm.uam.es\/index.php\/careers-and-training\/live-the-cbm\/","url":"https:\/\/www.cbm.uam.es\/index.php\/careers-and-training\/live-the-cbm\/","name":"Vive el CBM - Centro de Biolog\u00eda Molecular Severo Ochoa","isPartOf":{"@id":"https:\/\/www.cbm.uam.es\/?lang=es\/#website"},"datePublished":"2024-06-26T12:51:59+00:00","dateModified":"2025-02-21T12:36:48+00:00","breadcrumb":{"@id":"https:\/\/www.cbm.uam.es\/index.php\/careers-and-training\/live-the-cbm\/#breadcrumb"},"inLanguage":"en-US","potentialAction":[{"@type":"ReadAction","target":["https:\/\/www.cbm.uam.es\/index.php\/careers-and-training\/live-the-cbm\/"]}]},{"@type":"BreadcrumbList","@id":"https:\/\/www.cbm.uam.es\/index.php\/careers-and-training\/live-the-cbm\/#breadcrumb","itemListElement":[{"@type":"ListItem","position":1,"name":"Portada","item":"https:\/\/www.cbm.uam.es\/"},{"@type":"ListItem","position":2,"name":"Empleo y formaci\u00f3n","item":"https:\/\/www.cbm.uam.es\/index.php\/careers-and-training\/"},{"@type":"ListItem","position":3,"name":"Vive el CBM"}]},{"@type":"WebSite","@id":"https:\/\/www.cbm.uam.es\/?lang=es\/#website","url":"https:\/\/www.cbm.uam.es\/?lang=es\/","name":"Centro de Biolog\u00eda Molecular Severo Ochoa","description":"Official website of the CBM, CSIC - UAM. Biomedical research centre.","publisher":{"@id":"https:\/\/www.cbm.uam.es\/?lang=es\/#organization"},"potentialAction":[{"@type":"SearchAction","target":{"@type":"EntryPoint","urlTemplate":"https:\/\/www.cbm.uam.es\/?lang=es\/?s={search_term_string}"},"query-input":{"@type":"PropertyValueSpecification","valueRequired":true,"valueName":"search_term_string"}}],"inLanguage":"en-US"},{"@type":"Organization","@id":"https:\/\/www.cbm.uam.es\/?lang=es\/#organization","name":"Centro de Biolog\u00eda Molecular Severo Ochoa","url":"https:\/\/www.cbm.uam.es\/?lang=es\/","logo":{"@type":"ImageObject","inLanguage":"en-US","@id":"https:\/\/www.cbm.uam.es\/?lang=es\/#\/schema\/logo\/image\/","url":"https:\/\/www.cbm.uam.es\/wp-content\/uploads\/2024\/11\/Logo-CBM-color-fondo-transparente.png","contentUrl":"https:\/\/www.cbm.uam.es\/wp-content\/uploads\/2024\/11\/Logo-CBM-color-fondo-transparente.png","width":800,"height":342,"caption":"Centro de Biolog\u00eda Molecular Severo Ochoa"},"image":{"@id":"https:\/\/www.cbm.uam.es\/?lang=es\/#\/schema\/logo\/image\/"}}]}},"_links":{"self":[{"href":"https:\/\/www.cbm.uam.es\/index.php\/wp-json\/wp\/v2\/pages\/281495","targetHints":{"allow":["GET"]}}],"collection":[{"href":"https:\/\/www.cbm.uam.es\/index.php\/wp-json\/wp\/v2\/pages"}],"about":[{"href":"https:\/\/www.cbm.uam.es\/index.php\/wp-json\/wp\/v2\/types\/page"}],"author":[{"embeddable":true,"href":"https:\/\/www.cbm.uam.es\/index.php\/wp-json\/wp\/v2\/users\/3"}],"replies":[{"embeddable":true,"href":"https:\/\/www.cbm.uam.es\/index.php\/wp-json\/wp\/v2\/comments?post=281495"}],"version-history":[{"count":0,"href":"https:\/\/www.cbm.uam.es\/index.php\/wp-json\/wp\/v2\/pages\/281495\/revisions"}],"up":[{"embeddable":true,"href":"https:\/\/www.cbm.uam.es\/index.php\/wp-json\/wp\/v2\/pages\/281440"}],"wp:attachment":[{"href":"https:\/\/www.cbm.uam.es\/index.php\/wp-json\/wp\/v2\/media?parent=281495"}],"curies":[{"name":"wp","href":"https:\/\/api.w.org\/{rel}","templated":true}]}}