{"id":281595,"date":"2024-07-08T16:04:31","date_gmt":"2024-07-08T14:04:31","guid":{"rendered":"https:\/\/dhcp205002.cbm.uam.es\/index.php\/empleo-y-formacion\/practicas-y-becas\/"},"modified":"2026-02-02T15:33:44","modified_gmt":"2026-02-02T14:33:44","slug":"practicas-y-becas","status":"publish","type":"page","link":"https:\/\/www.cbm.uam.es\/index.php\/careers-and-training\/practicas-y-becas\/?lang=es","title":{"rendered":"Pr\u00e1cticas y becas"},"content":{"rendered":"<p>[et_pb_section fb_built=&#8221;1&#8243; _builder_version=&#8221;4.25.2&#8243; _module_preset=&#8221;default&#8221; background_color=&#8221;#34609B&#8221; background_image=&#8221;https:\/\/www.cbm.uam.es\/wp-content\/uploads\/2024\/02\/publica_low.jpg&#8221; background_position=&#8221;bottom_center&#8221; background_vertical_offset=&#8221;35%&#8221; min_height=&#8221;352px&#8221; height=&#8221;294px&#8221; da_disable_devices=&#8221;off|off|off&#8221; global_colors_info=&#8221;{}&#8221; da_is_popup=&#8221;off&#8221; da_exit_intent=&#8221;off&#8221; da_has_close=&#8221;on&#8221; da_alt_close=&#8221;off&#8221; da_dark_close=&#8221;off&#8221; da_not_modal=&#8221;on&#8221; da_is_singular=&#8221;off&#8221; da_with_loader=&#8221;off&#8221; da_has_shadow=&#8221;on&#8221;][et_pb_row column_structure=&#8221;2_5,3_5&#8243; use_custom_gutter=&#8221;on&#8221; gutter_width=&#8221;4&#8243; _builder_version=&#8221;4.23.4&#8243; _module_preset=&#8221;default&#8221; background_color=&#8221;RGBA(255,255,255,0)&#8221; custom_margin=&#8221;61px||||false|false&#8221; custom_padding=&#8221;||||false|false&#8221; global_colors_info=&#8221;{}&#8221;][et_pb_column type=&#8221;2_5&#8243; _builder_version=&#8221;4.23.4&#8243; _module_preset=&#8221;default&#8221; background_color=&#8221;rgba(52,96,155,0.83)&#8221; custom_padding=&#8221;50px||50px|50px|false|false&#8221; border_radii=&#8221;on|15px|15px|15px|15px&#8221; global_colors_info=&#8221;{}&#8221;][et_pb_text _builder_version=&#8221;4.25.2&#8243; _module_preset=&#8221;default&#8221; text_text_color=&#8221;#FFFFFF&#8221; custom_margin=&#8221;0px||10px||false|false&#8221; custom_padding=&#8221;0px||0px||false|false&#8221; global_colors_info=&#8221;{}&#8221;]<\/p>\n<p>Empleo y formaci\u00f3n<\/p>\n<p>[\/et_pb_text][et_pb_heading title=&#8221;Pr\u00e1cticas y becas&#8221; _builder_version=&#8221;4.25.2&#8243; _module_preset=&#8221;default&#8221; title_font=&#8221;Montserrat||||||||&#8221; title_text_color=&#8221;#FFFFFF&#8221; title_font_size=&#8221;43px&#8221; title_font_size_tablet=&#8221;43px&#8221; title_font_size_phone=&#8221;35px&#8221; title_font_size_last_edited=&#8221;on|phone&#8221; global_colors_info=&#8221;{}&#8221;][\/et_pb_heading][\/et_pb_column][et_pb_column type=&#8221;3_5&#8243; _builder_version=&#8221;4.23.4&#8243; _module_preset=&#8221;default&#8221; custom_padding=&#8221;157px||||false|false&#8221; custom_padding_tablet=&#8221;157px||||false|false&#8221; custom_padding_phone=&#8221;40px||||false|false&#8221; custom_padding_last_edited=&#8221;on|desktop&#8221; global_colors_info=&#8221;{}&#8221;][et_pb_menu menu_id=&#8221;13&#8243; active_link_color=&#8221;#34609B&#8221; dropdown_menu_bg_color=&#8221;#FFFFFF&#8221; _builder_version=&#8221;4.23.4&#8243; _module_preset=&#8221;default&#8221; custom_margin=&#8221;-19px||||false|false&#8221; global_colors_info=&#8221;{}&#8221; menu_text_color__hover_enabled=&#8221;on|desktop&#8221; menu_text_color__hover=&#8221;#13B5BD&#8221;][\/et_pb_menu][\/et_pb_column][\/et_pb_row][\/et_pb_section][et_pb_section fb_built=&#8221;1&#8243; _builder_version=&#8221;4.23.4&#8243; _module_preset=&#8221;default&#8221; background_enable_image=&#8221;off&#8221; background_size=&#8221;custom&#8221; background_image_height=&#8221;84%&#8221; background_position=&#8221;bottom_right&#8221; custom_margin=&#8221;50px||||false|false&#8221; da_disable_devices=&#8221;off|off|off&#8221; global_colors_info=&#8221;{}&#8221; da_is_popup=&#8221;off&#8221; da_exit_intent=&#8221;off&#8221; da_has_close=&#8221;on&#8221; da_alt_close=&#8221;off&#8221; da_dark_close=&#8221;off&#8221; da_not_modal=&#8221;on&#8221; da_is_singular=&#8221;off&#8221; da_with_loader=&#8221;off&#8221; da_has_shadow=&#8221;on&#8221;][et_pb_row _builder_version=&#8221;4.23.4&#8243; _module_preset=&#8221;default&#8221; global_colors_info=&#8221;{}&#8221;][et_pb_column type=&#8221;4_4&#8243; _builder_version=&#8221;4.23.4&#8243; _module_preset=&#8221;default&#8221; global_colors_info=&#8221;{}&#8221;][\/et_pb_column][\/et_pb_row][et_pb_row _builder_version=&#8221;4.27.2&#8243; _module_preset=&#8221;default&#8221; global_colors_info=&#8221;{}&#8221;][et_pb_column type=&#8221;4_4&#8243; _builder_version=&#8221;4.27.2&#8243; _module_preset=&#8221;default&#8221; global_colors_info=&#8221;{}&#8221;][et_pb_text _builder_version=&#8221;4.27.2&#8243; _module_preset=&#8221;default&#8221; global_colors_info=&#8221;{}&#8221;]<\/p>\n<p>El Centro de Biolog\u00eda Molecular Severo Ochoa (CBM) destaca por su vibrante y activa comunidad de estudiantes e investigadores en formaci\u00f3n. En sus instalaciones, convergen estudiantes de diversos niveles educativos, incluyendo estudiantes de grado, de m\u00e1ster y de doctorado, todos ellos comprometidos con el avance del conocimiento en el campo de la biolog\u00eda molecular.<\/p>\n<p>Adem\u00e1s, el CBM recibe regularmente a estudiantes visitantes de otros centros de investigaci\u00f3n y universidades, as\u00ed como a estudiantes que realizan pr\u00e1cticas externas provenientes de diferentes partes de Espa\u00f1a, Europa y del resto del mundo. Esta diversidad no solo enriquece el ambiente acad\u00e9mico y cient\u00edfico del CBM, sino que tambi\u00e9n fomenta el intercambio de ideas y la colaboraci\u00f3n internacional.<\/p>\n<p>Los estudiantes en el CBM tienen la oportunidad de trabajar en proyectos punteros bajo la supervisi\u00f3n de expertos en diversas \u00e1reas de la biolog\u00eda molecular, lo que les permite adquirir una formaci\u00f3n pr\u00e1ctica y te\u00f3rica de alto nivel. La colaboraci\u00f3n con investigadores experimentados y la participaci\u00f3n en seminarios, talleres y conferencias son parte integral de su desarrollo acad\u00e9mico, proporcionando una plataforma s\u00f3lida para su futura carrera cient\u00edfica.<\/p>\n<p>En resumen, el CBM no solo es un centro de excelencia en investigaci\u00f3n, sino tambi\u00e9n un punto de encuentro din\u00e1mico para la pr\u00f3xima generaci\u00f3n de cient\u00edficos, consolidando su reputaci\u00f3n como un lugar donde el conocimiento y la innovaci\u00f3n se desarrollan y florecen constantemente.<\/p>\n<p>[\/et_pb_text][\/et_pb_column][\/et_pb_row][et_pb_row _builder_version=&#8221;4.25.2&#8243; _module_preset=&#8221;default&#8221; global_colors_info=&#8221;{}&#8221;][et_pb_column type=&#8221;4_4&#8243; _builder_version=&#8221;4.25.2&#8243; _module_preset=&#8221;default&#8221; global_colors_info=&#8221;{}&#8221;][et_pb_accordion open_toggle_text_color=&#8221;#34609B&#8221; closed_toggle_background_color=&#8221;#008C93&#8243; toggle_icon=&#8221;&#xf493;||fa||900&#8243; _builder_version=&#8221;4.27.5&#8243; _module_preset=&#8221;default&#8221; toggle_text_color=&#8221;#FFFFFF&#8221; animation_style=&#8221;fold&#8221; animation_direction=&#8221;top&#8221; hover_enabled=&#8221;0&#8243; global_colors_info=&#8221;{}&#8221; sticky_enabled=&#8221;0&#8243;][et_pb_accordion_item title=&#8221;Vacio&#8221; open=&#8221;on&#8221; _builder_version=&#8221;4.25.2&#8243; _module_preset=&#8221;default&#8221; custom_css_main_element=&#8221;display: none;&#8221; global_colors_info=&#8221;{}&#8221;][\/et_pb_accordion_item][et_pb_accordion_item title=&#8221;Pr\u00e1cticas Externas Universitarias, Grado y M\u00e1ster en el CBM&#8221; closed_toggle_background_color=&#8221;#34609B&#8221; icon_color=&#8221;#FFFFFF&#8221; toggle_icon=&#8221;&#xf19d;||fa||900&#8243; _builder_version=&#8221;4.27.3&#8243; _module_preset=&#8221;default&#8221; global_colors_info=&#8221;{}&#8221; open=&#8221;off&#8221;]<\/p>\n<p>El CBM es un centro de investigaci\u00f3n multidisciplinar (CSIC-UAM). Para realizar pr\u00e1cticas universitarias aqu\u00ed, debe existir un convenio de colaboraci\u00f3n educativa entre el CSIC y la universidad del candidato. <\/p>\n<p>Para aquellos estudiantes interesados en realizar pr\u00e1cticas externas, proyectos finales de grado o m\u00e1ster en el CBM, se recomienda ponerse en contacto directamente con los investigadores que les interesen, envi\u00e1ndoles por correo electr\u00f3nico una carta de presentaci\u00f3n personalizada, su CV y su expediente acad\u00e9mico, y averiguar la disponibilidad del investigador para acoger a estudiantes para realizar las pr\u00e1cticas.<\/p>\n<p>En el sitio web de CBM hay informaci\u00f3n y datos de contacto de <a href=\"\/index.php\/pi-list\/\" target=\"_blank\" rel=\"noopener\">nuestros investigadores principales<\/a>.<\/p>\n<p>*Estas recomendaciones son de aplicaci\u00f3n para estudiantes de universidades espa\u00f1olas o dentro de la Uni\u00f3n Europea. Para recibir estudiantes no comunitarios (provenientes de fuera de la Uni\u00f3n Europea), se requiere adem\u00e1s un visado que permita viajar y permanecer el tiempo necesario en el pa\u00eds.<\/p>\n<p>**UAM students can find information about the applicable regulations <a href=\"https:\/\/www.uam.es\/Ciencias\/Pr%C3%A1cticas-Externas\/1241103203636.htm?language=es&amp;nodepath=Pr?cticas%20Externas\">here<\/a>.<\/p>\n<p>P\u00e1ginas con informaci\u00f3n de utilidad:<\/p>\n<p><a href=\"https:\/\/www.csic.es\/en\/formacion-y-empleo\/oportunidades-para-la-carrera-investigadora\" target=\"_blank\" rel=\"noopener\">Desarrolla tu carrera investigadora o profesional en el CSIC<\/a><\/p>\n<p><a href=\"https:\/\/www.csic.es\/en\/training-and-employment\/training-research-personnel\" target=\"_blank\" rel=\"noopener\">Formaci\u00f3n de Personal Investigador CSIC<\/a><\/p>\n<p><a href=\"https:\/\/www.euraxess.es\/spain\/news\/guidelines-foreign-researchers-spain\" target=\"_blank\" rel=\"noopener\">Gu\u00eda de apoyo a investigadores extranjeros en Espa\u00f1a<\/a><\/p>\n<p>[\/et_pb_accordion_item][et_pb_accordion_item title=&#8221;Pr\u00e1cticas FCT de FP Grado Superior en el CBM&#8221; open_toggle_background_color=&#8221;#FFFFFF&#8221; closed_toggle_background_color=&#8221;#008C93&#8243; icon_color=&#8221;#FFFFFF&#8221; toggle_icon=&#8221;&#xf493;||fa||900&#8243; _builder_version=&#8221;4.27.5&#8243; _module_preset=&#8221;default&#8221; hover_enabled=&#8221;0&#8243; global_colors_info=&#8221;{}&#8221; open=&#8221;off&#8221; sticky_enabled=&#8221;0&#8243;]<\/p>\n<p>CERRADA CONVOCATORIA CURSO 2025-2026<\/p>\n<p>El CBM ofrece la posibilidad de acoger a estudiantes de Institutos de Formaci\u00f3n Profesional <strong><span style=\"text-decoration: underline;\">de car\u00e1cter p\u00fablico<\/span><\/strong> para realizar pr\u00e1cticas FCT. Estos alumnos deber\u00e1n estar cursando el 2\u00ba curso de Grado Superior. <\/p>\n<p>El CBM, al ser un centro perteneciente al CSIC, no tiene capacidad jur\u00eddica para firmar ning\u00fan tipo de convenio. S\u00f3lo se acoger al siguiente convenio en vigor firmado por el CSIC. <\/p>\n<p>&#8220;CONVENIO de 11 de marzo de 2025, entre la Comunidad de Madrid, a trav\u00e9s de la Consejer\u00eda de Educaci\u00f3n, Ciencia y Universidades, y la Agencia Estatal Consejo Superior de Investigaciones Cient\u00edficas, M. P. (CSIC), para la realizaci\u00f3n de la fase de formaci\u00f3n en empresa u organismo equiparado de los alumnos de los grados D y E de formaci\u00f3n profesional de centros p\u00fablicos en institutos de investigaci\u00f3n, centros y unidades (ICU) dependientes de la agencia estatal consejo superior de investigaciones cient\u00edficas, M. P. (CSIC).&#8221;<\/p>\n<p>El CBM ofertar\u00e1 plazas para estas pr\u00e1cticas en funci\u00f3n de la disponibilidad existente en los laboratorios y servicios del centro en el a\u00f1o en curso.<\/p>\n<p>Una vez recopilado el n\u00famero de plazas anuales, se abrir\u00e1 la convocatoria de solicitud de las mismas. Las fechas de apertura de convocatoria ser\u00e1n anualmente en el mes de octubre, a partir del d\u00eda 15. <\/p>\n<p>Para solicitar plaza se habilitar\u00e1 un formulario online que deber\u00e1 ser cumplimentado por los IES. El enlace a este formulario se publicar\u00e1 en esta misma p\u00e1gina web en el momento de su apertura. <\/p>\n<p>Se asignar\u00e1 \u00fanicamente una plaza por instituto. La asignaci\u00f3n de plazas se realizar\u00e1 a criterio del comit\u00e9 evaluador. <\/p>\n<p>[\/et_pb_accordion_item][\/et_pb_accordion][\/et_pb_column][\/et_pb_row][\/et_pb_section]<\/p>\n","protected":false},"excerpt":{"rendered":"<p>Empleo y formaci\u00f3nEl Centro de Biolog\u00eda Molecular Severo Ochoa (CBM) destaca por su vibrante y activa comunidad de estudiantes e investigadores en formaci\u00f3n. En sus instalaciones, convergen estudiantes de diversos [&hellip;]<\/p>\n","protected":false},"author":3,"featured_media":0,"parent":281440,"menu_order":0,"comment_status":"closed","ping_status":"closed","template":"","meta":{"_et_pb_use_builder":"on","_et_pb_old_content":"","_et_gb_content_width":"","footnotes":""},"class_list":["post-281595","page","type-page","status-publish","hentry"],"yoast_head":"<!-- This site is optimized with the Yoast SEO plugin v27.4 - https:\/\/yoast.com\/product\/yoast-seo-wordpress\/ -->\n<title>Pr\u00e1cticas y becas - Centro de Biolog\u00eda Molecular Severo Ochoa<\/title>\n<meta name=\"robots\" content=\"index, follow, max-snippet:-1, max-image-preview:large, max-video-preview:-1\" \/>\n<link rel=\"canonical\" href=\"https:\/\/www.cbm.uam.es\/index.php\/careers-and-training\/practicas-y-becas\/?lang=es\" \/>\n<meta property=\"og:locale\" content=\"en_US\" \/>\n<meta property=\"og:type\" content=\"article\" \/>\n<meta property=\"og:title\" content=\"Pr\u00e1cticas y becas - Centro de Biolog\u00eda Molecular Severo Ochoa\" \/>\n<meta property=\"og:description\" content=\"Empleo y formaci\u00f3nEl Centro de Biolog\u00eda Molecular Severo Ochoa (CBM) destaca por su vibrante y activa comunidad de estudiantes e investigadores en formaci\u00f3n. En sus instalaciones, convergen estudiantes de diversos [&hellip;]\" \/>\n<meta property=\"og:url\" content=\"https:\/\/www.cbm.uam.es\/index.php\/careers-and-training\/practicas-y-becas\/?lang=es\" \/>\n<meta property=\"og:site_name\" content=\"Centro de Biolog\u00eda Molecular Severo Ochoa\" \/>\n<meta property=\"article:modified_time\" content=\"2026-02-02T14:33:44+00:00\" \/>\n<meta name=\"twitter:card\" content=\"summary_large_image\" \/>\n<meta name=\"twitter:label1\" content=\"Est. reading time\" \/>\n\t<meta name=\"twitter:data1\" content=\"2 minutes\" \/>\n<script type=\"application\/ld+json\" class=\"yoast-schema-graph\">{\"@context\":\"https:\\\/\\\/schema.org\",\"@graph\":[{\"@type\":\"WebPage\",\"@id\":\"https:\\\/\\\/www.cbm.uam.es\\\/index.php\\\/careers-and-training\\\/practicas-y-becas\\\/?lang=es\",\"url\":\"https:\\\/\\\/www.cbm.uam.es\\\/index.php\\\/careers-and-training\\\/practicas-y-becas\\\/?lang=es\",\"name\":\"Pr\u00e1cticas y becas - Centro de Biolog\u00eda Molecular Severo Ochoa\",\"isPartOf\":{\"@id\":\"https:\\\/\\\/www.cbm.uam.es\\\/?lang=es\\\/#website\"},\"datePublished\":\"2024-07-08T14:04:31+00:00\",\"dateModified\":\"2026-02-02T14:33:44+00:00\",\"breadcrumb\":{\"@id\":\"https:\\\/\\\/www.cbm.uam.es\\\/index.php\\\/careers-and-training\\\/practicas-y-becas\\\/?lang=es#breadcrumb\"},\"inLanguage\":\"en-US\",\"potentialAction\":[{\"@type\":\"ReadAction\",\"target\":[\"https:\\\/\\\/www.cbm.uam.es\\\/index.php\\\/careers-and-training\\\/practicas-y-becas\\\/?lang=es\"]}]},{\"@type\":\"BreadcrumbList\",\"@id\":\"https:\\\/\\\/www.cbm.uam.es\\\/index.php\\\/careers-and-training\\\/practicas-y-becas\\\/?lang=es#breadcrumb\",\"itemListElement\":[{\"@type\":\"ListItem\",\"position\":1,\"name\":\"Portada\",\"item\":\"https:\\\/\\\/www.cbm.uam.es\\\/\"},{\"@type\":\"ListItem\",\"position\":2,\"name\":\"Empleo y formaci\u00f3n\",\"item\":\"https:\\\/\\\/www.cbm.uam.es\\\/index.php\\\/careers-and-training\\\/\"},{\"@type\":\"ListItem\",\"position\":3,\"name\":\"Pr\u00e1cticas y becas\"}]},{\"@type\":\"WebSite\",\"@id\":\"https:\\\/\\\/www.cbm.uam.es\\\/?lang=es\\\/#website\",\"url\":\"https:\\\/\\\/www.cbm.uam.es\\\/?lang=es\\\/\",\"name\":\"Centro de Biolog\u00eda Molecular Severo Ochoa\",\"description\":\"Official website of the CBM, CSIC - UAM. Biomedical research centre.\",\"publisher\":{\"@id\":\"https:\\\/\\\/www.cbm.uam.es\\\/?lang=es\\\/#organization\"},\"potentialAction\":[{\"@type\":\"SearchAction\",\"target\":{\"@type\":\"EntryPoint\",\"urlTemplate\":\"https:\\\/\\\/www.cbm.uam.es\\\/?lang=es\\\/?s={search_term_string}\"},\"query-input\":{\"@type\":\"PropertyValueSpecification\",\"valueRequired\":true,\"valueName\":\"search_term_string\"}}],\"inLanguage\":\"en-US\"},{\"@type\":\"Organization\",\"@id\":\"https:\\\/\\\/www.cbm.uam.es\\\/?lang=es\\\/#organization\",\"name\":\"Centro de Biolog\u00eda Molecular Severo Ochoa\",\"url\":\"https:\\\/\\\/www.cbm.uam.es\\\/?lang=es\\\/\",\"logo\":{\"@type\":\"ImageObject\",\"inLanguage\":\"en-US\",\"@id\":\"https:\\\/\\\/www.cbm.uam.es\\\/?lang=es\\\/#\\\/schema\\\/logo\\\/image\\\/\",\"url\":\"https:\\\/\\\/www.cbm.uam.es\\\/wp-content\\\/uploads\\\/2024\\\/11\\\/Logo-CBM-color-fondo-transparente.png\",\"contentUrl\":\"https:\\\/\\\/www.cbm.uam.es\\\/wp-content\\\/uploads\\\/2024\\\/11\\\/Logo-CBM-color-fondo-transparente.png\",\"width\":800,\"height\":342,\"caption\":\"Centro de Biolog\u00eda Molecular Severo Ochoa\"},\"image\":{\"@id\":\"https:\\\/\\\/www.cbm.uam.es\\\/?lang=es\\\/#\\\/schema\\\/logo\\\/image\\\/\"}}]}<\/script>\n<!-- \/ Yoast SEO plugin. -->","yoast_head_json":{"title":"Pr\u00e1cticas y becas - Centro de Biolog\u00eda Molecular Severo Ochoa","robots":{"index":"index","follow":"follow","max-snippet":"max-snippet:-1","max-image-preview":"max-image-preview:large","max-video-preview":"max-video-preview:-1"},"canonical":"https:\/\/www.cbm.uam.es\/index.php\/careers-and-training\/practicas-y-becas\/?lang=es","og_locale":"en_US","og_type":"article","og_title":"Pr\u00e1cticas y becas - Centro de Biolog\u00eda Molecular Severo Ochoa","og_description":"Empleo y formaci\u00f3nEl Centro de Biolog\u00eda Molecular Severo Ochoa (CBM) destaca por su vibrante y activa comunidad de estudiantes e investigadores en formaci\u00f3n. En sus instalaciones, convergen estudiantes de diversos [&hellip;]","og_url":"https:\/\/www.cbm.uam.es\/index.php\/careers-and-training\/practicas-y-becas\/?lang=es","og_site_name":"Centro de Biolog\u00eda Molecular Severo Ochoa","article_modified_time":"2026-02-02T14:33:44+00:00","twitter_card":"summary_large_image","twitter_misc":{"Est. reading time":"2 minutes"},"schema":{"@context":"https:\/\/schema.org","@graph":[{"@type":"WebPage","@id":"https:\/\/www.cbm.uam.es\/index.php\/careers-and-training\/practicas-y-becas\/?lang=es","url":"https:\/\/www.cbm.uam.es\/index.php\/careers-and-training\/practicas-y-becas\/?lang=es","name":"Pr\u00e1cticas y becas - Centro de Biolog\u00eda Molecular Severo Ochoa","isPartOf":{"@id":"https:\/\/www.cbm.uam.es\/?lang=es\/#website"},"datePublished":"2024-07-08T14:04:31+00:00","dateModified":"2026-02-02T14:33:44+00:00","breadcrumb":{"@id":"https:\/\/www.cbm.uam.es\/index.php\/careers-and-training\/practicas-y-becas\/?lang=es#breadcrumb"},"inLanguage":"en-US","potentialAction":[{"@type":"ReadAction","target":["https:\/\/www.cbm.uam.es\/index.php\/careers-and-training\/practicas-y-becas\/?lang=es"]}]},{"@type":"BreadcrumbList","@id":"https:\/\/www.cbm.uam.es\/index.php\/careers-and-training\/practicas-y-becas\/?lang=es#breadcrumb","itemListElement":[{"@type":"ListItem","position":1,"name":"Portada","item":"https:\/\/www.cbm.uam.es\/"},{"@type":"ListItem","position":2,"name":"Empleo y formaci\u00f3n","item":"https:\/\/www.cbm.uam.es\/index.php\/careers-and-training\/"},{"@type":"ListItem","position":3,"name":"Pr\u00e1cticas y becas"}]},{"@type":"WebSite","@id":"https:\/\/www.cbm.uam.es\/?lang=es\/#website","url":"https:\/\/www.cbm.uam.es\/?lang=es\/","name":"Centro de Biolog\u00eda Molecular Severo Ochoa","description":"Official website of the CBM, CSIC - UAM. Biomedical research centre.","publisher":{"@id":"https:\/\/www.cbm.uam.es\/?lang=es\/#organization"},"potentialAction":[{"@type":"SearchAction","target":{"@type":"EntryPoint","urlTemplate":"https:\/\/www.cbm.uam.es\/?lang=es\/?s={search_term_string}"},"query-input":{"@type":"PropertyValueSpecification","valueRequired":true,"valueName":"search_term_string"}}],"inLanguage":"en-US"},{"@type":"Organization","@id":"https:\/\/www.cbm.uam.es\/?lang=es\/#organization","name":"Centro de Biolog\u00eda Molecular Severo Ochoa","url":"https:\/\/www.cbm.uam.es\/?lang=es\/","logo":{"@type":"ImageObject","inLanguage":"en-US","@id":"https:\/\/www.cbm.uam.es\/?lang=es\/#\/schema\/logo\/image\/","url":"https:\/\/www.cbm.uam.es\/wp-content\/uploads\/2024\/11\/Logo-CBM-color-fondo-transparente.png","contentUrl":"https:\/\/www.cbm.uam.es\/wp-content\/uploads\/2024\/11\/Logo-CBM-color-fondo-transparente.png","width":800,"height":342,"caption":"Centro de Biolog\u00eda Molecular Severo Ochoa"},"image":{"@id":"https:\/\/www.cbm.uam.es\/?lang=es\/#\/schema\/logo\/image\/"}}]}},"_links":{"self":[{"href":"https:\/\/www.cbm.uam.es\/index.php\/wp-json\/wp\/v2\/pages\/281595","targetHints":{"allow":["GET"]}}],"collection":[{"href":"https:\/\/www.cbm.uam.es\/index.php\/wp-json\/wp\/v2\/pages"}],"about":[{"href":"https:\/\/www.cbm.uam.es\/index.php\/wp-json\/wp\/v2\/types\/page"}],"author":[{"embeddable":true,"href":"https:\/\/www.cbm.uam.es\/index.php\/wp-json\/wp\/v2\/users\/3"}],"replies":[{"embeddable":true,"href":"https:\/\/www.cbm.uam.es\/index.php\/wp-json\/wp\/v2\/comments?post=281595"}],"version-history":[{"count":10,"href":"https:\/\/www.cbm.uam.es\/index.php\/wp-json\/wp\/v2\/pages\/281595\/revisions"}],"predecessor-version":[{"id":293740,"href":"https:\/\/www.cbm.uam.es\/index.php\/wp-json\/wp\/v2\/pages\/281595\/revisions\/293740"}],"up":[{"embeddable":true,"href":"https:\/\/www.cbm.uam.es\/index.php\/wp-json\/wp\/v2\/pages\/281440"}],"wp:attachment":[{"href":"https:\/\/www.cbm.uam.es\/index.php\/wp-json\/wp\/v2\/media?parent=281595"}],"curies":[{"name":"wp","href":"https:\/\/api.w.org\/{rel}","templated":true}]}}