{"id":281604,"date":"2024-06-26T13:11:48","date_gmt":"2024-06-26T11:11:48","guid":{"rendered":"https:\/\/dhcp205002.cbm.uam.es\/index.php\/empleo-y-formacion\/comite-traincbm\/"},"modified":"2025-03-26T09:57:10","modified_gmt":"2025-03-26T08:57:10","slug":"comite-traincbm","status":"publish","type":"page","link":"https:\/\/www.cbm.uam.es\/index.php\/careers-and-training\/comite-traincbm\/?lang=es","title":{"rendered":"Comit\u00e9 TRAIN@CBM"},"content":{"rendered":"<p>[et_pb_section fb_built=&#8221;1&#8243; _builder_version=&#8221;4.25.2&#8243; _module_preset=&#8221;default&#8221; background_color=&#8221;#34609B&#8221; background_image=&#8221;https:\/\/www.cbm.uam.es\/wp-content\/uploads\/2024\/06\/formacion-scaled.jpg&#8221; background_position=&#8221;bottom_center&#8221; background_vertical_offset=&#8221;18%&#8221; min_height=&#8221;352px&#8221; height=&#8221;294px&#8221; da_disable_devices=&#8221;off|off|off&#8221; global_colors_info=&#8221;{}&#8221; da_is_popup=&#8221;off&#8221; da_exit_intent=&#8221;off&#8221; da_has_close=&#8221;on&#8221; da_alt_close=&#8221;off&#8221; da_dark_close=&#8221;off&#8221; da_not_modal=&#8221;on&#8221; da_is_singular=&#8221;off&#8221; da_with_loader=&#8221;off&#8221; da_has_shadow=&#8221;on&#8221;][et_pb_row column_structure=&#8221;2_5,3_5&#8243; use_custom_gutter=&#8221;on&#8221; gutter_width=&#8221;4&#8243; _builder_version=&#8221;4.23.4&#8243; _module_preset=&#8221;default&#8221; background_color=&#8221;RGBA(255,255,255,0)&#8221; custom_margin=&#8221;61px||||false|false&#8221; custom_padding=&#8221;||0px|||&#8221; global_colors_info=&#8221;{}&#8221;][et_pb_column type=&#8221;2_5&#8243; _builder_version=&#8221;4.23.4&#8243; _module_preset=&#8221;default&#8221; background_color=&#8221;rgba(52,96,155,0.94)&#8221; custom_padding=&#8221;50px||50px|50px|false|false&#8221; border_radii=&#8221;on|15px|15px|15px|15px&#8221; global_colors_info=&#8221;{}&#8221;][et_pb_text _builder_version=&#8221;4.25.2&#8243; _module_preset=&#8221;default&#8221; text_text_color=&#8221;#FFFFFF&#8221; custom_margin=&#8221;0px||10px||false|false&#8221; custom_padding=&#8221;0px||0px||false|false&#8221; global_colors_info=&#8221;{}&#8221;]<\/p>\n<p>Empleo y formaci\u00f3n<\/p>\n<p>[\/et_pb_text][et_pb_heading title=&#8221;Comit\u00e9 TRAIN@CBM&#8221; _builder_version=&#8221;4.23.4&#8243; _module_preset=&#8221;default&#8221; title_font=&#8221;Montserrat||||||||&#8221; title_text_color=&#8221;#FFFFFF&#8221; title_font_size=&#8221;43px&#8221; title_line_height=&#8221;1.1em&#8221; global_colors_info=&#8221;{}&#8221;][\/et_pb_heading][\/et_pb_column][et_pb_column type=&#8221;3_5&#8243; _builder_version=&#8221;4.23.4&#8243; _module_preset=&#8221;default&#8221; custom_padding=&#8221;157px||||false|false&#8221; custom_padding_tablet=&#8221;157px||||false|false&#8221; custom_padding_phone=&#8221;30px||||false|false&#8221; custom_padding_last_edited=&#8221;on|phone&#8221; global_colors_info=&#8221;{}&#8221;][et_pb_menu menu_id=&#8221;13&#8243; active_link_color=&#8221;#34609B&#8221; _builder_version=&#8221;4.25.2&#8243; _module_preset=&#8221;default&#8221; custom_margin=&#8221;-18px||||false|false&#8221; global_colors_info=&#8221;{}&#8221;][\/et_pb_menu][\/et_pb_column][\/et_pb_row][\/et_pb_section][et_pb_section fb_built=&#8221;1&#8243; _builder_version=&#8221;4.23.4&#8243; _module_preset=&#8221;default&#8221; background_enable_image=&#8221;off&#8221; background_size=&#8221;custom&#8221; background_image_height=&#8221;84%&#8221; background_position=&#8221;bottom_right&#8221; da_disable_devices=&#8221;off|off|off&#8221; global_colors_info=&#8221;{}&#8221; da_is_popup=&#8221;off&#8221; da_exit_intent=&#8221;off&#8221; da_has_close=&#8221;on&#8221; da_alt_close=&#8221;off&#8221; da_dark_close=&#8221;off&#8221; da_not_modal=&#8221;on&#8221; da_is_singular=&#8221;off&#8221; da_with_loader=&#8221;off&#8221; da_has_shadow=&#8221;on&#8221;][et_pb_row _builder_version=&#8221;4.23.4&#8243; _module_preset=&#8221;default&#8221; custom_margin=&#8221;||0px||false|false&#8221; custom_padding=&#8221;||0px||false|false&#8221; global_colors_info=&#8221;{}&#8221;][et_pb_column type=&#8221;4_4&#8243; _builder_version=&#8221;4.23.4&#8243; _module_preset=&#8221;default&#8221; global_colors_info=&#8221;{}&#8221;][\/et_pb_column][\/et_pb_row][et_pb_row column_structure=&#8221;1_3,2_3&#8243; _builder_version=&#8221;4.23.4&#8243; _module_preset=&#8221;default&#8221; custom_margin=&#8221;30px||||false|false&#8221; custom_padding=&#8221;0px||||false|false&#8221; global_colors_info=&#8221;{}&#8221;][et_pb_column type=&#8221;1_3&#8243; _builder_version=&#8221;4.23.4&#8243; _module_preset=&#8221;default&#8221; background_color=&#8221;rgba(204,209,209,0.18)&#8221; custom_padding=&#8221;15px|15px|15px|15px|true|true&#8221; global_colors_info=&#8221;{}&#8221;][et_pb_blurb title=&#8221;Presidentes del Comit\u00e9&#8221; use_icon=&#8221;on&#8221; font_icon=&#8221;&#x57;||divi||400&#8243; icon_color=&#8221;#13B5BD&#8221; icon_placement=&#8221;left&#8221; image_icon_width=&#8221;25px&#8221; _builder_version=&#8221;4.25.2&#8243; _module_preset=&#8221;default&#8221; header_text_align=&#8221;left&#8221; header_text_color=&#8221;#34609B&#8221; image_icon_custom_margin=&#8221;-3px|-1px|||false|false&#8221; image_icon_custom_padding=&#8221;|0px|||false|false&#8221; custom_margin=&#8221;|-1px||0px|false|false&#8221; global_colors_info=&#8221;{}&#8221;][\/et_pb_blurb][et_pb_blurb title=&#8221;Miguel Manzanares&#8221; image=&#8221;\/imgs\/3246.jpg&#8221; image_icon_width=&#8221;200px&#8221; module_class=&#8221;roundedImg&#8221; _builder_version=&#8221;4.27.0&#8243; _module_preset=&#8221;default&#8221; header_text_align=&#8221;center&#8221; header_font_size=&#8221;14px&#8221; global_colors_info=&#8221;{}&#8221;][\/et_pb_blurb][et_pb_blurb title=&#8221;Laura Formentini&#8221; image=&#8221;\/imgs\/1069.jpg&#8221; image_icon_width=&#8221;200px&#8221; module_class=&#8221;roundedImg&#8221; _builder_version=&#8221;4.27.0&#8243; _module_preset=&#8221;default&#8221; header_text_align=&#8221;center&#8221; header_font_size=&#8221;14px&#8221; global_colors_info=&#8221;{}&#8221;][\/et_pb_blurb][\/et_pb_column][et_pb_column type=&#8221;2_3&#8243; _builder_version=&#8221;4.23.4&#8243; _module_preset=&#8221;default&#8221; global_colors_info=&#8221;{}&#8221;][et_pb_text _builder_version=&#8221;4.25.2&#8243; _module_preset=&#8221;default&#8221; global_colors_info=&#8221;{}&#8221;]<\/p>\n<p>El programa TRAIN@CBM para investigadores en la parte temprana de su carrera (ECR, incluyendo investigadores predoctorales y postdoctorales), tiene como objetivos:<\/p>\n<p>a) PREPARAR a los investigadores en formaci\u00f3n para el mercado laboral en el mundo acad\u00e9mico, la industria y otros \u00e1mbitos<\/p>\n<p>b) CREAR una comunidad integrada en el CBM<\/p>\n<p>c) ATRAER talento internacional<\/p>\n<p>d) PROMOVER el papel de la mujer en la ciencia<\/p>\n<p>Nuestro Comit\u00e9 TRAIN@CBM est\u00e1 compuesto por dos investigadores principales de cada Programa cient\u00edfico del CBM junto a otros miembros, y se encarga de alcanzar estos objetivos.<\/p>\n<p>[\/et_pb_text][et_pb_accordion open_toggle_text_color=&#8221;#34609B&#8221; closed_toggle_background_color=&#8221;#008C93&#8243; toggle_icon=&#8221;&#xe033;||divi||400&#8243; _builder_version=&#8221;4.27.4&#8243; _module_preset=&#8221;default&#8221; toggle_text_color=&#8221;#FFFFFF&#8221; animation_style=&#8221;fold&#8221; animation_direction=&#8221;top&#8221; hover_enabled=&#8221;0&#8243; global_colors_info=&#8221;{}&#8221; sticky_enabled=&#8221;0&#8243;][et_pb_accordion_item title=&#8221;Vacio&#8221; open=&#8221;on&#8221; _builder_version=&#8221;4.23.4&#8243; _module_preset=&#8221;default&#8221; custom_css_main_element=&#8221;display: none;&#8221; global_colors_info=&#8221;{}&#8221;][\/et_pb_accordion_item][et_pb_accordion_item title=&#8221;Miembros del comit\u00e9&#8221; closed_toggle_background_color=&#8221;#34609B&#8221; icon_color=&#8221;#FFFFFF&#8221; toggle_icon=&#8221;&#xf0c0;||fa||900&#8243; _builder_version=&#8221;4.27.4&#8243; _module_preset=&#8221;default&#8221; hover_enabled=&#8221;0&#8243; global_colors_info=&#8221;{}&#8221; open=&#8221;off&#8221; sticky_enabled=&#8221;0&#8243;]<\/p>\n<p><img decoding=\"async\" src=\"https:\/\/www.cbm.uam.es\/wp-content\/uploads\/2025\/03\/IMG_8816-scaled.jpg\" width=\"813\" height=\"610\" alt=\"\" class=\"wp-image-289710 alignnone size-full\" style=\"display: block; margin-left: auto; margin-right: auto;\"><\/p>\n<p>&nbsp;<\/p>\n<ul>\n<li>Presidentes: Miguel Manzanares y Laura Formentini<\/li>\n<li>Mar\u00eda Gomez Vicentefranqueira<\/li>\n<li>Claudio Toma<\/li>\n<li>Catalina Ribas<\/li>\n<li>Marta Perez Pereira<\/li>\n<li>Carlos Estella<\/li>\n<li>Alvaro Sah\u00fan<\/li>\n<li>Enrique Gaband\u00e9<\/li>\n<li>Maria Jos\u00e9 Martin Pereira<\/li>\n<li>Valent\u00edn Riomoros<\/li>\n<\/ul>\n<p>[\/et_pb_accordion_item][et_pb_accordion_item title=&#8221;Programas y actividades&#8221; closed_toggle_background_color=&#8221;#34609B&#8221; icon_color=&#8221;#FFFFFF&#8221; toggle_icon=&#8221;&#xe0e6;||divi||400&#8243; _builder_version=&#8221;4.27.2&#8243; _module_preset=&#8221;default&#8221; global_colors_info=&#8221;{}&#8221; open=&#8221;off&#8221;]<\/p>\n<ul>\n<li><strong>Comit\u00e9 Asesor de Tesis Doctorales (PhDAC): <\/strong>Cada investigador predoctoral tendr\u00e1 un comit\u00e9 asesor. En \u00e9l participar\u00e1n el supervisor, un asesor interno y otro externo con experiencia demostrada en el tema de investigaci\u00f3n. El supervisor y el candidato propondr\u00e1n los asesores, y el Comit\u00e9 TRAIN@CBM aprobar\u00e1 las propuestas. El PhDAC se reunir\u00e1 anualmente para fijar los objetivos y el plan experimental; supervisar los avances y solucionar los obst\u00e1culos experimentales, conceptuales y pr\u00e1cticos. El investigador predoctoral presentar\u00e1 y discutir\u00e1 los objetivos y progresos con el PhDAC y despu\u00e9s de esto los asesores se reunir\u00e1n con el doctor y el supervisor por separado. Por \u00faltimo, el supervisor redactar\u00e1 un informe para el comit\u00e9.<\/li>\n<\/ul>\n<p>&nbsp;<\/p>\n<ul>\n<li><strong>Programa de formaci\u00f3n CBM:<\/strong> nuestro reci\u00e9n creado programa de formaci\u00f3n para investigadores predoctorales, postdoctorales y m\u00e1s, consiste en cursos, charlas y talleres sobre diversos temas claves para la carrera acad\u00e9mica. Para los estudiantes de doctorado, estas actividades se organizan a lo largo de los cuatro a\u00f1os de sus estudios de tesis. Las actividades abarcan temas que van desde la integridad y la \u00e9tica de la investigaci\u00f3n hasta la transferencia del conocimiento cient\u00edfico, la redacci\u00f3n cient\u00edfica y de tesis, etc. Contamos con facilitadores expertos de nuestra comunidad, proveedores externos y colaboradores de distintos sectores para impartir estas actividades.   <\/li>\n<\/ul>\n<p>&nbsp;<\/p>\n<ul>\n<li><strong>Escuela de \u00c9tica e Integridad Cient\u00edfica: <\/strong>como parte del Programa de Formaci\u00f3n de CBM, la Escuela de \u00c9tica es un programa de 1 d\u00eda de duraci\u00f3n organizado junto con el CSIC (Comit\u00e9 de \u00c9tica), la UAM (Comit\u00e9 de \u00c9tica en Investigaci\u00f3n Animal), los Comit\u00e9s de \u00c9tica en Investigaci\u00f3n del ISCIII (investigaci\u00f3n cl\u00ednica) y la Comisi\u00f3n para el Uso de C\u00e9lulas y Tejidos Humanos del ISCIII.<\/li>\n<\/ul>\n<ul><\/ul>\n<p>&nbsp;<\/p>\n<ul>\n<li><strong>Ciclo de seminarios Off-Academia:<\/strong> organizadas cada dos meses, estas charlas ofrecen orientaci\u00f3n en opciones profesionales no acad\u00e9micas para ayudar a nuestros investigadores noveles y a la comunidad cient\u00edfica del CBM a explorar y conocer mejor diversos sectores profesionales de inter\u00e9s.<\/li>\n<\/ul>\n<p>&nbsp;<\/p>\n<ul>\n<li><strong>Oficina <a href=\"mailto:help@Hand\">Help@Hand<\/a>: <\/strong>dos miembros del Comit\u00e9 de Formaci\u00f3n act\u00faan como contacto de primera l\u00ednea para resolver cuestiones acad\u00e9micas o laborales de los doctorandos y posdoctorandos.<\/li>\n<\/ul>\n<p>&nbsp;<\/p>\n<ul>\n<li><strong>Mentorazgo:<\/strong> El programa CBMent asigna un mentor a nuestros investigadores noveles. Los mentores siguen el progreso de los investigadores y proporcionan orientaci\u00f3n siempre que sea necesario. Los mentores se asignan de com\u00fan acuerdo con los participantes, bajo la supervisi\u00f3n del director del programa CBMent, el profesor Gin\u00e9s Morata.  <\/li>\n<\/ul>\n<p>&nbsp;<\/p>\n<ul>\n<li><strong>Formaci\u00f3n adicional: <\/strong>para ayudar a los investigadores que inician su carrera, el CBM puede proporcionar financiaci\u00f3n para participar en cursos de gesti\u00f3n de laboratorios organizados por EMBO, o en actividades similares disponibles.<\/li>\n<\/ul>\n<p>&nbsp;<\/p>\n<ul>\n<li><strong>Escuela transversal: <\/strong>Los estudiantes de doctorado tendr\u00e1n dos co-supervisores de diferentes disciplinas, se organizar\u00e1 conjuntamente con los Centros de Excelencia Severo Ochoa del campus de la UAM (f\u00edsica IFT, matem\u00e1ticas ICMAT, nanotecnolog\u00eda IMDEANano).<\/li>\n<\/ul>\n<p>[\/et_pb_accordion_item][\/et_pb_accordion][\/et_pb_column][\/et_pb_row][\/et_pb_section]<\/p>\n","protected":false},"excerpt":{"rendered":"<p>Empleo y formaci\u00f3nEl programa TRAIN@CBM para investigadores en la parte temprana de su carrera (ECR, incluyendo investigadores predoctorales y postdoctorales), tiene como objetivos: a) PREPARAR a los investigadores en formaci\u00f3n [&hellip;]<\/p>\n","protected":false},"author":3,"featured_media":0,"parent":281440,"menu_order":0,"comment_status":"closed","ping_status":"closed","template":"","meta":{"_et_pb_use_builder":"on","_et_pb_old_content":"","_et_gb_content_width":"","footnotes":""},"class_list":["post-281604","page","type-page","status-publish","hentry"],"yoast_head":"<!-- This site is optimized with the Yoast SEO plugin v27.4 - https:\/\/yoast.com\/product\/yoast-seo-wordpress\/ -->\n<title>Comit\u00e9 TRAIN@CBM - Centro de Biolog\u00eda Molecular Severo Ochoa<\/title>\n<meta name=\"robots\" content=\"index, follow, max-snippet:-1, max-image-preview:large, max-video-preview:-1\" \/>\n<link rel=\"canonical\" href=\"https:\/\/www.cbm.uam.es\/index.php\/careers-and-training\/training-committee\/\" \/>\n<meta property=\"og:locale\" content=\"en_US\" \/>\n<meta property=\"og:type\" content=\"article\" \/>\n<meta property=\"og:title\" content=\"Comit\u00e9 TRAIN@CBM - Centro de Biolog\u00eda Molecular Severo Ochoa\" \/>\n<meta property=\"og:description\" content=\"Empleo y formaci\u00f3nEl programa TRAIN@CBM para investigadores en la parte temprana de su carrera (ECR, incluyendo investigadores predoctorales y postdoctorales), tiene como objetivos: a) PREPARAR a los investigadores en formaci\u00f3n [&hellip;]\" \/>\n<meta property=\"og:url\" content=\"https:\/\/www.cbm.uam.es\/index.php\/careers-and-training\/training-committee\/\" \/>\n<meta property=\"og:site_name\" content=\"Centro de Biolog\u00eda Molecular Severo Ochoa\" \/>\n<meta property=\"article:modified_time\" content=\"2025-03-26T08:57:10+00:00\" \/>\n<meta property=\"og:image\" content=\"https:\/\/www.cbm.uam.es\/wp-content\/uploads\/2025\/03\/IMG_8816-scaled.jpg\" \/>\n<meta name=\"twitter:card\" content=\"summary_large_image\" \/>\n<script type=\"application\/ld+json\" class=\"yoast-schema-graph\">{\"@context\":\"https:\\\/\\\/schema.org\",\"@graph\":[{\"@type\":\"WebPage\",\"@id\":\"https:\\\/\\\/www.cbm.uam.es\\\/index.php\\\/careers-and-training\\\/training-committee\\\/\",\"url\":\"https:\\\/\\\/www.cbm.uam.es\\\/index.php\\\/careers-and-training\\\/training-committee\\\/\",\"name\":\"Comit\u00e9 TRAIN@CBM - Centro de Biolog\u00eda Molecular Severo Ochoa\",\"isPartOf\":{\"@id\":\"https:\\\/\\\/www.cbm.uam.es\\\/?lang=es\\\/#website\"},\"primaryImageOfPage\":{\"@id\":\"https:\\\/\\\/www.cbm.uam.es\\\/index.php\\\/careers-and-training\\\/training-committee\\\/#primaryimage\"},\"image\":{\"@id\":\"https:\\\/\\\/www.cbm.uam.es\\\/index.php\\\/careers-and-training\\\/training-committee\\\/#primaryimage\"},\"thumbnailUrl\":\"https:\\\/\\\/www.cbm.uam.es\\\/wp-content\\\/uploads\\\/2025\\\/03\\\/IMG_8816-scaled.jpg\",\"datePublished\":\"2024-06-26T11:11:48+00:00\",\"dateModified\":\"2025-03-26T08:57:10+00:00\",\"breadcrumb\":{\"@id\":\"https:\\\/\\\/www.cbm.uam.es\\\/index.php\\\/careers-and-training\\\/training-committee\\\/#breadcrumb\"},\"inLanguage\":\"en-US\",\"potentialAction\":[{\"@type\":\"ReadAction\",\"target\":[\"https:\\\/\\\/www.cbm.uam.es\\\/index.php\\\/careers-and-training\\\/training-committee\\\/\"]}]},{\"@type\":\"ImageObject\",\"inLanguage\":\"en-US\",\"@id\":\"https:\\\/\\\/www.cbm.uam.es\\\/index.php\\\/careers-and-training\\\/training-committee\\\/#primaryimage\",\"url\":\"https:\\\/\\\/www.cbm.uam.es\\\/wp-content\\\/uploads\\\/2025\\\/03\\\/IMG_8816-scaled.jpg\",\"contentUrl\":\"https:\\\/\\\/www.cbm.uam.es\\\/wp-content\\\/uploads\\\/2025\\\/03\\\/IMG_8816-scaled.jpg\",\"width\":2560,\"height\":1920},{\"@type\":\"BreadcrumbList\",\"@id\":\"https:\\\/\\\/www.cbm.uam.es\\\/index.php\\\/careers-and-training\\\/training-committee\\\/#breadcrumb\",\"itemListElement\":[{\"@type\":\"ListItem\",\"position\":1,\"name\":\"Portada\",\"item\":\"https:\\\/\\\/www.cbm.uam.es\\\/\"},{\"@type\":\"ListItem\",\"position\":2,\"name\":\"Empleo y formaci\u00f3n\",\"item\":\"https:\\\/\\\/www.cbm.uam.es\\\/index.php\\\/careers-and-training\\\/\"},{\"@type\":\"ListItem\",\"position\":3,\"name\":\"Comit\u00e9 TRAIN@CBM\"}]},{\"@type\":\"WebSite\",\"@id\":\"https:\\\/\\\/www.cbm.uam.es\\\/?lang=es\\\/#website\",\"url\":\"https:\\\/\\\/www.cbm.uam.es\\\/?lang=es\\\/\",\"name\":\"Centro de Biolog\u00eda Molecular Severo Ochoa\",\"description\":\"Official website of the CBM, CSIC - UAM. Biomedical research centre.\",\"publisher\":{\"@id\":\"https:\\\/\\\/www.cbm.uam.es\\\/?lang=es\\\/#organization\"},\"potentialAction\":[{\"@type\":\"SearchAction\",\"target\":{\"@type\":\"EntryPoint\",\"urlTemplate\":\"https:\\\/\\\/www.cbm.uam.es\\\/?lang=es\\\/?s={search_term_string}\"},\"query-input\":{\"@type\":\"PropertyValueSpecification\",\"valueRequired\":true,\"valueName\":\"search_term_string\"}}],\"inLanguage\":\"en-US\"},{\"@type\":\"Organization\",\"@id\":\"https:\\\/\\\/www.cbm.uam.es\\\/?lang=es\\\/#organization\",\"name\":\"Centro de Biolog\u00eda Molecular Severo Ochoa\",\"url\":\"https:\\\/\\\/www.cbm.uam.es\\\/?lang=es\\\/\",\"logo\":{\"@type\":\"ImageObject\",\"inLanguage\":\"en-US\",\"@id\":\"https:\\\/\\\/www.cbm.uam.es\\\/?lang=es\\\/#\\\/schema\\\/logo\\\/image\\\/\",\"url\":\"https:\\\/\\\/www.cbm.uam.es\\\/wp-content\\\/uploads\\\/2024\\\/11\\\/Logo-CBM-color-fondo-transparente.png\",\"contentUrl\":\"https:\\\/\\\/www.cbm.uam.es\\\/wp-content\\\/uploads\\\/2024\\\/11\\\/Logo-CBM-color-fondo-transparente.png\",\"width\":800,\"height\":342,\"caption\":\"Centro de Biolog\u00eda Molecular Severo Ochoa\"},\"image\":{\"@id\":\"https:\\\/\\\/www.cbm.uam.es\\\/?lang=es\\\/#\\\/schema\\\/logo\\\/image\\\/\"}}]}<\/script>\n<!-- \/ Yoast SEO plugin. -->","yoast_head_json":{"title":"Comit\u00e9 TRAIN@CBM - Centro de Biolog\u00eda Molecular Severo Ochoa","robots":{"index":"index","follow":"follow","max-snippet":"max-snippet:-1","max-image-preview":"max-image-preview:large","max-video-preview":"max-video-preview:-1"},"canonical":"https:\/\/www.cbm.uam.es\/index.php\/careers-and-training\/training-committee\/","og_locale":"en_US","og_type":"article","og_title":"Comit\u00e9 TRAIN@CBM - Centro de Biolog\u00eda Molecular Severo Ochoa","og_description":"Empleo y formaci\u00f3nEl programa TRAIN@CBM para investigadores en la parte temprana de su carrera (ECR, incluyendo investigadores predoctorales y postdoctorales), tiene como objetivos: a) PREPARAR a los investigadores en formaci\u00f3n [&hellip;]","og_url":"https:\/\/www.cbm.uam.es\/index.php\/careers-and-training\/training-committee\/","og_site_name":"Centro de Biolog\u00eda Molecular Severo Ochoa","article_modified_time":"2025-03-26T08:57:10+00:00","og_image":[{"url":"https:\/\/www.cbm.uam.es\/wp-content\/uploads\/2025\/03\/IMG_8816-scaled.jpg","type":"","width":"","height":""}],"twitter_card":"summary_large_image","schema":{"@context":"https:\/\/schema.org","@graph":[{"@type":"WebPage","@id":"https:\/\/www.cbm.uam.es\/index.php\/careers-and-training\/training-committee\/","url":"https:\/\/www.cbm.uam.es\/index.php\/careers-and-training\/training-committee\/","name":"Comit\u00e9 TRAIN@CBM - Centro de Biolog\u00eda Molecular Severo Ochoa","isPartOf":{"@id":"https:\/\/www.cbm.uam.es\/?lang=es\/#website"},"primaryImageOfPage":{"@id":"https:\/\/www.cbm.uam.es\/index.php\/careers-and-training\/training-committee\/#primaryimage"},"image":{"@id":"https:\/\/www.cbm.uam.es\/index.php\/careers-and-training\/training-committee\/#primaryimage"},"thumbnailUrl":"https:\/\/www.cbm.uam.es\/wp-content\/uploads\/2025\/03\/IMG_8816-scaled.jpg","datePublished":"2024-06-26T11:11:48+00:00","dateModified":"2025-03-26T08:57:10+00:00","breadcrumb":{"@id":"https:\/\/www.cbm.uam.es\/index.php\/careers-and-training\/training-committee\/#breadcrumb"},"inLanguage":"en-US","potentialAction":[{"@type":"ReadAction","target":["https:\/\/www.cbm.uam.es\/index.php\/careers-and-training\/training-committee\/"]}]},{"@type":"ImageObject","inLanguage":"en-US","@id":"https:\/\/www.cbm.uam.es\/index.php\/careers-and-training\/training-committee\/#primaryimage","url":"https:\/\/www.cbm.uam.es\/wp-content\/uploads\/2025\/03\/IMG_8816-scaled.jpg","contentUrl":"https:\/\/www.cbm.uam.es\/wp-content\/uploads\/2025\/03\/IMG_8816-scaled.jpg","width":2560,"height":1920},{"@type":"BreadcrumbList","@id":"https:\/\/www.cbm.uam.es\/index.php\/careers-and-training\/training-committee\/#breadcrumb","itemListElement":[{"@type":"ListItem","position":1,"name":"Portada","item":"https:\/\/www.cbm.uam.es\/"},{"@type":"ListItem","position":2,"name":"Empleo y formaci\u00f3n","item":"https:\/\/www.cbm.uam.es\/index.php\/careers-and-training\/"},{"@type":"ListItem","position":3,"name":"Comit\u00e9 TRAIN@CBM"}]},{"@type":"WebSite","@id":"https:\/\/www.cbm.uam.es\/?lang=es\/#website","url":"https:\/\/www.cbm.uam.es\/?lang=es\/","name":"Centro de Biolog\u00eda Molecular Severo Ochoa","description":"Official website of the CBM, CSIC - UAM. Biomedical research centre.","publisher":{"@id":"https:\/\/www.cbm.uam.es\/?lang=es\/#organization"},"potentialAction":[{"@type":"SearchAction","target":{"@type":"EntryPoint","urlTemplate":"https:\/\/www.cbm.uam.es\/?lang=es\/?s={search_term_string}"},"query-input":{"@type":"PropertyValueSpecification","valueRequired":true,"valueName":"search_term_string"}}],"inLanguage":"en-US"},{"@type":"Organization","@id":"https:\/\/www.cbm.uam.es\/?lang=es\/#organization","name":"Centro de Biolog\u00eda Molecular Severo Ochoa","url":"https:\/\/www.cbm.uam.es\/?lang=es\/","logo":{"@type":"ImageObject","inLanguage":"en-US","@id":"https:\/\/www.cbm.uam.es\/?lang=es\/#\/schema\/logo\/image\/","url":"https:\/\/www.cbm.uam.es\/wp-content\/uploads\/2024\/11\/Logo-CBM-color-fondo-transparente.png","contentUrl":"https:\/\/www.cbm.uam.es\/wp-content\/uploads\/2024\/11\/Logo-CBM-color-fondo-transparente.png","width":800,"height":342,"caption":"Centro de Biolog\u00eda Molecular Severo Ochoa"},"image":{"@id":"https:\/\/www.cbm.uam.es\/?lang=es\/#\/schema\/logo\/image\/"}}]}},"_links":{"self":[{"href":"https:\/\/www.cbm.uam.es\/index.php\/wp-json\/wp\/v2\/pages\/281604","targetHints":{"allow":["GET"]}}],"collection":[{"href":"https:\/\/www.cbm.uam.es\/index.php\/wp-json\/wp\/v2\/pages"}],"about":[{"href":"https:\/\/www.cbm.uam.es\/index.php\/wp-json\/wp\/v2\/types\/page"}],"author":[{"embeddable":true,"href":"https:\/\/www.cbm.uam.es\/index.php\/wp-json\/wp\/v2\/users\/3"}],"replies":[{"embeddable":true,"href":"https:\/\/www.cbm.uam.es\/index.php\/wp-json\/wp\/v2\/comments?post=281604"}],"version-history":[{"count":0,"href":"https:\/\/www.cbm.uam.es\/index.php\/wp-json\/wp\/v2\/pages\/281604\/revisions"}],"up":[{"embeddable":true,"href":"https:\/\/www.cbm.uam.es\/index.php\/wp-json\/wp\/v2\/pages\/281440"}],"wp:attachment":[{"href":"https:\/\/www.cbm.uam.es\/index.php\/wp-json\/wp\/v2\/media?parent=281604"}],"curies":[{"name":"wp","href":"https:\/\/api.w.org\/{rel}","templated":true}]}}