{"id":282469,"date":"2024-06-13T09:25:11","date_gmt":"2024-06-13T07:25:11","guid":{"rendered":"https:\/\/dhcp205002.cbm.uam.es\/?page_id=282469"},"modified":"2025-07-03T13:12:46","modified_gmt":"2025-07-03T11:12:46","slug":"animalario","status":"publish","type":"page","link":"https:\/\/www.cbm.uam.es\/index.php\/servicios\/animalario\/?lang=es","title":{"rendered":"Animalario"},"content":{"rendered":"<p>[et_pb_section fb_built=&#8221;1&#8243; _builder_version=&#8221;4.25.0&#8243; _module_preset=&#8221;default&#8221; background_color=&#8221;#34609B&#8221; background_image=&#8221;https:\/\/www.cbm.uam.es\/wp-content\/uploads\/2024\/06\/IMAGEN_ANIMALARIO.jpg&#8221; background_position=&#8221;bottom_center&#8221; background_vertical_offset=&#8221;22%&#8221; min_height=&#8221;352px&#8221; height=&#8221;294px&#8221; da_disable_devices=&#8221;off|off|off&#8221; global_colors_info=&#8221;{}&#8221; da_is_popup=&#8221;off&#8221; da_exit_intent=&#8221;off&#8221; da_has_close=&#8221;on&#8221; da_alt_close=&#8221;off&#8221; da_dark_close=&#8221;off&#8221; da_not_modal=&#8221;on&#8221; da_is_singular=&#8221;off&#8221; da_with_loader=&#8221;off&#8221; da_has_shadow=&#8221;on&#8221;][et_pb_row column_structure=&#8221;2_5,3_5&#8243; use_custom_gutter=&#8221;on&#8221; gutter_width=&#8221;4&#8243; _builder_version=&#8221;4.25.0&#8243; _module_preset=&#8221;default&#8221; background_color=&#8221;RGBA(255,255,255,0)&#8221; custom_margin=&#8221;61px||||false|false&#8221; custom_padding=&#8221;||0px|||&#8221; global_colors_info=&#8221;{}&#8221;][et_pb_column type=&#8221;2_5&#8243; _builder_version=&#8221;4.23.4&#8243; _module_preset=&#8221;default&#8221; background_color=&#8221;rgba(52,96,155,0.83)&#8221; custom_padding=&#8221;50px||50px|50px|false|false&#8221; border_radii=&#8221;on|15px|15px|15px|15px&#8221; global_colors_info=&#8221;{}&#8221;][et_pb_text _builder_version=&#8221;4.25.0&#8243; _module_preset=&#8221;default&#8221; text_text_color=&#8221;#FFFFFF&#8221; custom_margin=&#8221;0px||10px||false|false&#8221; custom_padding=&#8221;0px||0px||false|false&#8221; global_colors_info=&#8221;{}&#8221;]<\/p>\n<p>Servicios cient\u00edficos<\/p>\n<p>[\/et_pb_text][et_pb_heading title=&#8221;Animalario&#8221; _builder_version=&#8221;4.25.0&#8243; _module_preset=&#8221;default&#8221; title_font=&#8221;Montserrat||||||||&#8221; title_text_color=&#8221;#FFFFFF&#8221; title_font_size=&#8221;43px&#8221; title_letter_spacing=&#8221;2px&#8221; title_line_height=&#8221;1.1em&#8221; global_colors_info=&#8221;{}&#8221;][\/et_pb_heading][\/et_pb_column][et_pb_column type=&#8221;3_5&#8243; _builder_version=&#8221;4.23.4&#8243; _module_preset=&#8221;default&#8221; custom_padding=&#8221;157px||||false|false&#8221; global_colors_info=&#8221;{}&#8221;][\/et_pb_column][\/et_pb_row][\/et_pb_section][et_pb_section fb_built=&#8221;1&#8243; _builder_version=&#8221;4.23.4&#8243; _module_preset=&#8221;default&#8221; background_enable_image=&#8221;off&#8221; background_size=&#8221;custom&#8221; background_image_height=&#8221;84%&#8221; background_position=&#8221;bottom_right&#8221; da_disable_devices=&#8221;off|off|off&#8221; global_colors_info=&#8221;{}&#8221; da_is_popup=&#8221;off&#8221; da_exit_intent=&#8221;off&#8221; da_has_close=&#8221;on&#8221; da_alt_close=&#8221;off&#8221; da_dark_close=&#8221;off&#8221; da_not_modal=&#8221;on&#8221; da_is_singular=&#8221;off&#8221; da_with_loader=&#8221;off&#8221; da_has_shadow=&#8221;on&#8221;][et_pb_row _builder_version=&#8221;4.23.4&#8243; _module_preset=&#8221;default&#8221; custom_margin=&#8221;||0px||false|false&#8221; custom_padding=&#8221;||0px||false|false&#8221; global_colors_info=&#8221;{}&#8221;][et_pb_column type=&#8221;4_4&#8243; _builder_version=&#8221;4.23.4&#8243; _module_preset=&#8221;default&#8221; global_colors_info=&#8221;{}&#8221;][\/et_pb_column][\/et_pb_row][et_pb_row column_structure=&#8221;1_3,2_3&#8243; _builder_version=&#8221;4.23.4&#8243; _module_preset=&#8221;default&#8221; custom_margin=&#8221;30px||||false|false&#8221; custom_padding=&#8221;0px||||false|false&#8221; global_colors_info=&#8221;{}&#8221;][et_pb_column type=&#8221;1_3&#8243; _builder_version=&#8221;4.23.4&#8243; _module_preset=&#8221;default&#8221; background_color=&#8221;rgba(204,209,209,0.18)&#8221; custom_padding=&#8221;15px|15px|15px|15px|true|true&#8221; global_colors_info=&#8221;{}&#8221;][et_pb_blurb title=&#8221;Responsable del servicio&#8221; use_icon=&#8221;on&#8221; font_icon=&#8221;&#x57;||divi||400&#8243; icon_color=&#8221;#13B5BD&#8221; icon_placement=&#8221;left&#8221; image_icon_width=&#8221;25px&#8221; _builder_version=&#8221;4.25.0&#8243; _module_preset=&#8221;default&#8221; header_text_align=&#8221;left&#8221; header_text_color=&#8221;#34609B&#8221; image_icon_custom_margin=&#8221;-3px|-1px|||false|false&#8221; image_icon_custom_padding=&#8221;|0px|||false|false&#8221; custom_margin=&#8221;|-1px||0px|false|false&#8221; global_colors_info=&#8221;{}&#8221;][\/et_pb_blurb][et_pb_blurb title=&#8221;Blanca Est\u00e9vez Santiago&#8221; image=&#8221;\/imgs\/5703.jpg&#8221; image_icon_width=&#8221;200px&#8221; module_class=&#8221;roundedImg&#8221; _builder_version=&#8221;4.27.0&#8243; _module_preset=&#8221;default&#8221; header_text_align=&#8221;center&#8221; header_font_size=&#8221;14px&#8221; global_colors_info=&#8221;{}&#8221;][\/et_pb_blurb][et_pb_blurb title=&#8221;Coordinador cient\u00edfico&#8221; use_icon=&#8221;on&#8221; font_icon=&#8221;&#x57;||divi||400&#8243; icon_color=&#8221;#13B5BD&#8221; icon_placement=&#8221;left&#8221; image_icon_width=&#8221;25px&#8221; _builder_version=&#8221;4.25.0&#8243; _module_preset=&#8221;default&#8221; header_text_align=&#8221;left&#8221; header_text_color=&#8221;#34609B&#8221; image_icon_custom_margin=&#8221;-3px|-1px|||false|false&#8221; image_icon_custom_padding=&#8221;|0px|||false|false&#8221; custom_margin=&#8221;|-1px||0px|false|false&#8221; global_colors_info=&#8221;{}&#8221;][\/et_pb_blurb][et_pb_blurb title=&#8221;Mar\u00eda Mittelbrunn Herrero&#8221; image=&#8221;\/imgs\/2716.jpg&#8221; image_icon_width=&#8221;200px&#8221; module_class=&#8221;roundedImg&#8221; _builder_version=&#8221;4.27.0&#8243; _module_preset=&#8221;default&#8221; header_text_align=&#8221;center&#8221; header_font_size=&#8221;14px&#8221; global_colors_info=&#8221;{}&#8221;][\/et_pb_blurb][et_pb_blurb title=&#8221;Contacto&#8221; use_icon=&#8221;on&#8221; font_icon=&#8221;&#x57;||divi||400&#8243; icon_color=&#8221;#13B5BD&#8221; icon_placement=&#8221;left&#8221; image_icon_width=&#8221;25px&#8221; _builder_version=&#8221;4.25.0&#8243; _module_preset=&#8221;default&#8221; header_text_align=&#8221;left&#8221; header_text_color=&#8221;#34609B&#8221; body_font_size=&#8221;11px&#8221; body_line_height=&#8221;1.6em&#8221; image_icon_custom_margin=&#8221;-3px|-1px|||false|false&#8221; image_icon_custom_padding=&#8221;|0px|||false|false&#8221; custom_margin=&#8221;|-1px||0px|false|false&#8221; global_colors_info=&#8221;{}&#8221;][\/et_pb_blurb][et_pb_blurb title=&#8221;91 196 44 49&#8243; use_icon=&#8221;on&#8221; font_icon=&#8221;&#xf879;||fa||900&#8243; icon_color=&#8221;#008C93&#8243; icon_placement=&#8221;left&#8221; image_icon_width=&#8221;16px&#8221; _builder_version=&#8221;4.25.0&#8243; _module_preset=&#8221;default&#8221; header_font_size=&#8221;14px&#8221; image_icon_custom_margin=&#8221;|-5px||50px|false|false&#8221; image_icon_custom_padding=&#8221;||||false|false&#8221; custom_margin=&#8221;-11px||5px||false|false&#8221; global_colors_info=&#8221;{}&#8221;][\/et_pb_blurb][et_pb_blurb title=&#8221;animalario (at) cbm.csic.es&#8221; use_icon=&#8221;on&#8221; font_icon=&#8221;&#xe076;||divi||400&#8243; icon_color=&#8221;#008C93&#8243; icon_placement=&#8221;left&#8221; image_icon_width=&#8221;16px&#8221; _builder_version=&#8221;4.25.0&#8243; _module_preset=&#8221;default&#8221; header_font_size=&#8221;14px&#8221; image_icon_custom_margin=&#8221;|-5px||50px|false|false&#8221; global_colors_info=&#8221;{}&#8221;][\/et_pb_blurb][et_pb_blurb title=&#8221;Tarifas&#8221; use_icon=&#8221;on&#8221; font_icon=&#8221;&#x57;||divi||400&#8243; icon_color=&#8221;#13B5BD&#8221; icon_placement=&#8221;left&#8221; image_icon_width=&#8221;25px&#8221; _builder_version=&#8221;4.25.0&#8243; _module_preset=&#8221;default&#8221; header_text_align=&#8221;left&#8221; header_text_color=&#8221;#34609B&#8221; body_font_size=&#8221;11px&#8221; body_line_height=&#8221;1.6em&#8221; image_icon_custom_margin=&#8221;-3px|-1px|||false|false&#8221; image_icon_custom_padding=&#8221;|0px|||false|false&#8221; custom_margin=&#8221;|-1px||0px|false|false&#8221; global_colors_info=&#8221;{}&#8221;][\/et_pb_blurb][et_pb_icon font_icon=&#8221;&#xf1c1;||fa||400&#8243; icon_color=&#8221;#13B5BD&#8221; icon_width=&#8221;24px&#8221; url=&#8221;\/wp-content\/uploads\/2024\/06\/2024-05-21-Tarifas-Prestaciones-AnimalarioT.pdf&#8221; url_new_window=&#8221;on&#8221; _builder_version=&#8221;4.25.0&#8243; _module_preset=&#8221;default&#8221; custom_margin=&#8221;-21px|||-167px|false|false&#8221; custom_padding=&#8221;0px||||false|false&#8221; global_colors_info=&#8221;{}&#8221;][\/et_pb_icon][\/et_pb_column][et_pb_column type=&#8221;2_3&#8243; _builder_version=&#8221;4.23.4&#8243; _module_preset=&#8221;default&#8221; global_colors_info=&#8221;{}&#8221;][et_pb_text _builder_version=&#8221;4.27.4&#8243; _module_preset=&#8221;default&#8221; hover_enabled=&#8221;0&#8243; global_colors_info=&#8221;{}&#8221; sticky_enabled=&#8221;0&#8243;]<\/p>\n<p>El Animalario del CBM, inaugurado en enero de 2011, ocupa una superficie de unos 1500 m2. Tiene habitaciones para ratones, peces y ranas. Los ratones se alojan en estanter\u00edas ventiladas y se manipulan en cabinas de seguridad biol\u00f3gica. Los peces y las ranas se alojan en estanter\u00edas espec\u00edficas para su mantenimiento.<\/p>\n<p>El espacio se divide en las siguientes zonas:<\/p>\n<ul>\n<li>Zona de barrera limpia o SPF (rat\u00f3n): Dispone de varias salas donde se producen l\u00edneas transg\u00e9nicas junto con sus principales antecedentes gen\u00e9ticos. Todas las l\u00edneas de ratones que entren en la barrera lo har\u00e1n por rederivaci\u00f3n embrionaria.<\/li>\n<li>Sala de bioseguridad de nivel 3 (rat\u00f3n), conectada por un SAS a la sala de cultivo P3.<\/li>\n<li>Sala con nivel de bioseguridad 2 (ratones).<\/li>\n<li>Salas para estabulaci\u00f3n convencional y experimentaci\u00f3n (ratones).<\/li>\n<li>Salas para estudios de comportamiento (ratones): Tanto en \u00e1reas de barrera como convencionales.<\/li>\n<li>Sala con equipos del servicio de Biomedicina Precl\u00ednica.<\/li>\n<li>Sala de acu\u00e1ticos (ranas y peces).<\/li>\n<li>Laboratorio.<\/li>\n<li>Zona de lavado y procesamiento de material.<\/li>\n<\/ul>\n<p>Los usuarios deben tener en cuenta que existen periodos de cuarentena entre las distintas salas del Animalario o entre este Animalario y los de otros centros.<\/p>\n<p>El trabajo en el Animalario se realiza de acuerdo con la normativa vigente, prestando especial atenci\u00f3n a la salud y el bienestar de los animales. Si quieres m\u00e1s informaci\u00f3n sobre este tema, la puedes encontrar en la <a href=\"\/index.php\/quienes-somos\/comite-de-etica-de-experimentacion-animal\/?lang=es\" target=\"_blank\" rel=\"noopener\">p\u00e1gina de nuestro Comit\u00e9 de \u00c9tica de Experimentaci\u00f3n Animal<\/a>.<\/p>\n<p>[\/et_pb_text][et_pb_accordion open_toggle_text_color=&#8221;RGBA(255,255,255,0)&#8221; closed_toggle_text_color=&#8221;#34609B&#8221; closed_toggle_background_color=&#8221;rgba(175,218,249,0.39)&#8221; toggle_icon=&#8221;&#x47;||divi||400&#8243; icon_color=&#8221;#008C93&#8243; _builder_version=&#8221;4.27.4&#8243; _module_preset=&#8221;default&#8221; toggle_text_color=&#8221;RGBA(255,255,255,0)&#8221; width=&#8221;100%&#8221; animation_style=&#8221;slide&#8221; animation_direction=&#8221;bottom&#8221; box_shadow_style=&#8221;preset2&#8243; box_shadow_spread=&#8221;-10px&#8221; global_colors_info=&#8221;{}&#8221;][et_pb_accordion_item title=&#8221;Vacio&#8221; open=&#8221;on&#8221; _builder_version=&#8221;4.25.0&#8243; _module_preset=&#8221;default&#8221; transform_scale=&#8221;-2%|-2%&#8221; custom_css_main_element=&#8221;display: none;&#8221; border_width_all=&#8221;0px&#8221; border_color_all=&#8221;RGBA(255,255,255,0)&#8221; border_style_all=&#8221;none&#8221; global_colors_info=&#8221;{}&#8221;]<\/p>\n<p>Your content goes here. Edit or remove this text inline or in the module Content settings. You can also style every aspect of this content in the module Design settings and even apply custom CSS to this text in the module Advanced settings.<\/p>\n<p>[\/et_pb_accordion_item][et_pb_accordion_item title=&#8221;Servicios del Animalario&#8221; toggle_icon=&#8221;&#xf52e;||fa||900&#8243; use_icon_font_size=&#8221;on&#8221; icon_font_size=&#8221;22px&#8221; _builder_version=&#8221;4.25.0&#8243; _module_preset=&#8221;default&#8221; global_colors_info=&#8221;{}&#8221; open=&#8221;off&#8221;]<\/p>\n<p>El trabajo en el Animalario se realiza de acuerdo con la normativa vigente, prestando especial atenci\u00f3n a la salud y el bienestar de los animales.<\/p>\n<p>Entre los servicios internos que ofrece el Animalario se incluyen:<\/p>\n<p>&#8211; Mantenimiento y producci\u00f3n de ratones.<br \/>&#8211; Mantenimiento de peces y ranas.<br \/>&#8211; Gesti\u00f3n de colonias de ratones transg\u00e9nicos.<br \/>&#8211; Apoyo a los investigadores en diversos procedimientos.<br \/>&#8211; Asesoramiento t\u00e9cnico.<br \/>&#8211; Controles de sanidad animal, realizados externamente.<br \/>&#8211; Biotecnolog\u00eda reproductiva.<\/p>\n<p><span> <\/span><\/p>\n<p>[\/et_pb_accordion_item][et_pb_accordion_item title=&#8221;Otros servicios cient\u00edficos situados en el Animalario&#8221; toggle_icon=&#8221;&#xf572;||fa||900&#8243; use_icon_font_size=&#8221;on&#8221; icon_font_size=&#8221;22px&#8221; _builder_version=&#8221;4.27.2&#8243; _module_preset=&#8221;default&#8221; global_colors_info=&#8221;{}&#8221; open=&#8221;off&#8221;]<\/p>\n<p><strong>Biomedicina Precl\u00ednica<\/strong> es una instalaci\u00f3n cient\u00edfica que ofrece asesoramiento cient\u00edfico-t\u00e9cnico y apoyo para el dise\u00f1o experimental y el uso de equipos experimentales con animales peque\u00f1os. Su objetivo es facilitar la investigaci\u00f3n precl\u00ednica de los cient\u00edficos de CBM.<\/p>\n<p>El servicio proporciona acceso a los siguientes equipos:<\/p>\n<p>&#8211; Jaulas metab\u00f3licas para ratones (PhenoMaster Metabolic Cages de TSE Systems y Comprehensive Lab Animal Monitoring System, CLAMS, para an\u00e1lisis): Estas jaulas permiten medir diversos par\u00e1metros metab\u00f3licos de los ratones a diferentes temperaturas, como la ingesta de alimentos y agua, el gasto energ\u00e9tico, el movimiento, la temperatura y el peso corporal, y el gasto de ox\u00edgeno.<br \/>&#8211; Endoscopio para ratones (COLOVIEW Mainz de Karl Storz): Este dispositivo permite la visualizaci\u00f3n del colon de ratones anestesiados, la inyecci\u00f3n de fluidos y la grabaci\u00f3n de v\u00eddeo en color.<br \/>&#8211; Ec\u00f3grafo.<br \/>&#8211; Tensi\u00f3metro.<br \/>&#8211; Dos sistemas de obtenci\u00f3n de im\u00e1genes in vivo (IVIS Lumina II e IVIS Spectrum): Estos sistemas permiten obtener im\u00e1genes no invasivas de animales vivos utilizando diferentes modalidades, como la \u00f3ptica, la fluorescencia y la bioluminiscencia.<br \/>&#8211; Hemocit\u00f3metro Element HT5: un analizador multicanal que utiliza citometr\u00eda de flujo l\u00e1ser, tecnolog\u00eda de impedancia y detecci\u00f3n colorim\u00e9trica para determinar con rapidez y precisi\u00f3n los par\u00e1metros de gl\u00f3bulos rojos, gl\u00f3bulos blancos y plaquetas en ratones.<\/p>\n<p>El servicio tambi\u00e9n ofrece formaci\u00f3n y orientaci\u00f3n sobre el uso de los equipos, as\u00ed como an\u00e1lisis e interpretaci\u00f3n de datos. El personal del servicio tiene experiencia y est\u00e1 cualificado en el campo de la biomedicina precl\u00ednica y puede ayudar a los investigadores en el dise\u00f1o y la ejecuci\u00f3n de sus experimentos.<\/p>\n<p>El servicio de Biomedicina Precl\u00ednica tiene como objetivo prestar servicios de calidad y fiables que respondan a las necesidades y expectativas de los investigadores, as\u00ed como a las normas \u00e9ticas y reglamentarias de la investigaci\u00f3n con animales. El servicio est\u00e1 abierto a todos los investigadores del instituto y a colaboradores externos interesados en utilizar los equipos.<\/p>\n<p>Contacto: <span class=\"s1\">biomedicina.preclinica(at)cbm.csic.es<\/span><\/p>\n<p>[\/et_pb_accordion_item][et_pb_accordion_item title=&#8221;Recursos&#8221; toggle_icon=&#8221;&#xf0c6;||fa||900&#8243; use_icon_font_size=&#8221;on&#8221; icon_font_size=&#8221;20px&#8221; _builder_version=&#8221;4.27.4&#8243; _module_preset=&#8221;default&#8221; global_colors_info=&#8221;{}&#8221; open=&#8221;off&#8221;]<\/p>\n<p><strong>Legislaci\u00f3n:<\/strong><\/p>\n<ul>\n<li>R.D. 53 &#8211; 2013 por el que se establecen las normas b\u00e1sicas aplicables para la protecci\u00f3n de los animales utilizados en experimentaci\u00f3n y otros fines cient\u00edficos, incluida la docencia.<\/li>\n<li>Ley 32 de 2007, de 7 de noviembre, para el cuidado de los animales, en su explotaci\u00f3n, transporte, experimentaci\u00f3n y sacrificio.<\/li>\n<li>Directiva 2010 63 UE relativa a la protecci\u00f3n de los animales utilizados para fines cient\u00edficos.<\/li>\n<li>Orden 566\/2015, por la que se establecen los requisitos de formaci\u00f3n que debe cumplir el personal que manipule animales utilizados, criados o suministrados con fines experimentales.<\/li>\n<\/ul>\n<p>&nbsp;<\/p>\n<p><strong>Procesos administrativos de la CAM:<\/strong><\/p>\n<ul>\n<li>Solicitud de licencia para manipular animales de experimentaci\u00f3n<\/li>\n<li>Mantenimiento de la licencia para trabajar con animales de experimentaci\u00f3n<\/li>\n<li>Autorizaci\u00f3n del proyecto (RD 53\/2013, Experimentaci\u00f3n Animal).<\/li>\n<\/ul>\n<p>&nbsp;<\/p>\n<p>[\/et_pb_accordion_item][\/et_pb_accordion][\/et_pb_column][\/et_pb_row][\/et_pb_section]<\/p>\n","protected":false},"excerpt":{"rendered":"<p>Servicios cient\u00edficosEl Animalario del CBM, inaugurado en enero de 2011, ocupa una superficie de unos 1500 m2. Tiene habitaciones para ratones, peces y ranas. Los ratones se alojan en estanter\u00edas [&hellip;]<\/p>\n","protected":false},"author":32,"featured_media":0,"parent":281443,"menu_order":0,"comment_status":"closed","ping_status":"closed","template":"","meta":{"_et_pb_use_builder":"on","_et_pb_old_content":"","_et_gb_content_width":"","footnotes":""},"class_list":["post-282469","page","type-page","status-publish","hentry"],"yoast_head":"<!-- This site is optimized with the Yoast SEO plugin v27.3 - https:\/\/yoast.com\/product\/yoast-seo-wordpress\/ -->\n<title>Animalario - Centro de Biolog\u00eda Molecular Severo Ochoa<\/title>\n<meta name=\"robots\" content=\"index, follow, max-snippet:-1, max-image-preview:large, max-video-preview:-1\" \/>\n<link rel=\"canonical\" href=\"https:\/\/www.cbm.uam.es\/index.php\/servicios\/animalario\/?lang=es\" \/>\n<meta property=\"og:locale\" content=\"en_US\" \/>\n<meta property=\"og:type\" content=\"article\" \/>\n<meta property=\"og:title\" content=\"Animalario - Centro de Biolog\u00eda Molecular Severo Ochoa\" \/>\n<meta property=\"og:description\" content=\"Servicios cient\u00edficosEl Animalario del CBM, inaugurado en enero de 2011, ocupa una superficie de unos 1500 m2. Tiene habitaciones para ratones, peces y ranas. Los ratones se alojan en estanter\u00edas [&hellip;]\" \/>\n<meta property=\"og:url\" content=\"https:\/\/www.cbm.uam.es\/index.php\/servicios\/animalario\/?lang=es\" \/>\n<meta property=\"og:site_name\" content=\"Centro de Biolog\u00eda Molecular Severo Ochoa\" \/>\n<meta property=\"article:modified_time\" content=\"2025-07-03T11:12:46+00:00\" \/>\n<meta name=\"twitter:card\" content=\"summary_large_image\" \/>\n<script type=\"application\/ld+json\" class=\"yoast-schema-graph\">{\"@context\":\"https:\\\/\\\/schema.org\",\"@graph\":[{\"@type\":\"WebPage\",\"@id\":\"https:\\\/\\\/www.cbm.uam.es\\\/index.php\\\/servicios\\\/animalario\\\/?lang=es\",\"url\":\"https:\\\/\\\/www.cbm.uam.es\\\/index.php\\\/servicios\\\/animalario\\\/?lang=es\",\"name\":\"Animalario - Centro de Biolog\u00eda Molecular Severo Ochoa\",\"isPartOf\":{\"@id\":\"https:\\\/\\\/www.cbm.uam.es\\\/?lang=es\\\/#website\"},\"datePublished\":\"2024-06-13T07:25:11+00:00\",\"dateModified\":\"2025-07-03T11:12:46+00:00\",\"breadcrumb\":{\"@id\":\"https:\\\/\\\/www.cbm.uam.es\\\/index.php\\\/servicios\\\/animalario\\\/?lang=es#breadcrumb\"},\"inLanguage\":\"en-US\",\"potentialAction\":[{\"@type\":\"ReadAction\",\"target\":[\"https:\\\/\\\/www.cbm.uam.es\\\/index.php\\\/servicios\\\/animalario\\\/?lang=es\"]}]},{\"@type\":\"BreadcrumbList\",\"@id\":\"https:\\\/\\\/www.cbm.uam.es\\\/index.php\\\/servicios\\\/animalario\\\/?lang=es#breadcrumb\",\"itemListElement\":[{\"@type\":\"ListItem\",\"position\":1,\"name\":\"Portada\",\"item\":\"https:\\\/\\\/www.cbm.uam.es\\\/\"},{\"@type\":\"ListItem\",\"position\":2,\"name\":\"Servicios\",\"item\":\"https:\\\/\\\/www.cbm.uam.es\\\/index.php\\\/servicios\\\/?lang=es\"},{\"@type\":\"ListItem\",\"position\":3,\"name\":\"Animalario\"}]},{\"@type\":\"WebSite\",\"@id\":\"https:\\\/\\\/www.cbm.uam.es\\\/?lang=es\\\/#website\",\"url\":\"https:\\\/\\\/www.cbm.uam.es\\\/?lang=es\\\/\",\"name\":\"Centro de Biolog\u00eda Molecular Severo Ochoa\",\"description\":\"Official website of the CBM, CSIC - UAM. Biomedical research centre.\",\"publisher\":{\"@id\":\"https:\\\/\\\/www.cbm.uam.es\\\/?lang=es\\\/#organization\"},\"potentialAction\":[{\"@type\":\"SearchAction\",\"target\":{\"@type\":\"EntryPoint\",\"urlTemplate\":\"https:\\\/\\\/www.cbm.uam.es\\\/?lang=es\\\/?s={search_term_string}\"},\"query-input\":{\"@type\":\"PropertyValueSpecification\",\"valueRequired\":true,\"valueName\":\"search_term_string\"}}],\"inLanguage\":\"en-US\"},{\"@type\":\"Organization\",\"@id\":\"https:\\\/\\\/www.cbm.uam.es\\\/?lang=es\\\/#organization\",\"name\":\"Centro de Biolog\u00eda Molecular Severo Ochoa\",\"url\":\"https:\\\/\\\/www.cbm.uam.es\\\/?lang=es\\\/\",\"logo\":{\"@type\":\"ImageObject\",\"inLanguage\":\"en-US\",\"@id\":\"https:\\\/\\\/www.cbm.uam.es\\\/?lang=es\\\/#\\\/schema\\\/logo\\\/image\\\/\",\"url\":\"https:\\\/\\\/www.cbm.uam.es\\\/wp-content\\\/uploads\\\/2024\\\/11\\\/Logo-CBM-color-fondo-transparente.png\",\"contentUrl\":\"https:\\\/\\\/www.cbm.uam.es\\\/wp-content\\\/uploads\\\/2024\\\/11\\\/Logo-CBM-color-fondo-transparente.png\",\"width\":800,\"height\":342,\"caption\":\"Centro de Biolog\u00eda Molecular Severo Ochoa\"},\"image\":{\"@id\":\"https:\\\/\\\/www.cbm.uam.es\\\/?lang=es\\\/#\\\/schema\\\/logo\\\/image\\\/\"}}]}<\/script>\n<!-- \/ Yoast SEO plugin. -->","yoast_head_json":{"title":"Animalario - Centro de Biolog\u00eda Molecular Severo Ochoa","robots":{"index":"index","follow":"follow","max-snippet":"max-snippet:-1","max-image-preview":"max-image-preview:large","max-video-preview":"max-video-preview:-1"},"canonical":"https:\/\/www.cbm.uam.es\/index.php\/servicios\/animalario\/?lang=es","og_locale":"en_US","og_type":"article","og_title":"Animalario - Centro de Biolog\u00eda Molecular Severo Ochoa","og_description":"Servicios cient\u00edficosEl Animalario del CBM, inaugurado en enero de 2011, ocupa una superficie de unos 1500 m2. Tiene habitaciones para ratones, peces y ranas. Los ratones se alojan en estanter\u00edas [&hellip;]","og_url":"https:\/\/www.cbm.uam.es\/index.php\/servicios\/animalario\/?lang=es","og_site_name":"Centro de Biolog\u00eda Molecular Severo Ochoa","article_modified_time":"2025-07-03T11:12:46+00:00","twitter_card":"summary_large_image","schema":{"@context":"https:\/\/schema.org","@graph":[{"@type":"WebPage","@id":"https:\/\/www.cbm.uam.es\/index.php\/servicios\/animalario\/?lang=es","url":"https:\/\/www.cbm.uam.es\/index.php\/servicios\/animalario\/?lang=es","name":"Animalario - Centro de Biolog\u00eda Molecular Severo Ochoa","isPartOf":{"@id":"https:\/\/www.cbm.uam.es\/?lang=es\/#website"},"datePublished":"2024-06-13T07:25:11+00:00","dateModified":"2025-07-03T11:12:46+00:00","breadcrumb":{"@id":"https:\/\/www.cbm.uam.es\/index.php\/servicios\/animalario\/?lang=es#breadcrumb"},"inLanguage":"en-US","potentialAction":[{"@type":"ReadAction","target":["https:\/\/www.cbm.uam.es\/index.php\/servicios\/animalario\/?lang=es"]}]},{"@type":"BreadcrumbList","@id":"https:\/\/www.cbm.uam.es\/index.php\/servicios\/animalario\/?lang=es#breadcrumb","itemListElement":[{"@type":"ListItem","position":1,"name":"Portada","item":"https:\/\/www.cbm.uam.es\/"},{"@type":"ListItem","position":2,"name":"Servicios","item":"https:\/\/www.cbm.uam.es\/index.php\/servicios\/?lang=es"},{"@type":"ListItem","position":3,"name":"Animalario"}]},{"@type":"WebSite","@id":"https:\/\/www.cbm.uam.es\/?lang=es\/#website","url":"https:\/\/www.cbm.uam.es\/?lang=es\/","name":"Centro de Biolog\u00eda Molecular Severo Ochoa","description":"Official website of the CBM, CSIC - UAM. Biomedical research centre.","publisher":{"@id":"https:\/\/www.cbm.uam.es\/?lang=es\/#organization"},"potentialAction":[{"@type":"SearchAction","target":{"@type":"EntryPoint","urlTemplate":"https:\/\/www.cbm.uam.es\/?lang=es\/?s={search_term_string}"},"query-input":{"@type":"PropertyValueSpecification","valueRequired":true,"valueName":"search_term_string"}}],"inLanguage":"en-US"},{"@type":"Organization","@id":"https:\/\/www.cbm.uam.es\/?lang=es\/#organization","name":"Centro de Biolog\u00eda Molecular Severo Ochoa","url":"https:\/\/www.cbm.uam.es\/?lang=es\/","logo":{"@type":"ImageObject","inLanguage":"en-US","@id":"https:\/\/www.cbm.uam.es\/?lang=es\/#\/schema\/logo\/image\/","url":"https:\/\/www.cbm.uam.es\/wp-content\/uploads\/2024\/11\/Logo-CBM-color-fondo-transparente.png","contentUrl":"https:\/\/www.cbm.uam.es\/wp-content\/uploads\/2024\/11\/Logo-CBM-color-fondo-transparente.png","width":800,"height":342,"caption":"Centro de Biolog\u00eda Molecular Severo Ochoa"},"image":{"@id":"https:\/\/www.cbm.uam.es\/?lang=es\/#\/schema\/logo\/image\/"}}]}},"_links":{"self":[{"href":"https:\/\/www.cbm.uam.es\/index.php\/wp-json\/wp\/v2\/pages\/282469","targetHints":{"allow":["GET"]}}],"collection":[{"href":"https:\/\/www.cbm.uam.es\/index.php\/wp-json\/wp\/v2\/pages"}],"about":[{"href":"https:\/\/www.cbm.uam.es\/index.php\/wp-json\/wp\/v2\/types\/page"}],"author":[{"embeddable":true,"href":"https:\/\/www.cbm.uam.es\/index.php\/wp-json\/wp\/v2\/users\/32"}],"replies":[{"embeddable":true,"href":"https:\/\/www.cbm.uam.es\/index.php\/wp-json\/wp\/v2\/comments?post=282469"}],"version-history":[{"count":0,"href":"https:\/\/www.cbm.uam.es\/index.php\/wp-json\/wp\/v2\/pages\/282469\/revisions"}],"up":[{"embeddable":true,"href":"https:\/\/www.cbm.uam.es\/index.php\/wp-json\/wp\/v2\/pages\/281443"}],"wp:attachment":[{"href":"https:\/\/www.cbm.uam.es\/index.php\/wp-json\/wp\/v2\/media?parent=282469"}],"curies":[{"name":"wp","href":"https:\/\/api.w.org\/{rel}","templated":true}]}}