{"id":283538,"date":"2024-09-20T12:10:54","date_gmt":"2024-09-20T10:10:54","guid":{"rendered":"https:\/\/dhcp205002.cbm.uam.es\/?page_id=283538"},"modified":"2025-07-10T09:50:38","modified_gmt":"2025-07-10T07:50:38","slug":"biomedicina-preclinica","status":"publish","type":"page","link":"https:\/\/www.cbm.uam.es\/index.php\/servicios\/biomedicina-preclinica\/?lang=es","title":{"rendered":"Biomedicina precl\u00ednica"},"content":{"rendered":"<p>[et_pb_section fb_built=&#8221;1&#8243; _builder_version=&#8221;4.25.0&#8243; _module_preset=&#8221;default&#8221; background_color=&#8221;#34609B&#8221; background_image=&#8221;https:\/\/www.cbm.uam.es\/wp-content\/uploads\/2024\/06\/biomed-preclin-tranps-e1719296196758.png&#8221; min_height=&#8221;352px&#8221; height=&#8221;294px&#8221; da_disable_devices=&#8221;off|off|off&#8221; global_colors_info=&#8221;{}&#8221; da_is_popup=&#8221;off&#8221; da_exit_intent=&#8221;off&#8221; da_has_close=&#8221;on&#8221; da_alt_close=&#8221;off&#8221; da_dark_close=&#8221;off&#8221; da_not_modal=&#8221;on&#8221; da_is_singular=&#8221;off&#8221; da_with_loader=&#8221;off&#8221; da_has_shadow=&#8221;on&#8221;][et_pb_row column_structure=&#8221;2_5,3_5&#8243; use_custom_gutter=&#8221;on&#8221; gutter_width=&#8221;4&#8243; _builder_version=&#8221;4.23.4&#8243; _module_preset=&#8221;default&#8221; background_color=&#8221;RGBA(255,255,255,0)&#8221; custom_margin=&#8221;61px||||false|false&#8221; custom_padding=&#8221;||0px|||&#8221; global_colors_info=&#8221;{}&#8221;][et_pb_column type=&#8221;2_5&#8243; _builder_version=&#8221;4.23.4&#8243; _module_preset=&#8221;default&#8221; background_color=&#8221;rgba(52,96,155,0.83)&#8221; custom_padding=&#8221;50px||50px|50px|false|false&#8221; border_radii=&#8221;on|15px|15px|15px|15px&#8221; global_colors_info=&#8221;{}&#8221;][et_pb_text _builder_version=&#8221;4.25.0&#8243; _module_preset=&#8221;default&#8221; text_text_color=&#8221;#FFFFFF&#8221; custom_margin=&#8221;0px||10px||false|false&#8221; custom_padding=&#8221;0px||0px||false|false&#8221; global_colors_info=&#8221;{}&#8221;]<\/p>\n<p>Servicios cient\u00edficos<\/p>\n<p>[\/et_pb_text][et_pb_heading title=&#8221;Biomedicina precl\u00ednica&#8221; _builder_version=&#8221;4.25.0&#8243; _module_preset=&#8221;default&#8221; title_font=&#8221;Montserrat||||||||&#8221; title_text_color=&#8221;#FFFFFF&#8221; title_font_size=&#8221;43px&#8221; title_line_height=&#8221;1.1em&#8221; global_colors_info=&#8221;{}&#8221;][\/et_pb_heading][\/et_pb_column][et_pb_column type=&#8221;3_5&#8243; _builder_version=&#8221;4.23.4&#8243; _module_preset=&#8221;default&#8221; custom_padding=&#8221;157px||||false|false&#8221; global_colors_info=&#8221;{}&#8221;][\/et_pb_column][\/et_pb_row][\/et_pb_section][et_pb_section fb_built=&#8221;1&#8243; _builder_version=&#8221;4.23.4&#8243; _module_preset=&#8221;default&#8221; background_enable_image=&#8221;off&#8221; background_size=&#8221;custom&#8221; background_image_height=&#8221;84%&#8221; background_position=&#8221;bottom_right&#8221; da_disable_devices=&#8221;off|off|off&#8221; global_colors_info=&#8221;{}&#8221; da_is_popup=&#8221;off&#8221; da_exit_intent=&#8221;off&#8221; da_has_close=&#8221;on&#8221; da_alt_close=&#8221;off&#8221; da_dark_close=&#8221;off&#8221; da_not_modal=&#8221;on&#8221; da_is_singular=&#8221;off&#8221; da_with_loader=&#8221;off&#8221; da_has_shadow=&#8221;on&#8221;][et_pb_row _builder_version=&#8221;4.23.4&#8243; _module_preset=&#8221;default&#8221; custom_margin=&#8221;||0px||false|false&#8221; custom_padding=&#8221;||0px||false|false&#8221; global_colors_info=&#8221;{}&#8221;][et_pb_column type=&#8221;4_4&#8243; _builder_version=&#8221;4.23.4&#8243; _module_preset=&#8221;default&#8221; global_colors_info=&#8221;{}&#8221;][\/et_pb_column][\/et_pb_row][et_pb_row column_structure=&#8221;1_3,2_3&#8243; _builder_version=&#8221;4.23.4&#8243; _module_preset=&#8221;default&#8221; custom_margin=&#8221;30px||||false|false&#8221; custom_padding=&#8221;0px||||false|false&#8221; global_colors_info=&#8221;{}&#8221;][et_pb_column type=&#8221;1_3&#8243; _builder_version=&#8221;4.23.4&#8243; _module_preset=&#8221;default&#8221; background_color=&#8221;rgba(204,209,209,0.18)&#8221; custom_padding=&#8221;15px|15px|15px|15px|true|true&#8221; global_colors_info=&#8221;{}&#8221;][et_pb_blurb title=&#8221;Responsable del servicio&#8221; use_icon=&#8221;on&#8221; font_icon=&#8221;&#x57;||divi||400&#8243; icon_color=&#8221;#13B5BD&#8221; icon_placement=&#8221;left&#8221; image_icon_width=&#8221;25px&#8221; _builder_version=&#8221;4.25.0&#8243; _module_preset=&#8221;default&#8221; header_text_align=&#8221;left&#8221; header_text_color=&#8221;#34609B&#8221; image_icon_custom_margin=&#8221;-3px|-1px|||false|false&#8221; image_icon_custom_padding=&#8221;|0px|||false|false&#8221; custom_margin=&#8221;|-1px||0px|false|false&#8221; global_colors_info=&#8221;{}&#8221;][\/et_pb_blurb][et_pb_blurb title=&#8221;Haisul CY Chang Hsiao&#8221; image=&#8221;\/imgs\/6208.jpg&#8221; image_icon_width=&#8221;200px&#8221; module_class=&#8221;roundedImg&#8221; _builder_version=&#8221;4.27.4&#8243; _module_preset=&#8221;default&#8221; header_text_align=&#8221;center&#8221; header_font_size=&#8221;14px&#8221; hover_enabled=&#8221;0&#8243; global_colors_info=&#8221;{}&#8221; sticky_enabled=&#8221;0&#8243;][\/et_pb_blurb][et_pb_blurb title=&#8221;Coordinador cient\u00edfico&#8221; use_icon=&#8221;on&#8221; font_icon=&#8221;&#x57;||divi||400&#8243; icon_color=&#8221;#13B5BD&#8221; icon_placement=&#8221;left&#8221; image_icon_width=&#8221;25px&#8221; _builder_version=&#8221;4.25.0&#8243; _module_preset=&#8221;default&#8221; header_text_align=&#8221;left&#8221; header_text_color=&#8221;#34609B&#8221; image_icon_custom_margin=&#8221;-3px|-1px|||false|false&#8221; image_icon_custom_padding=&#8221;|0px|||false|false&#8221; custom_margin=&#8221;|-1px||0px|false|false&#8221; global_colors_info=&#8221;{}&#8221;][\/et_pb_blurb][et_pb_blurb title=&#8221;Konstantinos Stamatakis Adriani&#8221; image=&#8221;https:\/\/www.cbm.uam.es\/wp-content\/uploads\/2024\/08\/1205c.png&#8221; image_icon_width=&#8221;200px&#8221; module_class=&#8221;roundedImg&#8221; _builder_version=&#8221;4.27.0&#8243; _module_preset=&#8221;default&#8221; header_text_align=&#8221;center&#8221; header_font_size=&#8221;14px&#8221; global_colors_info=&#8221;{}&#8221;][\/et_pb_blurb][et_pb_blurb title=&#8221;Contacto&#8221; use_icon=&#8221;on&#8221; font_icon=&#8221;&#x57;||divi||400&#8243; icon_color=&#8221;#13B5BD&#8221; icon_placement=&#8221;left&#8221; image_icon_width=&#8221;25px&#8221; _builder_version=&#8221;4.25.0&#8243; _module_preset=&#8221;default&#8221; header_text_align=&#8221;left&#8221; header_text_color=&#8221;#34609B&#8221; body_font_size=&#8221;11px&#8221; body_line_height=&#8221;1.6em&#8221; image_icon_custom_margin=&#8221;-3px|-1px|||false|false&#8221; image_icon_custom_padding=&#8221;|0px|||false|false&#8221; custom_margin=&#8221;|-1px||0px|false|false&#8221; global_colors_info=&#8221;{}&#8221;][\/et_pb_blurb][et_pb_blurb title=&#8221;91 196 45 77&#8243; use_icon=&#8221;on&#8221; font_icon=&#8221;&#xf879;||fa||900&#8243; icon_color=&#8221;#008C93&#8243; icon_placement=&#8221;left&#8221; image_icon_width=&#8221;16px&#8221; _builder_version=&#8221;4.25.0&#8243; _module_preset=&#8221;default&#8221; header_font_size=&#8221;14px&#8221; image_icon_custom_margin=&#8221;|-5px||50px|false|false&#8221; image_icon_custom_padding=&#8221;||||false|false&#8221; custom_margin=&#8221;-11px||5px||false|false&#8221; global_colors_info=&#8221;{}&#8221;][\/et_pb_blurb][et_pb_blurb title=&#8221; biomedicina.preclinica (at) cbm.csic.es&#8221; use_icon=&#8221;on&#8221; font_icon=&#8221;&#xe076;||divi||400&#8243; icon_color=&#8221;#008C93&#8243; icon_placement=&#8221;left&#8221; image_icon_width=&#8221;16px&#8221; _builder_version=&#8221;4.25.0&#8243; _module_preset=&#8221;default&#8221; header_font_size=&#8221;14px&#8221; image_icon_custom_margin=&#8221;|-5px||50px|false|false&#8221; global_colors_info=&#8221;{}&#8221;][\/et_pb_blurb][\/et_pb_column][et_pb_column type=&#8221;2_3&#8243; _builder_version=&#8221;4.23.4&#8243; _module_preset=&#8221;default&#8221; global_colors_info=&#8221;{}&#8221;][et_pb_text _builder_version=&#8221;4.25.0&#8243; _module_preset=&#8221;default&#8221; global_colors_info=&#8221;{}&#8221;]<\/p>\n<p>Biomedicina precl\u00ednica es una instalaci\u00f3n cient\u00edfica inaugurada en 2024, ubicada en el animalario del CBM, que ofrece asesoramiento y apoyo cient\u00edfico-t\u00e9cnico para el dise\u00f1o experimental y el uso de equipos experimentales con ratones. <\/p>\n<p>Nuestro objetivo es ofrecer servicios <strong>fiables y de alta calidad <\/strong>que satisfagan las necesidades y expectativas de los investigadores, as\u00ed como las normas \u00e9ticas y reglamentarias de la investigaci\u00f3n con animales. El servicio est\u00e1 abierto a todos los investigadores del instituto y colaboradores externos que est\u00e9n interesados en utilizar los equipos. <\/p>\n<p>El servicio ofrece formaci\u00f3n y orientaci\u00f3n sobre el uso de los equipos, as\u00ed como asesoramiento sobre el an\u00e1lisis y la interpretaci\u00f3n de los datos. El personal del servicio tiene experiencia y est\u00e1 cualificado en el campo de la biomedicina precl\u00ednica y puede ayudar a los investigadores en el dise\u00f1o y la ejecuci\u00f3n de sus experimentos. <\/p>\n<p>A continuaci\u00f3n se describen los equipos que ofrece esta instalaci\u00f3n:<\/p>\n<p>[\/et_pb_text][et_pb_accordion open_toggle_text_color=&#8221;#34609B&#8221; closed_toggle_text_color=&#8221;#34609B&#8221; closed_toggle_background_color=&#8221;rgba(175,218,249,0.39)&#8221; toggle_icon=&#8221;&#x47;||divi||400&#8243; icon_color=&#8221;#008C93&#8243; _builder_version=&#8221;4.27.4&#8243; _module_preset=&#8221;default&#8221; animation_style=&#8221;slide&#8221; animation_direction=&#8221;bottom&#8221; box_shadow_style=&#8221;preset2&#8243; box_shadow_spread=&#8221;-10px&#8221; global_colors_info=&#8221;{}&#8221;][et_pb_accordion_item title=&#8221;Vac\u00edo&#8221; open=&#8221;on&#8221; _builder_version=&#8221;4.23.4&#8243; _module_preset=&#8221;default&#8221; custom_css_main_element=&#8221;display: none;&#8221; global_colors_info=&#8221;{}&#8221;]<\/p>\n<p>Your content goes here. Edit or remove this text inline or in the module Content settings. You can also style every aspect of this content in the module Design settings and even apply custom CSS to this text in the module Advanced settings.<\/p>\n<p>[\/et_pb_accordion_item][et_pb_accordion_item title=&#8221;Jaulas metab\u00f3licas para ratones&#8221; toggle_icon=&#8221;&#xf1b8;||fa||900&#8243; use_icon_font_size=&#8221;on&#8221; icon_font_size=&#8221;22px&#8221; _builder_version=&#8221;4.25.0&#8243; _module_preset=&#8221;default&#8221; global_colors_info=&#8221;{}&#8221; open=&#8221;off&#8221;]<\/p>\n<p>Jaulas metab\u00f3licas PhenoMaster de TSE Systems y Sistema Integral de Monitorizaci\u00f3n de Animales de Laboratorio, CLAMS, para an\u00e1lisis: Estas jaulas permiten medir diversos par\u00e1metros metab\u00f3licos de los ratones, como la ingesta de alimentos y agua, el gasto energ\u00e9tico, el movimiento, la temperatura, el peso corporal y el gasto de ox\u00edgeno. Hay espacio para alojar 12 ratones individualmente. <\/p>\n<p>[\/et_pb_accordion_item][et_pb_accordion_item title=&#8221;Endoscopio para ratones&#8221; toggle_icon=&#8221;&#xf03d;||fa||900&#8243; use_icon_font_size=&#8221;on&#8221; icon_font_size=&#8221;20px&#8221; _builder_version=&#8221;4.25.0&#8243; _module_preset=&#8221;default&#8221; global_colors_info=&#8221;{}&#8221; open=&#8221;off&#8221;]<\/p>\n<p>COLOVIEW Mainz de Karl Storz: Este dispositivo permite la visualizaci\u00f3n del colon, la inyecci\u00f3n de fluidos y la grabaci\u00f3n de v\u00eddeo en color en ratones anestesiados.<\/p>\n<p>[\/et_pb_accordion_item][et_pb_accordion_item title=&#8221;Sistemas de imagen in vivo&#8221; toggle_icon=&#8221;&#xf5b1;||fa||900&#8243; use_icon_font_size=&#8221;on&#8221; icon_font_size=&#8221;20px&#8221; _builder_version=&#8221;4.25.0&#8243; _module_preset=&#8221;default&#8221; global_colors_info=&#8221;{}&#8221; open=&#8221;off&#8221;]<\/p>\n<p>IVIS Lumina II e IVIS Spectrum: Estos sistemas permiten obtener im\u00e1genes no invasivas de animales vivos utilizando diferentes modalidades, como la \u00f3ptica, la fluorescencia y la bioluminiscencia.<\/p>\n<p>&nbsp;<\/p>\n<p>[\/et_pb_accordion_item][et_pb_accordion_item title=&#8221;Hemocit\u00f3metro Element HT5&#8243; toggle_icon=&#8221;&#xf043;||fa||900&#8243; use_icon_font_size=&#8221;on&#8221; icon_font_size=&#8221;20px&#8221; _builder_version=&#8221;4.25.0&#8243; _module_preset=&#8221;default&#8221; global_colors_info=&#8221;{}&#8221; open=&#8221;off&#8221;]<\/p>\n<p>Analizador multicanal que utiliza citometr\u00eda de flujo l\u00e1ser, tecnolog\u00eda de impedancia y detecci\u00f3n colorim\u00e9trica para determinar con rapidez y precisi\u00f3n un perfil hematol\u00f3gico completo de 20 par\u00e1metros en menos de un minuto, utilizando s\u00f3lo 15 \u00b5l de sangre total. Tambi\u00e9n permite el an\u00e1lisis seguro de diversos fluidos cavitarios distintos de la sangre con informaci\u00f3n inmediata sobre su contenido celular. <\/p>\n<p>Los resultados precisos de la medici\u00f3n de muestras se muestran tanto num\u00e9ricamente como en forma de gr\u00e1ficos de dispersi\u00f3n de WBC e histogramas WBC\/PLT.<\/p>\n<p>[\/et_pb_accordion_item][et_pb_accordion_item title=&#8221;Analizador bioqu\u00edmico&#8221; toggle_icon=&#8221;&#xf080;||fa||900&#8243; use_icon_font_size=&#8221;on&#8221; icon_font_size=&#8221;20px&#8221; _builder_version=&#8221;4.25.0&#8243; _module_preset=&#8221;default&#8221; global_colors_info=&#8221;{}&#8221; open=&#8221;off&#8221;]<\/p>\n<p>Vetscan VS2: analizador qu\u00edmico, gasom\u00e9trico y electrol\u00edtico que realiza an\u00e1lisis de sangre multiqu\u00edmicos en 12 minutos con resultados precisos y con s\u00f3lo 100 microlitros de sangre. Dispone de un sofisticado sistema de control de calidad inteligente (iQC\u00ae) que garantiza la calidad y fiabilidad de los resultados. Los perfiles VETSCAN VS2 est\u00e1n convenientemente envasados como rotores de un solo uso y cada rotor de reactivos contiene un diluyente y todas las pruebas necesarias para realizar un an\u00e1lisis de sangre multiqu\u00edmico completo, con diferentes valores en funci\u00f3n del rotor elegido:  <\/p>\n<ul>\n<li>Perfil Diagn\u00f3stico Integral: El Perfil Diagn\u00f3stico Integral es ideal para proporcionar un an\u00e1lisis qu\u00edmico y electrol\u00edtico completo.<br \/>ALB, ALP, ALT, AMY, BUN, Ca, CRE,GLOB, GLU, K+, Na+, PHOS, TBIL, TP<\/li>\n<li>Preventive Care Profile Plus: El Preventive Care Profile Plus es ideal para proporcionar un an\u00e1lisis qu\u00edmico y electrol\u00edtico completo<br \/>ALB, ALP, ALT, AST, BUN, Ca, Cl- , CRE, GLOB, GLU, K+, Na+, TBIL, tCO2, TP<\/li>\n<li>Electrolytes Plus: ideal para la regulaci\u00f3n del equilibrio \u00e1cido\/b\u00e1sico y osm\u00f3tico<br \/>Cl- ,K+ ,Na+ , tCO2<\/li>\n<li>Prep Profile II: El Prep Profile II es ideal para una evaluaci\u00f3n sanitaria.<br \/>ALP, ALT, BUN, CRE, GLU, TP<\/li>\n<li>Critical Care Plus: Critical Care Plus es ideal para pruebas seriadas, reevaluaciones<br \/>ALT, BUN, Cl-, CRE, GLU, K+ ,Na+ ,tCO2<\/li>\n<li>Kidney Profile Plus: Kidney Profile Plus es ideal para realizar la evaluaci\u00f3n y monitorizaci\u00f3n renal<br \/>ALB, BUN, Ca, Cl-, CRE, GLU, K+ ,Na+ ,PHOS, tCO2<\/li>\n<li>Perfil hep\u00e1tico en mam\u00edferos: El Perfil Hep\u00e1tico de Mam\u00edferos es ideal para obtener valores hep\u00e1ticos de referencia.<br \/>ALB, ALP, ALT, BA, BA, BUN, CHOL, GGT, TBIL<\/li>\n<li>Perfil de Fenobarbital: El Perfil de Fenobarbital es un rotor econ\u00f3mico que eval\u00faa el nivel de fenobarbital y proporciona valores hep\u00e1ticos adicionales, todo en un solo panel.<br \/>ALB, ALP, ALT, ALT, AST, BUN, GGT, PHB, TBIL<\/li>\n<li>Perfil T4\/Colesterol: El perfil T4\/Colesterol es ideal para el cribado rutinario del hipotiroidismo y el diagn\u00f3stico del hipertiroidismo.<\/li>\n<\/ul>\n<p>T4, CHOL<\/p>\n<p>[\/et_pb_accordion_item][et_pb_accordion_item title=&#8221;Lupa Microsc\u00f3pica&#8221; toggle_icon=&#8221;&#x55;||divi||400&#8243; _builder_version=&#8221;4.27.4&#8243; _module_preset=&#8221;default&#8221; global_colors_info=&#8221;{}&#8221; open=&#8221;off&#8221;]<\/p>\n<p>IVESTA 3 Greenough Stereoscopic Microscope.<\/p>\n<p>A diferencia de los microscopios estereosc\u00f3picos convencionales, Ivesta 3 incorpora la tecnolog\u00eda FusionOptics, que combina alta resoluci\u00f3n y gran distancia focal, todo al mismo tiempo.<\/p>\n<p>Dispone de un software propio que puede descargarse para facilitar el uso de las im\u00e1genes en el port\u00e1til y el smartphone.<\/p>\n<p>[\/et_pb_accordion_item][\/et_pb_accordion][\/et_pb_column][\/et_pb_row][\/et_pb_section]<\/p>\n","protected":false},"excerpt":{"rendered":"<p>Servicios cient\u00edficosBiomedicina precl\u00ednica es una instalaci\u00f3n cient\u00edfica inaugurada en 2024, ubicada en el animalario del CBM, que ofrece asesoramiento y apoyo cient\u00edfico-t\u00e9cnico para el dise\u00f1o experimental y el uso de [&hellip;]<\/p>\n","protected":false},"author":26,"featured_media":0,"parent":281443,"menu_order":0,"comment_status":"closed","ping_status":"closed","template":"","meta":{"_et_pb_use_builder":"on","_et_pb_old_content":"","_et_gb_content_width":"","footnotes":""},"class_list":["post-283538","page","type-page","status-publish","hentry"],"yoast_head":"<!-- This site is optimized with the Yoast SEO plugin v27.3 - https:\/\/yoast.com\/product\/yoast-seo-wordpress\/ -->\n<title>Biomedicina precl\u00ednica - Centro de Biolog\u00eda Molecular Severo Ochoa<\/title>\n<meta name=\"robots\" content=\"index, follow, max-snippet:-1, max-image-preview:large, max-video-preview:-1\" \/>\n<link rel=\"canonical\" href=\"https:\/\/www.cbm.uam.es\/index.php\/facilities\/preclinical-biomedicine\/\" \/>\n<meta property=\"og:locale\" content=\"en_US\" \/>\n<meta property=\"og:type\" content=\"article\" \/>\n<meta property=\"og:title\" content=\"Biomedicina precl\u00ednica - Centro de Biolog\u00eda Molecular Severo Ochoa\" \/>\n<meta property=\"og:description\" content=\"Servicios cient\u00edficosBiomedicina precl\u00ednica es una instalaci\u00f3n cient\u00edfica inaugurada en 2024, ubicada en el animalario del CBM, que ofrece asesoramiento y apoyo cient\u00edfico-t\u00e9cnico para el dise\u00f1o experimental y el uso de [&hellip;]\" \/>\n<meta property=\"og:url\" content=\"https:\/\/www.cbm.uam.es\/index.php\/facilities\/preclinical-biomedicine\/\" \/>\n<meta property=\"og:site_name\" content=\"Centro de Biolog\u00eda Molecular Severo Ochoa\" \/>\n<meta property=\"article:modified_time\" content=\"2025-07-10T07:50:38+00:00\" \/>\n<meta name=\"twitter:card\" content=\"summary_large_image\" \/>\n<script type=\"application\/ld+json\" class=\"yoast-schema-graph\">{\"@context\":\"https:\\\/\\\/schema.org\",\"@graph\":[{\"@type\":\"WebPage\",\"@id\":\"https:\\\/\\\/www.cbm.uam.es\\\/index.php\\\/facilities\\\/preclinical-biomedicine\\\/\",\"url\":\"https:\\\/\\\/www.cbm.uam.es\\\/index.php\\\/facilities\\\/preclinical-biomedicine\\\/\",\"name\":\"Biomedicina precl\u00ednica - Centro de Biolog\u00eda Molecular Severo Ochoa\",\"isPartOf\":{\"@id\":\"https:\\\/\\\/www.cbm.uam.es\\\/?lang=es\\\/#website\"},\"datePublished\":\"2024-09-20T10:10:54+00:00\",\"dateModified\":\"2025-07-10T07:50:38+00:00\",\"breadcrumb\":{\"@id\":\"https:\\\/\\\/www.cbm.uam.es\\\/index.php\\\/facilities\\\/preclinical-biomedicine\\\/#breadcrumb\"},\"inLanguage\":\"en-US\",\"potentialAction\":[{\"@type\":\"ReadAction\",\"target\":[\"https:\\\/\\\/www.cbm.uam.es\\\/index.php\\\/facilities\\\/preclinical-biomedicine\\\/\"]}]},{\"@type\":\"BreadcrumbList\",\"@id\":\"https:\\\/\\\/www.cbm.uam.es\\\/index.php\\\/facilities\\\/preclinical-biomedicine\\\/#breadcrumb\",\"itemListElement\":[{\"@type\":\"ListItem\",\"position\":1,\"name\":\"Portada\",\"item\":\"https:\\\/\\\/www.cbm.uam.es\\\/\"},{\"@type\":\"ListItem\",\"position\":2,\"name\":\"Servicios\",\"item\":\"https:\\\/\\\/www.cbm.uam.es\\\/index.php\\\/servicios\\\/?lang=es\"},{\"@type\":\"ListItem\",\"position\":3,\"name\":\"Biomedicina precl\u00ednica\"}]},{\"@type\":\"WebSite\",\"@id\":\"https:\\\/\\\/www.cbm.uam.es\\\/?lang=es\\\/#website\",\"url\":\"https:\\\/\\\/www.cbm.uam.es\\\/?lang=es\\\/\",\"name\":\"Centro de Biolog\u00eda Molecular Severo Ochoa\",\"description\":\"Official website of the CBM, CSIC - UAM. Biomedical research centre.\",\"publisher\":{\"@id\":\"https:\\\/\\\/www.cbm.uam.es\\\/?lang=es\\\/#organization\"},\"potentialAction\":[{\"@type\":\"SearchAction\",\"target\":{\"@type\":\"EntryPoint\",\"urlTemplate\":\"https:\\\/\\\/www.cbm.uam.es\\\/?lang=es\\\/?s={search_term_string}\"},\"query-input\":{\"@type\":\"PropertyValueSpecification\",\"valueRequired\":true,\"valueName\":\"search_term_string\"}}],\"inLanguage\":\"en-US\"},{\"@type\":\"Organization\",\"@id\":\"https:\\\/\\\/www.cbm.uam.es\\\/?lang=es\\\/#organization\",\"name\":\"Centro de Biolog\u00eda Molecular Severo Ochoa\",\"url\":\"https:\\\/\\\/www.cbm.uam.es\\\/?lang=es\\\/\",\"logo\":{\"@type\":\"ImageObject\",\"inLanguage\":\"en-US\",\"@id\":\"https:\\\/\\\/www.cbm.uam.es\\\/?lang=es\\\/#\\\/schema\\\/logo\\\/image\\\/\",\"url\":\"https:\\\/\\\/www.cbm.uam.es\\\/wp-content\\\/uploads\\\/2024\\\/11\\\/Logo-CBM-color-fondo-transparente.png\",\"contentUrl\":\"https:\\\/\\\/www.cbm.uam.es\\\/wp-content\\\/uploads\\\/2024\\\/11\\\/Logo-CBM-color-fondo-transparente.png\",\"width\":800,\"height\":342,\"caption\":\"Centro de Biolog\u00eda Molecular Severo Ochoa\"},\"image\":{\"@id\":\"https:\\\/\\\/www.cbm.uam.es\\\/?lang=es\\\/#\\\/schema\\\/logo\\\/image\\\/\"}}]}<\/script>\n<!-- \/ Yoast SEO plugin. -->","yoast_head_json":{"title":"Biomedicina precl\u00ednica - Centro de Biolog\u00eda Molecular Severo Ochoa","robots":{"index":"index","follow":"follow","max-snippet":"max-snippet:-1","max-image-preview":"max-image-preview:large","max-video-preview":"max-video-preview:-1"},"canonical":"https:\/\/www.cbm.uam.es\/index.php\/facilities\/preclinical-biomedicine\/","og_locale":"en_US","og_type":"article","og_title":"Biomedicina precl\u00ednica - Centro de Biolog\u00eda Molecular Severo Ochoa","og_description":"Servicios cient\u00edficosBiomedicina precl\u00ednica es una instalaci\u00f3n cient\u00edfica inaugurada en 2024, ubicada en el animalario del CBM, que ofrece asesoramiento y apoyo cient\u00edfico-t\u00e9cnico para el dise\u00f1o experimental y el uso de [&hellip;]","og_url":"https:\/\/www.cbm.uam.es\/index.php\/facilities\/preclinical-biomedicine\/","og_site_name":"Centro de Biolog\u00eda Molecular Severo Ochoa","article_modified_time":"2025-07-10T07:50:38+00:00","twitter_card":"summary_large_image","schema":{"@context":"https:\/\/schema.org","@graph":[{"@type":"WebPage","@id":"https:\/\/www.cbm.uam.es\/index.php\/facilities\/preclinical-biomedicine\/","url":"https:\/\/www.cbm.uam.es\/index.php\/facilities\/preclinical-biomedicine\/","name":"Biomedicina precl\u00ednica - Centro de Biolog\u00eda Molecular Severo Ochoa","isPartOf":{"@id":"https:\/\/www.cbm.uam.es\/?lang=es\/#website"},"datePublished":"2024-09-20T10:10:54+00:00","dateModified":"2025-07-10T07:50:38+00:00","breadcrumb":{"@id":"https:\/\/www.cbm.uam.es\/index.php\/facilities\/preclinical-biomedicine\/#breadcrumb"},"inLanguage":"en-US","potentialAction":[{"@type":"ReadAction","target":["https:\/\/www.cbm.uam.es\/index.php\/facilities\/preclinical-biomedicine\/"]}]},{"@type":"BreadcrumbList","@id":"https:\/\/www.cbm.uam.es\/index.php\/facilities\/preclinical-biomedicine\/#breadcrumb","itemListElement":[{"@type":"ListItem","position":1,"name":"Portada","item":"https:\/\/www.cbm.uam.es\/"},{"@type":"ListItem","position":2,"name":"Servicios","item":"https:\/\/www.cbm.uam.es\/index.php\/servicios\/?lang=es"},{"@type":"ListItem","position":3,"name":"Biomedicina precl\u00ednica"}]},{"@type":"WebSite","@id":"https:\/\/www.cbm.uam.es\/?lang=es\/#website","url":"https:\/\/www.cbm.uam.es\/?lang=es\/","name":"Centro de Biolog\u00eda Molecular Severo Ochoa","description":"Official website of the CBM, CSIC - UAM. Biomedical research centre.","publisher":{"@id":"https:\/\/www.cbm.uam.es\/?lang=es\/#organization"},"potentialAction":[{"@type":"SearchAction","target":{"@type":"EntryPoint","urlTemplate":"https:\/\/www.cbm.uam.es\/?lang=es\/?s={search_term_string}"},"query-input":{"@type":"PropertyValueSpecification","valueRequired":true,"valueName":"search_term_string"}}],"inLanguage":"en-US"},{"@type":"Organization","@id":"https:\/\/www.cbm.uam.es\/?lang=es\/#organization","name":"Centro de Biolog\u00eda Molecular Severo Ochoa","url":"https:\/\/www.cbm.uam.es\/?lang=es\/","logo":{"@type":"ImageObject","inLanguage":"en-US","@id":"https:\/\/www.cbm.uam.es\/?lang=es\/#\/schema\/logo\/image\/","url":"https:\/\/www.cbm.uam.es\/wp-content\/uploads\/2024\/11\/Logo-CBM-color-fondo-transparente.png","contentUrl":"https:\/\/www.cbm.uam.es\/wp-content\/uploads\/2024\/11\/Logo-CBM-color-fondo-transparente.png","width":800,"height":342,"caption":"Centro de Biolog\u00eda Molecular Severo Ochoa"},"image":{"@id":"https:\/\/www.cbm.uam.es\/?lang=es\/#\/schema\/logo\/image\/"}}]}},"_links":{"self":[{"href":"https:\/\/www.cbm.uam.es\/index.php\/wp-json\/wp\/v2\/pages\/283538","targetHints":{"allow":["GET"]}}],"collection":[{"href":"https:\/\/www.cbm.uam.es\/index.php\/wp-json\/wp\/v2\/pages"}],"about":[{"href":"https:\/\/www.cbm.uam.es\/index.php\/wp-json\/wp\/v2\/types\/page"}],"author":[{"embeddable":true,"href":"https:\/\/www.cbm.uam.es\/index.php\/wp-json\/wp\/v2\/users\/26"}],"replies":[{"embeddable":true,"href":"https:\/\/www.cbm.uam.es\/index.php\/wp-json\/wp\/v2\/comments?post=283538"}],"version-history":[{"count":1,"href":"https:\/\/www.cbm.uam.es\/index.php\/wp-json\/wp\/v2\/pages\/283538\/revisions"}],"predecessor-version":[{"id":291223,"href":"https:\/\/www.cbm.uam.es\/index.php\/wp-json\/wp\/v2\/pages\/283538\/revisions\/291223"}],"up":[{"embeddable":true,"href":"https:\/\/www.cbm.uam.es\/index.php\/wp-json\/wp\/v2\/pages\/281443"}],"wp:attachment":[{"href":"https:\/\/www.cbm.uam.es\/index.php\/wp-json\/wp\/v2\/media?parent=283538"}],"curies":[{"name":"wp","href":"https:\/\/api.w.org\/{rel}","templated":true}]}}