{"id":285534,"date":"2024-09-23T13:52:40","date_gmt":"2024-09-23T11:52:40","guid":{"rendered":"https:\/\/dhcp205002.cbm.uam.es\/index.php\/proteccion-de-datos\/"},"modified":"2024-09-23T14:01:01","modified_gmt":"2024-09-23T12:01:01","slug":"proteccion-de-datos","status":"publish","type":"page","link":"https:\/\/www.cbm.uam.es\/index.php\/proteccion-de-datos\/?lang=es","title":{"rendered":"Protecci\u00f3n de datos"},"content":{"rendered":"<p>[et_pb_section fb_built=&#8221;1&#8243; admin_label=&#8221;Hero&#8221; _builder_version=&#8221;4.27.0&#8243; _module_preset=&#8221;74c69059-8e69-4122-b1e6-dfeabf6c5711&#8243; use_background_color_gradient=&#8221;on&#8221; background_color_gradient_stops=&#8221;rgba(0,0,0,0.6) 0%|rgba(0,0,0,0.9) 100%&#8221; background_color_gradient_overlays_image=&#8221;on&#8221; background_color_gradient_start=&#8221;rgba(0,0,0,0.5)&#8221; background_color_gradient_end=&#8221;rgba(0,0,0,0.75)&#8221; background_image=&#8221;https:\/\/www.cbm.uam.es\/wp-content\/uploads\/2024\/07\/agujero-fachada-cbm-scaled.jpg&#8221; custom_padding=&#8221;8vw||8vw||true|false&#8221; da_disable_devices=&#8221;off|off|off&#8221; locked=&#8221;off&#8221; collapsed=&#8221;on&#8221; global_colors_info=&#8221;{}&#8221; da_is_popup=&#8221;off&#8221; da_exit_intent=&#8221;off&#8221; da_has_close=&#8221;on&#8221; da_alt_close=&#8221;off&#8221; da_dark_close=&#8221;off&#8221; da_not_modal=&#8221;on&#8221; da_is_singular=&#8221;off&#8221; da_with_loader=&#8221;off&#8221; da_has_shadow=&#8221;on&#8221;][et_pb_row _builder_version=&#8221;4.24.2&#8243; _module_preset=&#8221;5138c454-be54-4233-bd3b-f8e6a8747976&#8243; locked=&#8221;off&#8221; global_colors_info=&#8221;{}&#8221;][et_pb_column type=&#8221;4_4&#8243; _builder_version=&#8221;4.23.1&#8243; _module_preset=&#8221;73121f80-a3ef-4484-8763-c3f18e3c56d2&#8243; global_colors_info=&#8221;{}&#8221;][et_pb_heading title=&#8221;PROTECCI\u00d3N DE DATOS&#8221; _builder_version=&#8221;4.27.0&#8243; _module_preset=&#8221;f0c675ea-2574-4d0e-b725-30f8550a8550&#8243; title_font=&#8221;Montserrat|Cormorant Garamond_weight||on|||||&#8221; title_text_color=&#8221;#FFFFFF&#8221; title_font_size=&#8221;45px&#8221; title_letter_spacing=&#8221;1px&#8221; title_line_height=&#8221;1.4em&#8221; custom_margin=&#8221;||10px||false|false&#8221; hover_enabled=&#8221;0&#8243; title_font_size_tablet=&#8221;13px&#8221; title_font_size_phone=&#8221;13px&#8221; title_font_size_last_edited=&#8221;on|desktop&#8221; locked=&#8221;off&#8221; global_colors_info=&#8221;{}&#8221; sticky_enabled=&#8221;0&#8243;][\/et_pb_heading][\/et_pb_column][\/et_pb_row][\/et_pb_section][et_pb_section fb_built=&#8221;1&#8243; admin_label=&#8221;About&#8221; _builder_version=&#8221;4.25.1&#8243; _module_preset=&#8221;default&#8221; da_disable_devices=&#8221;off|off|off&#8221; locked=&#8221;off&#8221; collapsed=&#8221;on&#8221; global_colors_info=&#8221;{}&#8221; da_is_popup=&#8221;off&#8221; da_exit_intent=&#8221;off&#8221; da_has_close=&#8221;on&#8221; da_alt_close=&#8221;off&#8221; da_dark_close=&#8221;off&#8221; da_not_modal=&#8221;on&#8221; da_is_singular=&#8221;off&#8221; da_with_loader=&#8221;off&#8221; da_has_shadow=&#8221;on&#8221;][et_pb_row _builder_version=&#8221;4.25.1&#8243; _module_preset=&#8221;default&#8221; global_colors_info=&#8221;{}&#8221;][et_pb_column type=&#8221;4_4&#8243; _builder_version=&#8221;4.25.1&#8243; _module_preset=&#8221;default&#8221; global_colors_info=&#8221;{}&#8221;][et_pb_text _builder_version=&#8221;4.27.0&#8243; _module_preset=&#8221;2c55a9c4-feed-423b-9edb-ae0b5b365cac&#8221; hover_enabled=&#8221;0&#8243; global_colors_info=&#8221;{}&#8221; sticky_enabled=&#8221;0&#8243;]<\/p>\n<p>El CBM, como responsable del tratamiento, garantiza un nivel adecuado y completo de protecci\u00f3n de las personas f\u00edsicas en lo que respecta a sus datos personales objeto de tratamiento por la empresa, de conformidad con el Reglamento General de Protecci\u00f3n de Datos 679\/2016.<\/p>\n<p>\u00c9l CBM s\u00f3lo trata los datos personales de forma altamente responsable y l\u00edcita, y de conformidad con los fundamentos jur\u00eddicos que dan lugar a la licitud del tratamiento. Asimismo, ha adoptado las medidas de seguridad pertinentes y adecuadas habida cuenta de los riesgos objetivamente identificados y evaluados para los derechos y libertades de los interesados que puedan derivarse del tratamiento realizado por nuestra empresa. <\/p>\n<p>A continuaci\u00f3n se ofrece informaci\u00f3n adicional y ampliada sobre las actividades espec\u00edficas de tratamiento:<\/p>\n<p>[\/et_pb_text][et_pb_heading title=&#8221;Videovigilancia&#8221; _builder_version=&#8221;4.27.0&#8243; _module_preset=&#8221;c33f07d9-41e0-421a-8799-5799df695cce&#8221; title_font=&#8221;Montserrat|Cormorant Garamond_weight|||||||&#8221; title_text_align=&#8221;left&#8221; title_text_color=&#8221;#111111&#8243; title_font_size=&#8221;31px&#8221; title_line_height=&#8221;1.2em&#8221; custom_margin=&#8221;||10px||false|false&#8221; hover_enabled=&#8221;0&#8243; title_font_size_tablet=&#8221;28px&#8221; title_font_size_phone=&#8221;20px&#8221; title_font_size_last_edited=&#8221;on|phone&#8221; locked=&#8221;off&#8221; global_colors_info=&#8221;{}&#8221; sticky_enabled=&#8221;0&#8243;][\/et_pb_heading][et_pb_text _builder_version=&#8221;4.27.0&#8243; _module_preset=&#8221;2c55a9c4-feed-423b-9edb-ae0b5b365cac&#8221; hover_enabled=&#8221;0&#8243; locked=&#8221;off&#8221; global_colors_info=&#8221;{}&#8221; sticky_enabled=&#8221;0&#8243;]<\/p>\n<p>Responsable: Centro de Biolog\u00eda Molecular Severo Ochoa<\/p>\n<ul>\n<li>Datos de contacto: Agencia Estatal Consejo Superior de Investigaciones Cient\u00edficas. Calle Serrano 117 Madrid (<a href=\"mailto:lopd@csic.es\">lopd@csic.es<\/a>) &#8211; Delegado de Protecci\u00f3n de Datos: Jos\u00e9 L\u00f3pez Calvo (1-7-2016) &#8211; delegadoprotecciondatos@csic.es Javier Rodr\u00edguez Aparicio &#8211; <a href=\"mailto:javier.rodriguez@csic.es\">javier.rodriguez@csic.es<\/a>  <\/li>\n<li>Finalidad del tratamiento: videovigilancia, seguridad y control de acceso a los edificios del Centro de Biolog\u00eda Molecular Severo Ochoa.<\/li>\n<li>Descripci\u00f3n de las categor\u00edas de interesados empleados y visitantes que acceden al Centro de Biolog\u00eda Molecular Severo Ochoa y de las categor\u00edas de datos personales datos personales no especiales: imagen.<\/li>\n<li>Categor\u00edas de destinatarios a los que se comunicaron o comunicar\u00e1n datos personales: a Fuerzas y Cuerpos de Seguridad.<\/li>\n<li>En su caso, las transferencias de datos personales a un tercer pa\u00eds u organizaci\u00f3n internacional, incluida la identificaci\u00f3n de dicho tercer pa\u00eds u organizaci\u00f3n internacional y, en el caso de las transferencias contempladas en el art\u00edculo 49, apartado 1, p\u00e1rrafo segundo, la documentaci\u00f3n de las garant\u00edas apropiadas: no se realiza ni se prev\u00e9 ning\u00fan tratamiento fuera del territorio del Espacio Econ\u00f3mico Europeo.<\/li>\n<li>Plazos previstos para la supresi\u00f3n de las distintas categor\u00edas de datos: de conformidad con el art\u00edculo 6 de la Instrucci\u00f3n 1\/2006 sobre videovigilancia, los datos se suprimir\u00e1n en el plazo m\u00e1ximo de 1 mes desde su recogida.<\/li>\n<li>Descripci\u00f3n general de las medidas t\u00e9cnicas y organizativas de seguridad a que se refiere el apartado 1 del art\u00edculo 32. De acuerdo con la disposici\u00f3n adicional primera de la LOPDGDD, se aplicar\u00e1n las medidas de seguridad previstas en el Esquema Nacional de Seguridad para evitar su p\u00e9rdida, alteraci\u00f3n o acceso no autorizado. <\/li>\n<li>Base jur\u00eddica. (RGPD: 6.1.e) Tratamiento necesario para el cumplimiento de una misi\u00f3n realizada en inter\u00e9s p\u00fablico o en el ejercicio de poderes p\u00fablicos conferidos al responsable del tratamiento.  <\/li>\n<\/ul>\n<p>[\/et_pb_text][et_pb_heading title=&#8221;Gesti\u00f3n de personal y control de acceso &#8211; CBM &#8221; _builder_version=&#8221;4.27.0&#8243; _module_preset=&#8221;c33f07d9-41e0-421a-8799-5799df695cce&#8221; title_font=&#8221;Montserrat|Cormorant Garamond_weight|||||||&#8221; title_text_align=&#8221;left&#8221; title_text_color=&#8221;#111111&#8243; title_font_size=&#8221;31px&#8221; title_line_height=&#8221;1.2em&#8221; custom_margin=&#8221;||10px||false|false&#8221; hover_enabled=&#8221;0&#8243; title_font_size_tablet=&#8221;28px&#8221; title_font_size_phone=&#8221;20px&#8221; title_font_size_last_edited=&#8221;on|phone&#8221; locked=&#8221;off&#8221; global_colors_info=&#8221;{}&#8221; sticky_enabled=&#8221;0&#8243;][\/et_pb_heading][et_pb_text _builder_version=&#8221;4.27.0&#8243; _module_preset=&#8221;default&#8221; hover_enabled=&#8221;0&#8243; sticky_enabled=&#8221;0&#8243;]<\/p>\n<ul>\n<li>Parte responsable: Centro de Biolog\u00eda Molecular Severo Ochoa<\/li>\n<li>Datos de contacto: Agencia Estatal Consejo Superior de Investigaciones Cient\u00edficas. Calle Serrano 117 Madrid (<a href=\"mailto:lopd@csic.es\">lopd@csic.es<\/a>) &#8211; Delegado de Protecci\u00f3n de Datos: Jos\u00e9 L\u00f3pez Calvo (1-7-2016) &#8211; delegadoprotecciondatos@csic.es Javier Rodr\u00edguez Aparicio &#8211; <a href=\"mailto:javier.rodriguez@csic.es\">javier.rodriguez@csic.es<\/a>  <\/li>\n<li>Finalidad del tratamiento: Gesti\u00f3n y tr\u00e1mites administrativos de los Recursos Humanos del CBM, publicaci\u00f3n del directorio de personal en la web del Centro y control de acceso del personal. Control nominal de visitantes. <\/li>\n<li>Descripci\u00f3n de las categor\u00edas de interesados empleados, estudiantes y dem\u00e1s personal con alg\u00fan tipo de vinculaci\u00f3n y relaci\u00f3n laboral con el Centro de Biolog\u00eda Molecular Severo Ochoa. Visitantes y categor\u00edas de datos personales datos de empleados: nombre, direcci\u00f3n, tel\u00e9fono, correo electr\u00f3nico, fecha de nacimiento, sexo, nacionalidad, DNI, NSS, titulaci\u00f3n acad\u00e9mica, puesto de trabajo, foto identificativa. Datos de visitantes: Nombre  <\/li>\n<li>Categor\u00edas de destinatarios a los que se comunicaron o comunicar\u00e1n los datos personales: a los servicios centrales del CSIC o de la Universidad Aut\u00f3noma de Madrid en el marco de sus competencias.<\/li>\n<li>En su caso, las transferencias de datos personales a un tercer pa\u00eds u organizaci\u00f3n internacional, incluida la identificaci\u00f3n de dicho tercer pa\u00eds u organizaci\u00f3n internacional y, en el caso de las transferencias contempladas en el art\u00edculo 49, apartado 1, p\u00e1rrafo segundo, la documentaci\u00f3n de las garant\u00edas adecuadas: no se realiza ni se prev\u00e9 ning\u00fan tratamiento fuera del territorio del Espacio Econ\u00f3mico Europeo.<\/li>\n<li>Plazos previstos para la supresi\u00f3n de las distintas categor\u00edas de datos: no es posible hacer una previsi\u00f3n de los plazos de supresi\u00f3n.<\/li>\n<li>Descripci\u00f3n general de las medidas de seguridad t\u00e9cnicas y organizativas a que se refiere el apartado 1 del art\u00edculo 32. De acuerdo con la disposici\u00f3n adicional primera de la LOPDGDD, se aplicar\u00e1n las medidas de seguridad previstas en el Esquema Nacional de Seguridad para evitar su p\u00e9rdida, alteraci\u00f3n o acceso no autorizado. <\/li>\n<li>Base jur\u00eddica. RGPD: 6.1.b) Tratamiento necesario para la ejecuci\u00f3n de un contrato en el que el interesado sea parte o para la aplicaci\u00f3n, a petici\u00f3n del interesado, de medidas precontractuales. RGPD: 6.1.c)  <\/li>\n<\/ul>\n<p>Tratamiento necesario para el cumplimiento de una obligaci\u00f3n legal aplicable al responsable del tratamiento. Ley 30\/1984, de 2 de agosto, de medidas para la reforma de la Funci\u00f3n P\u00fablica. <\/p>\n<p><strong>Real Decreto Legislativo 5\/2015, de 30 de octubre, por el que se aprueba la Ley del Estatuto B\u00e1sico del Empleado P\u00fablico.<\/strong><\/p>\n<p><strong>Real Decreto Legislativo 2\/2015, de 23 de octubre, por el que se aprueba el texto refundido de la Ley del Estatuto de los Trabajadores.<\/strong><\/p>\n<p>[\/et_pb_text][\/et_pb_column][\/et_pb_row][\/et_pb_section]<\/p>\n","protected":false},"excerpt":{"rendered":"<p>El CBM, como responsable del tratamiento, garantiza un nivel adecuado y completo de protecci\u00f3n de las personas f\u00edsicas en lo que respecta a sus datos personales objeto de tratamiento por [&hellip;]<\/p>\n","protected":false},"author":4,"featured_media":0,"parent":0,"menu_order":0,"comment_status":"closed","ping_status":"closed","template":"","meta":{"_et_pb_use_builder":"on","_et_pb_old_content":"","_et_gb_content_width":"","footnotes":""},"class_list":["post-285534","page","type-page","status-publish","hentry"],"yoast_head":"<!-- This site is optimized with the Yoast SEO plugin v27.4 - https:\/\/yoast.com\/product\/yoast-seo-wordpress\/ -->\n<title>Protecci\u00f3n de datos - Centro de Biolog\u00eda Molecular Severo Ochoa<\/title>\n<meta name=\"robots\" content=\"index, follow, max-snippet:-1, max-image-preview:large, max-video-preview:-1\" \/>\n<link rel=\"canonical\" href=\"https:\/\/www.cbm.uam.es\/index.php\/data-protection\/\" \/>\n<meta property=\"og:locale\" content=\"en_US\" \/>\n<meta property=\"og:type\" content=\"article\" \/>\n<meta property=\"og:title\" content=\"Protecci\u00f3n de datos - Centro de Biolog\u00eda Molecular Severo Ochoa\" \/>\n<meta property=\"og:description\" content=\"El CBM, como responsable del tratamiento, garantiza un nivel adecuado y completo de protecci\u00f3n de las personas f\u00edsicas en lo que respecta a sus datos personales objeto de tratamiento por [&hellip;]\" \/>\n<meta property=\"og:url\" content=\"https:\/\/www.cbm.uam.es\/index.php\/data-protection\/\" \/>\n<meta property=\"og:site_name\" content=\"Centro de Biolog\u00eda Molecular Severo Ochoa\" \/>\n<meta property=\"article:modified_time\" content=\"2024-09-23T12:01:01+00:00\" \/>\n<meta name=\"twitter:card\" content=\"summary_large_image\" \/>\n<script type=\"application\/ld+json\" class=\"yoast-schema-graph\">{\"@context\":\"https:\\\/\\\/schema.org\",\"@graph\":[{\"@type\":\"WebPage\",\"@id\":\"https:\\\/\\\/www.cbm.uam.es\\\/index.php\\\/data-protection\\\/\",\"url\":\"https:\\\/\\\/www.cbm.uam.es\\\/index.php\\\/data-protection\\\/\",\"name\":\"Protecci\u00f3n de datos - Centro de Biolog\u00eda Molecular Severo Ochoa\",\"isPartOf\":{\"@id\":\"https:\\\/\\\/www.cbm.uam.es\\\/?lang=es\\\/#website\"},\"datePublished\":\"2024-09-23T11:52:40+00:00\",\"dateModified\":\"2024-09-23T12:01:01+00:00\",\"breadcrumb\":{\"@id\":\"https:\\\/\\\/www.cbm.uam.es\\\/index.php\\\/data-protection\\\/#breadcrumb\"},\"inLanguage\":\"en-US\",\"potentialAction\":[{\"@type\":\"ReadAction\",\"target\":[\"https:\\\/\\\/www.cbm.uam.es\\\/index.php\\\/data-protection\\\/\"]}]},{\"@type\":\"BreadcrumbList\",\"@id\":\"https:\\\/\\\/www.cbm.uam.es\\\/index.php\\\/data-protection\\\/#breadcrumb\",\"itemListElement\":[{\"@type\":\"ListItem\",\"position\":1,\"name\":\"Portada\",\"item\":\"https:\\\/\\\/www.cbm.uam.es\\\/\"},{\"@type\":\"ListItem\",\"position\":2,\"name\":\"Protecci\u00f3n de datos\"}]},{\"@type\":\"WebSite\",\"@id\":\"https:\\\/\\\/www.cbm.uam.es\\\/?lang=es\\\/#website\",\"url\":\"https:\\\/\\\/www.cbm.uam.es\\\/?lang=es\\\/\",\"name\":\"Centro de Biolog\u00eda Molecular Severo Ochoa\",\"description\":\"Official website of the CBM, CSIC - UAM. Biomedical research centre.\",\"publisher\":{\"@id\":\"https:\\\/\\\/www.cbm.uam.es\\\/?lang=es\\\/#organization\"},\"potentialAction\":[{\"@type\":\"SearchAction\",\"target\":{\"@type\":\"EntryPoint\",\"urlTemplate\":\"https:\\\/\\\/www.cbm.uam.es\\\/?lang=es\\\/?s={search_term_string}\"},\"query-input\":{\"@type\":\"PropertyValueSpecification\",\"valueRequired\":true,\"valueName\":\"search_term_string\"}}],\"inLanguage\":\"en-US\"},{\"@type\":\"Organization\",\"@id\":\"https:\\\/\\\/www.cbm.uam.es\\\/?lang=es\\\/#organization\",\"name\":\"Centro de Biolog\u00eda Molecular Severo Ochoa\",\"url\":\"https:\\\/\\\/www.cbm.uam.es\\\/?lang=es\\\/\",\"logo\":{\"@type\":\"ImageObject\",\"inLanguage\":\"en-US\",\"@id\":\"https:\\\/\\\/www.cbm.uam.es\\\/?lang=es\\\/#\\\/schema\\\/logo\\\/image\\\/\",\"url\":\"https:\\\/\\\/www.cbm.uam.es\\\/wp-content\\\/uploads\\\/2024\\\/11\\\/Logo-CBM-color-fondo-transparente.png\",\"contentUrl\":\"https:\\\/\\\/www.cbm.uam.es\\\/wp-content\\\/uploads\\\/2024\\\/11\\\/Logo-CBM-color-fondo-transparente.png\",\"width\":800,\"height\":342,\"caption\":\"Centro de Biolog\u00eda Molecular Severo Ochoa\"},\"image\":{\"@id\":\"https:\\\/\\\/www.cbm.uam.es\\\/?lang=es\\\/#\\\/schema\\\/logo\\\/image\\\/\"}}]}<\/script>\n<!-- \/ Yoast SEO plugin. -->","yoast_head_json":{"title":"Protecci\u00f3n de datos - Centro de Biolog\u00eda Molecular Severo Ochoa","robots":{"index":"index","follow":"follow","max-snippet":"max-snippet:-1","max-image-preview":"max-image-preview:large","max-video-preview":"max-video-preview:-1"},"canonical":"https:\/\/www.cbm.uam.es\/index.php\/data-protection\/","og_locale":"en_US","og_type":"article","og_title":"Protecci\u00f3n de datos - Centro de Biolog\u00eda Molecular Severo Ochoa","og_description":"El CBM, como responsable del tratamiento, garantiza un nivel adecuado y completo de protecci\u00f3n de las personas f\u00edsicas en lo que respecta a sus datos personales objeto de tratamiento por [&hellip;]","og_url":"https:\/\/www.cbm.uam.es\/index.php\/data-protection\/","og_site_name":"Centro de Biolog\u00eda Molecular Severo Ochoa","article_modified_time":"2024-09-23T12:01:01+00:00","twitter_card":"summary_large_image","schema":{"@context":"https:\/\/schema.org","@graph":[{"@type":"WebPage","@id":"https:\/\/www.cbm.uam.es\/index.php\/data-protection\/","url":"https:\/\/www.cbm.uam.es\/index.php\/data-protection\/","name":"Protecci\u00f3n de datos - Centro de Biolog\u00eda Molecular Severo Ochoa","isPartOf":{"@id":"https:\/\/www.cbm.uam.es\/?lang=es\/#website"},"datePublished":"2024-09-23T11:52:40+00:00","dateModified":"2024-09-23T12:01:01+00:00","breadcrumb":{"@id":"https:\/\/www.cbm.uam.es\/index.php\/data-protection\/#breadcrumb"},"inLanguage":"en-US","potentialAction":[{"@type":"ReadAction","target":["https:\/\/www.cbm.uam.es\/index.php\/data-protection\/"]}]},{"@type":"BreadcrumbList","@id":"https:\/\/www.cbm.uam.es\/index.php\/data-protection\/#breadcrumb","itemListElement":[{"@type":"ListItem","position":1,"name":"Portada","item":"https:\/\/www.cbm.uam.es\/"},{"@type":"ListItem","position":2,"name":"Protecci\u00f3n de datos"}]},{"@type":"WebSite","@id":"https:\/\/www.cbm.uam.es\/?lang=es\/#website","url":"https:\/\/www.cbm.uam.es\/?lang=es\/","name":"Centro de Biolog\u00eda Molecular Severo Ochoa","description":"Official website of the CBM, CSIC - UAM. Biomedical research centre.","publisher":{"@id":"https:\/\/www.cbm.uam.es\/?lang=es\/#organization"},"potentialAction":[{"@type":"SearchAction","target":{"@type":"EntryPoint","urlTemplate":"https:\/\/www.cbm.uam.es\/?lang=es\/?s={search_term_string}"},"query-input":{"@type":"PropertyValueSpecification","valueRequired":true,"valueName":"search_term_string"}}],"inLanguage":"en-US"},{"@type":"Organization","@id":"https:\/\/www.cbm.uam.es\/?lang=es\/#organization","name":"Centro de Biolog\u00eda Molecular Severo Ochoa","url":"https:\/\/www.cbm.uam.es\/?lang=es\/","logo":{"@type":"ImageObject","inLanguage":"en-US","@id":"https:\/\/www.cbm.uam.es\/?lang=es\/#\/schema\/logo\/image\/","url":"https:\/\/www.cbm.uam.es\/wp-content\/uploads\/2024\/11\/Logo-CBM-color-fondo-transparente.png","contentUrl":"https:\/\/www.cbm.uam.es\/wp-content\/uploads\/2024\/11\/Logo-CBM-color-fondo-transparente.png","width":800,"height":342,"caption":"Centro de Biolog\u00eda Molecular Severo Ochoa"},"image":{"@id":"https:\/\/www.cbm.uam.es\/?lang=es\/#\/schema\/logo\/image\/"}}]}},"_links":{"self":[{"href":"https:\/\/www.cbm.uam.es\/index.php\/wp-json\/wp\/v2\/pages\/285534","targetHints":{"allow":["GET"]}}],"collection":[{"href":"https:\/\/www.cbm.uam.es\/index.php\/wp-json\/wp\/v2\/pages"}],"about":[{"href":"https:\/\/www.cbm.uam.es\/index.php\/wp-json\/wp\/v2\/types\/page"}],"author":[{"embeddable":true,"href":"https:\/\/www.cbm.uam.es\/index.php\/wp-json\/wp\/v2\/users\/4"}],"replies":[{"embeddable":true,"href":"https:\/\/www.cbm.uam.es\/index.php\/wp-json\/wp\/v2\/comments?post=285534"}],"version-history":[{"count":0,"href":"https:\/\/www.cbm.uam.es\/index.php\/wp-json\/wp\/v2\/pages\/285534\/revisions"}],"wp:attachment":[{"href":"https:\/\/www.cbm.uam.es\/index.php\/wp-json\/wp\/v2\/media?parent=285534"}],"curies":[{"name":"wp","href":"https:\/\/api.w.org\/{rel}","templated":true}]}}