{"id":293751,"date":"2026-02-04T17:18:55","date_gmt":"2026-02-04T16:18:55","guid":{"rendered":"https:\/\/www.cbm.uam.es\/?page_id=293751"},"modified":"2026-02-09T13:30:05","modified_gmt":"2026-02-09T12:30:05","slug":"actividades-11f-2026","status":"publish","type":"page","link":"https:\/\/www.cbm.uam.es\/index.php\/science-and-society\/actividades-11f-2026\/","title":{"rendered":"Actividades 11F D\u00eda de la Mujer y la Ni\u00f1a en la Ciencia 2026"},"content":{"rendered":"<p>[et_pb_section fb_built=&#8221;1&#8243; _builder_version=&#8221;4.25.2&#8243; _module_preset=&#8221;default&#8221; background_color=&#8221;#34609B&#8221; background_image=&#8221;https:\/\/www.cbm.uam.es\/wp-content\/uploads\/2024\/02\/CAB_CULTURA.jpg&#8221; background_position=&#8221;bottom_center&#8221; background_vertical_offset=&#8221;18%&#8221; min_height=&#8221;352px&#8221; height=&#8221;294px&#8221; da_disable_devices=&#8221;off|off|off&#8221; global_colors_info=&#8221;{}&#8221; da_is_popup=&#8221;off&#8221; da_exit_intent=&#8221;off&#8221; da_has_close=&#8221;on&#8221; da_alt_close=&#8221;off&#8221; da_dark_close=&#8221;off&#8221; da_not_modal=&#8221;on&#8221; da_is_singular=&#8221;off&#8221; da_with_loader=&#8221;off&#8221; da_has_shadow=&#8221;on&#8221;][et_pb_row column_structure=&#8221;2_5,3_5&#8243; use_custom_gutter=&#8221;on&#8221; gutter_width=&#8221;4&#8243; _builder_version=&#8221;4.23.4&#8243; _module_preset=&#8221;default&#8221; background_color=&#8221;RGBA(255,255,255,0)&#8221; custom_margin=&#8221;61px||||false|false&#8221; custom_padding=&#8221;||0px|||&#8221; global_colors_info=&#8221;{}&#8221;][et_pb_column type=&#8221;2_5&#8243; _builder_version=&#8221;4.23.4&#8243; _module_preset=&#8221;default&#8221; background_color=&#8221;rgba(52,96,155,0.94)&#8221; custom_padding=&#8221;50px||50px|50px|false|false&#8221; border_radii=&#8221;on|15px|15px|15px|15px&#8221; global_colors_info=&#8221;{}&#8221;][et_pb_text _builder_version=&#8221;4.25.2&#8243; _module_preset=&#8221;default&#8221; text_text_color=&#8221;#FFFFFF&#8221; custom_margin=&#8221;0px||10px||false|false&#8221; custom_padding=&#8221;0px||0px||false|false&#8221; global_colors_info=&#8221;{}&#8221;]<\/p>\n<p>Science and society<\/p>\n<p>[\/et_pb_text][et_pb_heading title=&#8221;International Day of Women and Girls in Science&#8221; _builder_version=&#8221;4.27.5&#8243; _module_preset=&#8221;default&#8221; title_font=&#8221;Montserrat||||||||&#8221; title_text_color=&#8221;#FFFFFF&#8221; title_font_size=&#8221;43px&#8221; title_line_height=&#8221;1.1em&#8221; global_colors_info=&#8221;{}&#8221;][\/et_pb_heading][\/et_pb_column][et_pb_column type=&#8221;3_5&#8243; _builder_version=&#8221;4.23.4&#8243; _module_preset=&#8221;default&#8221; custom_padding=&#8221;157px||||false|false&#8221; custom_padding_tablet=&#8221;157px||||false|false&#8221; custom_padding_phone=&#8221;30px||||false|false&#8221; custom_padding_last_edited=&#8221;on|phone&#8221; global_colors_info=&#8221;{}&#8221;][et_pb_menu menu_id=&#8221;14&#8243; active_link_color=&#8221;#34609B&#8221; _builder_version=&#8221;4.25.2&#8243; _module_preset=&#8221;default&#8221; custom_margin=&#8221;-18px||||false|false&#8221; global_colors_info=&#8221;{}&#8221;][\/et_pb_menu][\/et_pb_column][\/et_pb_row][\/et_pb_section][et_pb_section fb_built=&#8221;1&#8243; _builder_version=&#8221;4.23.4&#8243; _module_preset=&#8221;default&#8221; background_enable_image=&#8221;off&#8221; background_size=&#8221;custom&#8221; background_image_height=&#8221;84%&#8221; background_position=&#8221;bottom_right&#8221; da_disable_devices=&#8221;off|off|off&#8221; global_colors_info=&#8221;{}&#8221; da_is_popup=&#8221;off&#8221; da_exit_intent=&#8221;off&#8221; da_has_close=&#8221;on&#8221; da_alt_close=&#8221;off&#8221; da_dark_close=&#8221;off&#8221; da_not_modal=&#8221;on&#8221; da_is_singular=&#8221;off&#8221; da_with_loader=&#8221;off&#8221; da_has_shadow=&#8221;on&#8221;][et_pb_row _builder_version=&#8221;4.23.4&#8243; _module_preset=&#8221;default&#8221; custom_margin=&#8221;||0px||false|false&#8221; custom_padding=&#8221;||0px||false|false&#8221; global_colors_info=&#8221;{}&#8221;][et_pb_column type=&#8221;4_4&#8243; _builder_version=&#8221;4.23.4&#8243; _module_preset=&#8221;default&#8221; global_colors_info=&#8221;{}&#8221;][\/et_pb_column][\/et_pb_row][et_pb_row _builder_version=&#8221;4.27.4&#8243; _module_preset=&#8221;default&#8221; custom_margin=&#8221;30px||||false|false&#8221; custom_padding=&#8221;0px||||false|false&#8221; global_colors_info=&#8221;{}&#8221;][et_pb_column type=&#8221;4_4&#8243; _builder_version=&#8221;4.23.4&#8243; _module_preset=&#8221;default&#8221; global_colors_info=&#8221;{}&#8221;][et_pb_text _builder_version=&#8221;4.27.4&#8243; _module_preset=&#8221;default&#8221; custom_padding=&#8221;||2px|||&#8221; global_colors_info=&#8221;{}&#8221;]<\/p>\n<h1><span style=\"font-size: 14px; color: #666666; font-family: 'Noto Sans', Helvetica, Arial, Lucida, sans-serif;\">To mark International Day of Women and Girls in Science (February 11), the<\/span><span style=\"font-size: 14px; color: #666666; font-family: 'Noto Sans', Helvetica, Arial, Lucida, sans-serif;\"> Centro de Biolog\u00eda Molecular Severo Ochoa is once again joining in the celebrations with an extensive program of educational activities. During the week of February 9-13, 2026, CBM research staff will participate in workshops, talks, scientific demonstrations, and meetings with students of different educational levels, both in schools and in public spaces, as well as online. These initiatives aim to bring science closer to young people, awaken scientific vocations, and highlight the fundamental role of women in research. Below is a list of all the activities organized by or involving the CBM around February 11.<\/span><\/h1>\n<p>[\/et_pb_text][et_pb_image src=&#8221;https:\/\/www.cbm.uam.es\/wp-content\/uploads\/2026\/02\/2026BannerLOGOS.png&#8221; title_text=&#8221;2026BannerLOGOS&#8221; _builder_version=&#8221;4.27.5&#8243; _module_preset=&#8221;default&#8221; global_colors_info=&#8221;{}&#8221;][\/et_pb_image][et_pb_text _builder_version=&#8221;4.27.5&#8243; _module_preset=&#8221;default&#8221; custom_padding=&#8221;||2px|||&#8221; global_colors_info=&#8221;{}&#8221;]<\/p>\n<p><strong>Workshops for children at Arc\u00e1ngel International School \u2013 \u201cWho lives in Luna&#8217;s tummy?\u201d<\/strong><\/p>\n<p>On Monday, February 9, from 9:00 a.m. to 1:00 p.m., the Severo Ochoa Molecular Biology Center is organizing an educational workshop for preschoolers at Arc\u00e1ngel International School in Madrid. Through practical and dynamic activities, the children will discover the world of microorganisms and the importance of microbiota in a fun way. The activity will feature the participation of Mar\u00eda Jos\u00e9 Mart\u00edn Pereira (CBM), along with the school&#8217;s teachers and students.<\/p>\n<p>&nbsp;<\/p>\n<p><strong>Scientific talks for children at CEIP Concepci\u00f3n Arenal in Legan\u00e9s \u2013 \u201cA researcher at school\u201d<\/strong><\/p>\n<p>Also on Monday, February 9, between 9:00 a.m. and 1:00 p.m., the CBM will bring science to CEIP Concepci\u00f3n Arenal in Legan\u00e9s. Through informative talks aimed at students in grades 3 to 6, the work of female researchers will be brought into the classroom with the aim of awakening scientific curiosity and showcasing female role models in science. This activity is organized by the Severo Ochoa Molecular Biology Center in collaboration with the school.<\/p>\n<p>&nbsp;<\/p>\n<p><strong>Webinar from the Women and Science Series at the CBM \u2013 \u201cCuriosity as a Compass: a scientific journey guided by mitochondria\u201d<\/strong><\/p>\n<p>On Tuesday, February 10, at 12:00 p.m., an online seminar will take place as part of the CBM&#8217;s Women and Science Series. This session, given by researcher Sara Cogliati, will address the role of mitochondria as a focus of biomedical research. The webinar, presented by Mar\u00eda Jos\u00e9 Mart\u00edn Pereira, is aimed at educational centers and the general public, and can be followed live via the link available on the CBM website.<\/p>\n<p><img decoding=\"async\" src=\"https:\/\/www.cbm.uam.es\/wp-content\/uploads\/2026\/01\/11F-charla-2026.png\" width=\"464\" height=\"261\" alt=\"\" class=\"wp-image-293579 alignnone size-full\" style=\"display: block; margin-left: auto; margin-right: auto;\" srcset=\"https:\/\/www.cbm.uam.es\/wp-content\/uploads\/2026\/01\/11F-charla-2026-1280x720.png 1280w, https:\/\/www.cbm.uam.es\/wp-content\/uploads\/2026\/01\/11F-charla-2026-980x551.png 980w, https:\/\/www.cbm.uam.es\/wp-content\/uploads\/2026\/01\/11F-charla-2026-480x270.png 480w\" sizes=\"(min-width: 0px) and (max-width: 480px) 480px, (min-width: 481px) and (max-width: 980px) 980px, (min-width: 981px) and (max-width: 1280px) 1280px, 100vw\" \/><\/p>\n<p>&nbsp;<\/p>\n<p><strong>Scientific demonstrations at Espacio Fundaci\u00f3n Telef\u00f3nica \u2013 \u201cEllas Formulan el Futuro\u201d (Women Shape the Future)<\/strong><\/p>\n<p>On Wednesday, February 11, from 10:30 a.m. to 1:15 p.m., the CBM will participate in the conference \u201cEllas Formulan el Futuro,\u201d organized by the CSIC Network of Centers on the Cantoblanco campus. This event, aimed at 220 secondary school students, will feature six live practical demonstrations, including one by CBM staff entitled \u201cVisualization of tissue tension in a bright field microscope.\u201d Basic microscopy and cell observation techniques will be demonstrated using a microscope connected to a screen. Researchers Mar\u00eda Santos Galindo, Victoria Fernandez Perez, Mar\u00eda Jos\u00e9 Mart\u00edn Pereira, and Mar\u00eda Jos\u00e9 Rodr\u00edguez G\u00f3mez will participate on behalf of the CBM.<\/p>\n<p>All the info <a href=\"https:\/\/www.icmm.csic.es\/en\/actividad-11f-ellas-formulan-el-futuro\" target=\"_blank\" rel=\"noopener\">here<\/a> and <a href=\"https:\/\/espacio.fundaciontelefonica.com\/evento\/ellas-formulan-el-futuro\/\" target=\"_blank\" rel=\"noopener\">here<\/a>.<\/p>\n<p><img decoding=\"async\" src=\"https:\/\/www.cbm.uam.es\/wp-content\/uploads\/2026\/02\/Horizontal_datos.png\" width=\"607\" height=\"341\" alt=\"\" class=\"wp-image-293768 alignnone size-full\" style=\"display: block; margin-left: auto; margin-right: auto;\" \/><\/p>\n<p>&nbsp;<\/p>\n<p><strong>Science workshops for children at Aguirre Schools \u2013 \u201cScience at School\u201d<\/strong><\/p>\n<p>On Thursday, February 12, from 9:00 a.m. to 1:00 p.m., the CBM will collaborate with the Apadrina la Ciencia association in a day of science workshops aimed at students of all levels at the Aguirre Schools in Madrid. The center will participate with the workshop \u201cThe Cell is a Universe,\u201d a hands-on activity aimed at explaining in a relatable way how cells work and the basic principles of biology. Mar\u00eda Jos\u00e9 Rodr\u00edguez G\u00f3mez and Mar\u00eda Jos\u00e9 Mart\u00edn Pereira will take part in the activity, along with volunteers from the association.<\/p>\n<p>&nbsp;<\/p>\n<p><strong>Experiments and scientific talks at IES Blas de Otero \u2013 \u201cInvestigating Together\u201d<\/strong><\/p>\n<p>On Friday, February 13, from 9:00 a.m. to 2:00 p.m., IES Blas de Otero in Madrid will host a day of workshops and scientific talks organized by the CBM for secondary school and high school students. Under the title \u201cInvestigating Together,\u201d students will have the opportunity to participate in experimental activities and learn firsthand how a research laboratory works. The activity will feature the participation of Mar\u00eda Jos\u00e9 Rodr\u00edguez G\u00f3mez and the school&#8217;s teaching staff.<\/p>\n<p>&nbsp;<\/p>\n<p><strong>Scientific activity for young people at IES Pedro Salinas \u2013 \u201cScience at School\u201d<\/strong><\/p>\n<p>On Wednesday, February 11, from 9:00 a.m. to 2:00 p.m., the CBM will hold an educational activity at IES Pedro Salinas in Madrid aimed at students at the school. Through workshops and talks, it will show how scientific work is carried out and the importance of research in society. The activity will feature the participation of researcher Bruna Fernanda Silva de Sousa and is jointly organized by IES Pedro Salinas and the CBM.<\/p>\n<p>&nbsp;<\/p>\n<p><strong>Talks at the Liceo Italiano in Madrid <\/strong><strong>organised by the Italian Embassy in Spain<\/strong><\/p>\n<p>On Wednesday, February 11, CBM Director Paola Bovolenta will participate as a speaker in an series of talks organized by the Italian Embassy in Spain and the Liceo Italiano, to mark the International Day of Women and Girls in Science. This event seeks to highlight the careers of women researchers amongst young girls and boys.<\/p>\n<p><img decoding=\"async\" src=\"https:\/\/www.cbm.uam.es\/wp-content\/uploads\/2026\/02\/Poster-ciencia-mas-mujeres-en-STEAM-Ilustrativo-colorido_MAD.jpg\" width=\"686\" height=\"970\" alt=\"\" class=\"wp-image-293781 alignnone size-full\" style=\"display: block; margin-left: auto; margin-right: auto;\" \/><\/p>\n<p>&nbsp;<\/p>\n<p><strong>Scientific talk at the IES Ana Frank<\/strong><\/p>\n<p>To mark 11F, on February 20, researcher Esther Serrano-Saiz will give an informative talk aimed at secondary school and sixth form students at the IES Ana Frank. The aim of this activity is to bring scientific research closer to the educational environment and to highlight the role of women scientists as professional role models.<\/p>\n<p>&nbsp;<\/p>\n<p><strong>Science workshop for secondary school students at the CBM in collaboration with STEM Talent Girl<\/strong><\/p>\n<p>As part of the activities for February 11, the CBM will host a practical workshop for secondary school students, organized in collaboration with the STEM Talent Girl program. The activity will be led by CBM researchers Celia Garc\u00eda and Eva Richard, who will introduce participants to laboratory work and research in molecular biology. The aim of this workshop is to encourage young women to pursue scientific careers and reinforce their interest in STEM disciplines through a direct and motivating experience.<\/p>\n<p>&nbsp;<\/p>\n<p><strong>Group photo of female researchers at the CBM on February 11<\/strong><\/p>\n<p>On the morning of Wednesday, February 11, a group photo of the women working at the CBM will be taken. This initiative, now a tradition on International Day of Women and Girls in Science, seeks to highlight the fundamental role of female researchers, technicians, and professionals at the CBM and symbolically showcase the diversity and talent of women at the institution.<\/p>\n<p>[\/et_pb_text][\/et_pb_column][\/et_pb_row][\/et_pb_section]<\/p>\n","protected":false},"excerpt":{"rendered":"<p>Science and societyTo mark International Day of Women and Girls in Science (February 11), the Centro de Biolog\u00eda Molecular Severo Ochoa is once again joining in the celebrations with an [&hellip;]<\/p>\n","protected":false},"author":3,"featured_media":0,"parent":278155,"menu_order":0,"comment_status":"closed","ping_status":"closed","template":"","meta":{"_et_pb_use_builder":"on","_et_pb_old_content":"","_et_gb_content_width":"","footnotes":""},"class_list":["post-293751","page","type-page","status-publish","hentry"],"yoast_head":"<!-- This site is optimized with the Yoast SEO plugin v27.3 - https:\/\/yoast.com\/product\/yoast-seo-wordpress\/ -->\n<title>Actividades 11F D\u00eda de la Mujer y la Ni\u00f1a en la Ciencia 2026 - Centro de Biolog\u00eda Molecular Severo Ochoa<\/title>\n<meta name=\"robots\" content=\"index, follow, max-snippet:-1, max-image-preview:large, max-video-preview:-1\" \/>\n<link rel=\"canonical\" href=\"https:\/\/www.cbm.uam.es\/index.php\/science-and-society\/actividades-11f-2026\/\" \/>\n<meta property=\"og:locale\" content=\"en_US\" \/>\n<meta property=\"og:type\" content=\"article\" \/>\n<meta property=\"og:title\" content=\"Actividades 11F D\u00eda de la Mujer y la Ni\u00f1a en la Ciencia 2026 - Centro de Biolog\u00eda Molecular Severo Ochoa\" \/>\n<meta property=\"og:description\" content=\"Science and societyTo mark International Day of Women and Girls in Science (February 11), the Centro de Biolog\u00eda Molecular Severo Ochoa is once again joining in the celebrations with an [&hellip;]\" \/>\n<meta property=\"og:url\" content=\"https:\/\/www.cbm.uam.es\/index.php\/science-and-society\/actividades-11f-2026\/\" \/>\n<meta property=\"og:site_name\" content=\"Centro de Biolog\u00eda Molecular Severo Ochoa\" \/>\n<meta property=\"article:modified_time\" content=\"2026-02-09T12:30:05+00:00\" \/>\n<meta property=\"og:image\" content=\"https:\/\/www.cbm.uam.es\/wp-content\/uploads\/2026\/01\/11F-charla-2026.png\" \/>\n<meta name=\"twitter:card\" content=\"summary_large_image\" \/>\n<meta name=\"twitter:label1\" content=\"Est. reading time\" \/>\n\t<meta name=\"twitter:data1\" content=\"4 minutes\" \/>\n<script type=\"application\/ld+json\" class=\"yoast-schema-graph\">{\"@context\":\"https:\\\/\\\/schema.org\",\"@graph\":[{\"@type\":\"WebPage\",\"@id\":\"https:\\\/\\\/www.cbm.uam.es\\\/index.php\\\/science-and-society\\\/actividades-11f-2026\\\/\",\"url\":\"https:\\\/\\\/www.cbm.uam.es\\\/index.php\\\/science-and-society\\\/actividades-11f-2026\\\/\",\"name\":\"Actividades 11F D\u00eda de la Mujer y la Ni\u00f1a en la Ciencia 2026 - Centro de Biolog\u00eda Molecular Severo Ochoa\",\"isPartOf\":{\"@id\":\"https:\\\/\\\/www.cbm.uam.es\\\/?lang=es\\\/#website\"},\"primaryImageOfPage\":{\"@id\":\"https:\\\/\\\/www.cbm.uam.es\\\/index.php\\\/science-and-society\\\/actividades-11f-2026\\\/#primaryimage\"},\"image\":{\"@id\":\"https:\\\/\\\/www.cbm.uam.es\\\/index.php\\\/science-and-society\\\/actividades-11f-2026\\\/#primaryimage\"},\"thumbnailUrl\":\"https:\\\/\\\/www.cbm.uam.es\\\/wp-content\\\/uploads\\\/2026\\\/01\\\/11F-charla-2026.png\",\"datePublished\":\"2026-02-04T16:18:55+00:00\",\"dateModified\":\"2026-02-09T12:30:05+00:00\",\"breadcrumb\":{\"@id\":\"https:\\\/\\\/www.cbm.uam.es\\\/index.php\\\/science-and-society\\\/actividades-11f-2026\\\/#breadcrumb\"},\"inLanguage\":\"en-US\",\"potentialAction\":[{\"@type\":\"ReadAction\",\"target\":[\"https:\\\/\\\/www.cbm.uam.es\\\/index.php\\\/science-and-society\\\/actividades-11f-2026\\\/\"]}]},{\"@type\":\"ImageObject\",\"inLanguage\":\"en-US\",\"@id\":\"https:\\\/\\\/www.cbm.uam.es\\\/index.php\\\/science-and-society\\\/actividades-11f-2026\\\/#primaryimage\",\"url\":\"https:\\\/\\\/www.cbm.uam.es\\\/wp-content\\\/uploads\\\/2026\\\/01\\\/11F-charla-2026.png\",\"contentUrl\":\"https:\\\/\\\/www.cbm.uam.es\\\/wp-content\\\/uploads\\\/2026\\\/01\\\/11F-charla-2026.png\",\"width\":1920,\"height\":1080},{\"@type\":\"BreadcrumbList\",\"@id\":\"https:\\\/\\\/www.cbm.uam.es\\\/index.php\\\/science-and-society\\\/actividades-11f-2026\\\/#breadcrumb\",\"itemListElement\":[{\"@type\":\"ListItem\",\"position\":1,\"name\":\"Portada\",\"item\":\"https:\\\/\\\/www.cbm.uam.es\\\/\"},{\"@type\":\"ListItem\",\"position\":2,\"name\":\"Science and society\",\"item\":\"https:\\\/\\\/www.cbm.uam.es\\\/index.php\\\/science-and-society\\\/\"},{\"@type\":\"ListItem\",\"position\":3,\"name\":\"Actividades 11F D\u00eda de la Mujer y la Ni\u00f1a en la Ciencia 2026\"}]},{\"@type\":\"WebSite\",\"@id\":\"https:\\\/\\\/www.cbm.uam.es\\\/?lang=es\\\/#website\",\"url\":\"https:\\\/\\\/www.cbm.uam.es\\\/?lang=es\\\/\",\"name\":\"Centro de Biolog\u00eda Molecular Severo Ochoa\",\"description\":\"Official website of the CBM, CSIC - UAM. Biomedical research centre.\",\"publisher\":{\"@id\":\"https:\\\/\\\/www.cbm.uam.es\\\/?lang=es\\\/#organization\"},\"potentialAction\":[{\"@type\":\"SearchAction\",\"target\":{\"@type\":\"EntryPoint\",\"urlTemplate\":\"https:\\\/\\\/www.cbm.uam.es\\\/?lang=es\\\/?s={search_term_string}\"},\"query-input\":{\"@type\":\"PropertyValueSpecification\",\"valueRequired\":true,\"valueName\":\"search_term_string\"}}],\"inLanguage\":\"en-US\"},{\"@type\":\"Organization\",\"@id\":\"https:\\\/\\\/www.cbm.uam.es\\\/?lang=es\\\/#organization\",\"name\":\"Centro de Biolog\u00eda Molecular Severo Ochoa\",\"url\":\"https:\\\/\\\/www.cbm.uam.es\\\/?lang=es\\\/\",\"logo\":{\"@type\":\"ImageObject\",\"inLanguage\":\"en-US\",\"@id\":\"https:\\\/\\\/www.cbm.uam.es\\\/?lang=es\\\/#\\\/schema\\\/logo\\\/image\\\/\",\"url\":\"https:\\\/\\\/www.cbm.uam.es\\\/wp-content\\\/uploads\\\/2024\\\/11\\\/Logo-CBM-color-fondo-transparente.png\",\"contentUrl\":\"https:\\\/\\\/www.cbm.uam.es\\\/wp-content\\\/uploads\\\/2024\\\/11\\\/Logo-CBM-color-fondo-transparente.png\",\"width\":800,\"height\":342,\"caption\":\"Centro de Biolog\u00eda Molecular Severo Ochoa\"},\"image\":{\"@id\":\"https:\\\/\\\/www.cbm.uam.es\\\/?lang=es\\\/#\\\/schema\\\/logo\\\/image\\\/\"}}]}<\/script>\n<!-- \/ Yoast SEO plugin. -->","yoast_head_json":{"title":"Actividades 11F D\u00eda de la Mujer y la Ni\u00f1a en la Ciencia 2026 - Centro de Biolog\u00eda Molecular Severo Ochoa","robots":{"index":"index","follow":"follow","max-snippet":"max-snippet:-1","max-image-preview":"max-image-preview:large","max-video-preview":"max-video-preview:-1"},"canonical":"https:\/\/www.cbm.uam.es\/index.php\/science-and-society\/actividades-11f-2026\/","og_locale":"en_US","og_type":"article","og_title":"Actividades 11F D\u00eda de la Mujer y la Ni\u00f1a en la Ciencia 2026 - Centro de Biolog\u00eda Molecular Severo Ochoa","og_description":"Science and societyTo mark International Day of Women and Girls in Science (February 11), the Centro de Biolog\u00eda Molecular Severo Ochoa is once again joining in the celebrations with an [&hellip;]","og_url":"https:\/\/www.cbm.uam.es\/index.php\/science-and-society\/actividades-11f-2026\/","og_site_name":"Centro de Biolog\u00eda Molecular Severo Ochoa","article_modified_time":"2026-02-09T12:30:05+00:00","og_image":[{"url":"https:\/\/www.cbm.uam.es\/wp-content\/uploads\/2026\/01\/11F-charla-2026.png","type":"","width":"","height":""}],"twitter_card":"summary_large_image","twitter_misc":{"Est. reading time":"4 minutes"},"schema":{"@context":"https:\/\/schema.org","@graph":[{"@type":"WebPage","@id":"https:\/\/www.cbm.uam.es\/index.php\/science-and-society\/actividades-11f-2026\/","url":"https:\/\/www.cbm.uam.es\/index.php\/science-and-society\/actividades-11f-2026\/","name":"Actividades 11F D\u00eda de la Mujer y la Ni\u00f1a en la Ciencia 2026 - Centro de Biolog\u00eda Molecular Severo Ochoa","isPartOf":{"@id":"https:\/\/www.cbm.uam.es\/?lang=es\/#website"},"primaryImageOfPage":{"@id":"https:\/\/www.cbm.uam.es\/index.php\/science-and-society\/actividades-11f-2026\/#primaryimage"},"image":{"@id":"https:\/\/www.cbm.uam.es\/index.php\/science-and-society\/actividades-11f-2026\/#primaryimage"},"thumbnailUrl":"https:\/\/www.cbm.uam.es\/wp-content\/uploads\/2026\/01\/11F-charla-2026.png","datePublished":"2026-02-04T16:18:55+00:00","dateModified":"2026-02-09T12:30:05+00:00","breadcrumb":{"@id":"https:\/\/www.cbm.uam.es\/index.php\/science-and-society\/actividades-11f-2026\/#breadcrumb"},"inLanguage":"en-US","potentialAction":[{"@type":"ReadAction","target":["https:\/\/www.cbm.uam.es\/index.php\/science-and-society\/actividades-11f-2026\/"]}]},{"@type":"ImageObject","inLanguage":"en-US","@id":"https:\/\/www.cbm.uam.es\/index.php\/science-and-society\/actividades-11f-2026\/#primaryimage","url":"https:\/\/www.cbm.uam.es\/wp-content\/uploads\/2026\/01\/11F-charla-2026.png","contentUrl":"https:\/\/www.cbm.uam.es\/wp-content\/uploads\/2026\/01\/11F-charla-2026.png","width":1920,"height":1080},{"@type":"BreadcrumbList","@id":"https:\/\/www.cbm.uam.es\/index.php\/science-and-society\/actividades-11f-2026\/#breadcrumb","itemListElement":[{"@type":"ListItem","position":1,"name":"Portada","item":"https:\/\/www.cbm.uam.es\/"},{"@type":"ListItem","position":2,"name":"Science and society","item":"https:\/\/www.cbm.uam.es\/index.php\/science-and-society\/"},{"@type":"ListItem","position":3,"name":"Actividades 11F D\u00eda de la Mujer y la Ni\u00f1a en la Ciencia 2026"}]},{"@type":"WebSite","@id":"https:\/\/www.cbm.uam.es\/?lang=es\/#website","url":"https:\/\/www.cbm.uam.es\/?lang=es\/","name":"Centro de Biolog\u00eda Molecular Severo Ochoa","description":"Official website of the CBM, CSIC - UAM. Biomedical research centre.","publisher":{"@id":"https:\/\/www.cbm.uam.es\/?lang=es\/#organization"},"potentialAction":[{"@type":"SearchAction","target":{"@type":"EntryPoint","urlTemplate":"https:\/\/www.cbm.uam.es\/?lang=es\/?s={search_term_string}"},"query-input":{"@type":"PropertyValueSpecification","valueRequired":true,"valueName":"search_term_string"}}],"inLanguage":"en-US"},{"@type":"Organization","@id":"https:\/\/www.cbm.uam.es\/?lang=es\/#organization","name":"Centro de Biolog\u00eda Molecular Severo Ochoa","url":"https:\/\/www.cbm.uam.es\/?lang=es\/","logo":{"@type":"ImageObject","inLanguage":"en-US","@id":"https:\/\/www.cbm.uam.es\/?lang=es\/#\/schema\/logo\/image\/","url":"https:\/\/www.cbm.uam.es\/wp-content\/uploads\/2024\/11\/Logo-CBM-color-fondo-transparente.png","contentUrl":"https:\/\/www.cbm.uam.es\/wp-content\/uploads\/2024\/11\/Logo-CBM-color-fondo-transparente.png","width":800,"height":342,"caption":"Centro de Biolog\u00eda Molecular Severo Ochoa"},"image":{"@id":"https:\/\/www.cbm.uam.es\/?lang=es\/#\/schema\/logo\/image\/"}}]}},"_links":{"self":[{"href":"https:\/\/www.cbm.uam.es\/index.php\/wp-json\/wp\/v2\/pages\/293751","targetHints":{"allow":["GET"]}}],"collection":[{"href":"https:\/\/www.cbm.uam.es\/index.php\/wp-json\/wp\/v2\/pages"}],"about":[{"href":"https:\/\/www.cbm.uam.es\/index.php\/wp-json\/wp\/v2\/types\/page"}],"author":[{"embeddable":true,"href":"https:\/\/www.cbm.uam.es\/index.php\/wp-json\/wp\/v2\/users\/3"}],"replies":[{"embeddable":true,"href":"https:\/\/www.cbm.uam.es\/index.php\/wp-json\/wp\/v2\/comments?post=293751"}],"version-history":[{"count":8,"href":"https:\/\/www.cbm.uam.es\/index.php\/wp-json\/wp\/v2\/pages\/293751\/revisions"}],"predecessor-version":[{"id":293841,"href":"https:\/\/www.cbm.uam.es\/index.php\/wp-json\/wp\/v2\/pages\/293751\/revisions\/293841"}],"up":[{"embeddable":true,"href":"https:\/\/www.cbm.uam.es\/index.php\/wp-json\/wp\/v2\/pages\/278155"}],"wp:attachment":[{"href":"https:\/\/www.cbm.uam.es\/index.php\/wp-json\/wp\/v2\/media?parent=293751"}],"curies":[{"name":"wp","href":"https:\/\/api.w.org\/{rel}","templated":true}]}}